{"id":2277,"date":"2025-06-11T13:27:52","date_gmt":"2025-06-11T11:27:52","guid":{"rendered":"https:\/\/conlumina.com\/?page_id=2277"},"modified":"2025-06-11T14:58:44","modified_gmt":"2025-06-11T12:58:44","slug":"nachhaltige-webagentur","status":"publish","type":"page","link":"https:\/\/conlumina.com\/de\/sustainable-web-agency\/","title":{"rendered":"Nachhaltige Webagentur"},"content":{"rendered":"<h2 id=\"performance-driven-digital-experiences-with-purpose\">Leistungsgesteuerte digitale Erlebnisse mit Zweck<\/h2>\n<p>Conlumina ist ein preisgekr\u00f6ntes <strong>nachhaltige Webagentur<\/strong> Wir unterst\u00fctzen ambitionierte Marken mit leistungsstarken Websites, die schnell, zug\u00e4nglich und langlebig sind. Spezialisiert auf WordPress-Entwicklung, technische SEO und kohlenstoffarmes Design, helfen wir zielgerichteten Unternehmen, online zu florieren und gleichzeitig ihre Umweltbelastung zu reduzieren.<\/p>\n<p>Unsere Arbeit ist gepr\u00e4gt von Pr\u00e4zision, Transparenz und langfristigem Denken und stellt ein Gleichgewicht zwischen Benutzerfreundlichkeit, \u00c4sthetik und technischer Exzellenz her. Von ma\u00dfgeschneiderten Websites bis hin zu digitalen Strategien - Conlumina kombiniert fundiertes technisches Fachwissen mit einer menschlichen Herangehensweise, macht komplexe Herausforderungen einfach und liefert echte, messbare Ergebnisse.<\/p>\n<h2 id=\"what-makes-us-a-sustainable-web-design-agency\">Was macht uns zu einer nachhaltigen Web Design Agentur?<\/h2>\n<p>Nachhaltigkeit in der digitalen Welt bedeutet mehr als nur gr\u00fcnes Hosting - es geht um die Gestaltung und Entwicklung von Websites, die <strong>leicht, energieeffizient und benutzerorientiert<\/strong>.<\/p>\n<p>Wir von Conlumina:<\/p>\n<ul>\n<li>\n<p><strong>Optimierung der Leistung und Verringerung der CO2-Bilanz<\/strong> durch die Erstellung sauberer, schnell ladender Websites<\/p>\n<\/li>\n<li>\n<p>Verwenden Sie <strong>umweltbewusste Entwicklungspraktiken<\/strong>Minimierung von Ballast und unn\u00f6tigen Skripten von Drittanbietern<\/p>\n<\/li>\n<li>\n<p>Gastgeber mit <strong>gr\u00fcne Hosting-Anbieter<\/strong> Engagement f\u00fcr erneuerbare Energien<\/p>\n<\/li>\n<li>\n<p>Sicherstellen, dass die Websites <strong>zug\u00e4nglich f\u00fcr alle Benutzer<\/strong>Verbesserung der digitalen Integration<\/p>\n<\/li>\n<li>\n<p>Entwurf f\u00fcr <strong>Langlebigkeit<\/strong>damit Ihre Website nicht st\u00e4ndig neu aufgebaut oder umst\u00e4ndlich umgestaltet werden muss<\/p>\n<\/li>\n<\/ul>\n<p>Wir reden nicht nur \u00fcber digitale Nachhaltigkeit - wir <strong>sie in jede Codezeile einbauen<\/strong>.<\/p>\n<h2 id=\"our-services\">Unsere Dienstleistungen<\/h2>\n<p>Als Full-Service-Dienstleister <strong>gr\u00fcne Web-Design-Agentur<\/strong>bieten wir an:<\/p>\n<h3 id=\"sustainable-web-design-development\">Nachhaltiges Web-Design und Entwicklung<\/h3>\n<p>Individuelle, kohlenstoffarme WordPress-Websites, die auf die Identit\u00e4t und die Leistungsziele Ihrer Marke zugeschnitten sind.<\/p>\n<h3 id=\"technical-seo-sustainable-site-architecture\">Technische SEO &amp; nachhaltige Website-Architektur<\/h3>\n<p>Schnell, auffindbar und wachstumsorientiert strukturiert - unsere SEO-Strategien basieren auf sauberem Code und einer erstklassigen Struktur.<\/p>\n<h3 id=\"web-accessibility-inclusive-design\">Barrierefreiheit und inklusives Design im Internet<\/h3>\n<p>Wir erstellen barrierefreie Websites, die den WCAG-Standards entsprechen, damit jeder Besucher ein nahtloses Erlebnis hat.<\/p>\n<h3 id=\"privacy-first-ethical-digital-marketing\">Ethisches digitales Marketing, das den Datenschutz in den Vordergrund stellt<\/h3>\n<p>Bauen Sie Ihre Marke mit zustimmungsbasierten, transparenten Strategien aus, die die Privatsph\u00e4re der Nutzer respektieren und mit Ihren Werten \u00fcbereinstimmen.<\/p>\n<h3 id=\"eco-friendly-website-audits\">Umweltvertr\u00e4gliche Website-Audits<\/h3>\n<p>Sie haben bereits eine Website? Wir bewerten ihre Umweltauswirkungen und geben Ihnen einen Fahrplan zur Verbesserung von Leistung und Nachhaltigkeit.<\/p>\n<style>.icon-list {display: flex; align-items: center; gap: var(--size-2)} .icon-list h3 {margin:0} .icon-list img {width:48px; height:48px}\n.icon-block {\n  display: flex;\n  flex-direction: column;\n  gap: var(--size-2);\n  margin: var(--spacing-md) 0;\n  border-radius: var(--radius-lg);\n  padding: var(--spacing-md);\nbackground: var(--color-background);\n}\n.icon-block p { margin:0 }\n.icon-block_header {\n  display: flex;\n  align-items: center;\n  gap: var(--size-2);\n}\n.icon-block_icon {\n  width: 48px;\n  height: 48px;\n  flex-shrink: 0;\n}\n.icon-block_title {\n  margin: 0;\n  font-weight: bold;\n}\n<\/style>\n<h2 id=\"who-we-work-with\">Mit wem wir arbeiten<\/strong><\/h2>\n<div class=\"icon-block\">\n<div class=\"icon-block_header\">\n    <img loading=\"lazy\" decoding=\"async\" class=\"icon-block_icon\" src=\"https:\/\/conlumina.com\/wp-content\/uploads\/2025\/06\/recycle-sign-icon.svg\" alt=\"Nachhaltige Webagentur\" width=\"48\" height=\"48\" \/><\/p>\n<h3 class=\"icon-block_title title -sm\" id=\"sustainable-brands\">Nachhaltige Marken<\/h3>\n<\/p><\/div>\n<p>  auf der Suche nach einer Agentur, die mit ihren Werten \u00fcbereinstimmt\n<\/p><\/div>\n<div class=\"icon-block\">\n<div class=\"icon-block_header\">\n    <img loading=\"lazy\" decoding=\"async\" class=\"icon-block_icon\" src=\"https:\/\/conlumina.com\/wp-content\/uploads\/2025\/06\/increase-graph-icon.svg\" alt=\"Nachhaltige Webagentur\" width=\"48\" height=\"48\" \/><\/p>\n<h3 class=\"icon-block_title title -sm\" id=\"growing-businesses\">Wachsende Unternehmen<\/h3>\n<\/p><\/div>\n<p>  die ihre digitale Pr\u00e4senz zukunftssicher machen wollen\n<\/p><\/div>\n<div class=\"icon-block\">\n<div class=\"icon-block_header\">\n    <img loading=\"lazy\" decoding=\"async\" class=\"icon-block_icon\" src=\"https:\/\/conlumina.com\/wp-content\/uploads\/2025\/06\/rocket-launch-icon.svg\" alt=\"Nachhaltige Webagentur\" width=\"48\" height=\"48\" \/><\/p>\n<h3 class=\"icon-block_title title -sm\" id=\"startups-and-ngos\">Startups und NGOs<\/h3>\n<\/p><\/div>\n<p>  mit einem Auftrag und einer Botschaft, die mit begrenzten Mitteln etwas bewirken wollen\n<\/p><\/div>\n<div class=\"icon-block\">\n<div class=\"icon-block_header\">\n    <img loading=\"lazy\" decoding=\"async\" class=\"icon-block_icon\" src=\"https:\/\/conlumina.com\/wp-content\/uploads\/2025\/06\/web-design-brush-icon.svg\" alt=\"Nachhaltige Webagentur\" width=\"48\" height=\"48\" \/><\/p>\n<h3 class=\"icon-block_title title -sm\" id=\"design-and-branding-agencies\">Design- und Branding-Agenturen<\/h3>\n<\/p><\/div>\n<p>  auf der Suche nach einem technischen Partner, der sein Engagement f\u00fcr Qualit\u00e4t und Ethik teilt\n<\/p><\/div>\n<h2 id=\"why-choose-conlumina\">Warum Conlumina w\u00e4hlen?<\/strong><\/h2>\n<div class=\"icon-block\">\n<div class=\"icon-block_header\">\n    <img loading=\"lazy\" decoding=\"async\" class=\"icon-block_icon\" src=\"https:\/\/conlumina.com\/wp-content\/uploads\/2025\/06\/save-plant-icon.svg\" alt=\"Pflanzensymbol f\u00fcr Nachhaltigkeit\" width=\"48\" height=\"48\" \/><\/p>\n<h3 class=\"icon-block_title title -sm\" id=\"ethical-by-design\">Ethisch durchdacht<\/h3>\n<\/p><\/div>\n<p>  Wir glauben, dass gro\u00dfartige digitale Erlebnisse nicht auf Kosten des Planeten gehen sollten.\n<\/p><\/div>\n<div class=\"icon-block\">\n<div class=\"icon-block_header\">\n    <img loading=\"lazy\" decoding=\"async\" class=\"icon-block_icon\" src=\"https:\/\/conlumina.com\/wp-content\/uploads\/2025\/06\/thunder-icon.svg\" alt=\"Donnersymbol f\u00fcr hohe Leistung\" width=\"48\" height=\"48\" \/><\/p>\n<h3 class=\"icon-block_title title -sm\" id=\"speed-meets-sustainability\">Geschwindigkeit trifft auf Nachhaltigkeit<\/h3>\n<\/p><\/div>\n<p>  Leistung ist keine Option - unsere Websites sind so konzipiert, dass sie sowohl rasend schnell als auch energieeffizient sind.\n<\/p><\/div>\n<div class=\"icon-block\">\n<div class=\"icon-block_header\">\n    <img decoding=\"async\" class=\"icon-block_icon\" src=\"https:\/\/conlumina.com\/wp-content\/uploads\/2025\/06\/brain-line-icon.svg\" alt=\"Gehirn-Symbol f\u00fcr digitale Strategie\" \/><\/p>\n<h3 class=\"icon-block_title title -sm\" id=\"smart-strategy-lasting-results\">Kluge Strategie, dauerhafte Ergebnisse<\/h3>\n<\/p><\/div>\n<p>  Wir helfen Ihnen mit skalierbaren, zukunftssicheren L\u00f6sungen, digitale Verschwendung zu vermeiden.\n<\/p><\/div>\n<div class=\"icon-block\">\n<div class=\"icon-block_header\">\n    <img decoding=\"async\" class=\"icon-block_icon\" src=\"https:\/\/conlumina.com\/wp-content\/uploads\/2025\/06\/boy-girl-icon.svg\" alt=\"Jungen- und M\u00e4dchen-Ikone, die den Menschen in den Mittelpunkt stellen\" \/><\/p>\n<h3 class=\"icon-block_title title -sm\" id=\"people-first\">Menschen zuerst<\/h3>\n<\/p><\/div>\n<p>  Von der Zusammenarbeit bis zur Barrierefreiheit stellen wir den Menschen in den Mittelpunkt eines jeden Projekts.\n<\/p><\/div>\n<h2 id=\"lets-build-a-better-web-together\">Bauen wir gemeinsam ein besseres Web<\/strong><\/h2>\n<p>Ganz gleich, ob Sie Ihre Website neu gestalten oder von Grund auf neu aufbauen m\u00f6chten, arbeiten Sie mit einer zukunftsorientierten, nachhaltigen Digitalagentur zusammen, die Ihre Werte versteht und \u00fcber die technischen F\u00e4higkeiten verf\u00fcgt, sie mit Leben zu f\u00fcllen. Lassen Sie uns gemeinsam etwas aufbauen, das sch\u00f6n, effektiv - und umweltfreundlich ist.<\/p>","protected":false},"excerpt":{"rendered":"<p>Schnell. Ethisch. Zukunftssicher.<\/p>","protected":false},"author":1,"featured_media":0,"parent":0,"menu_order":0,"comment_status":"closed","ping_status":"closed","template":"","meta":{"_seopress_robots_primary_cat":"","_seopress_titles_title":"Sustainable Web Agency | Low-Carbon WordPress Design by Conlumina","_seopress_titles_desc":"Conlumina is a sustainable web agency specialising in fast, accessible, and eco-friendly WordPress websites. Build a low-carbon, high-performance digital presence today.","_seopress_robots_index":"","footnotes":""},"categories":[],"class_list":["post-2277","page","type-page","status-publish","hentry"],"meta_box":{"ticker_image":[],"related_testimonial":"","section_group":[{"section_type":"cta"}]},"_links":{"self":[{"href":"https:\/\/conlumina.com\/de\/wp-json\/wp\/v2\/pages\/2277","targetHints":{"allow":["GET"]}}],"collection":[{"href":"https:\/\/conlumina.com\/de\/wp-json\/wp\/v2\/pages"}],"about":[{"href":"https:\/\/conlumina.com\/de\/wp-json\/wp\/v2\/types\/page"}],"author":[{"embeddable":true,"href":"https:\/\/conlumina.com\/de\/wp-json\/wp\/v2\/users\/1"}],"replies":[{"embeddable":true,"href":"https:\/\/conlumina.com\/de\/wp-json\/wp\/v2\/comments?post=2277"}],"version-history":[{"count":5,"href":"https:\/\/conlumina.com\/de\/wp-json\/wp\/v2\/pages\/2277\/revisions"}],"predecessor-version":[{"id":2330,"href":"https:\/\/conlumina.com\/de\/wp-json\/wp\/v2\/pages\/2277\/revisions\/2330"}],"wp:attachment":[{"href":"https:\/\/conlumina.com\/de\/wp-json\/wp\/v2\/media?parent=2277"}],"wp:term":[{"taxonomy":"category","embeddable":true,"href":"https:\/\/conlumina.com\/de\/wp-json\/wp\/v2\/categories?post=2277"}],"curies":[{"name":"wp","href":"https:\/\/api.w.org\/{rel}","templated":true}]}}