{"id":3,"date":"2021-04-30T15:57:46","date_gmt":"2021-04-30T15:57:46","guid":{"rendered":"http:\/\/conluminadigital64f71991f0d0a.cloud.bunnyroute.com\/?page_id=3"},"modified":"2022-12-06T18:36:22","modified_gmt":"2022-12-06T16:36:22","slug":"datenschutzbestimmungen","status":"publish","type":"page","link":"https:\/\/conlumina.com\/de\/privacy-policy\/","title":{"rendered":"Datenschutzbestimmungen"},"content":{"rendered":"<p>Conlumina (im Folgenden als \"Conlumina\", \"wir\", \"unser\" und \"uns\" bezeichnet) nimmt Datenschutz und Integrit\u00e4t ernst. Wir verarbeiten personenbezogene Daten, die sich auf eine identifizierte oder identifizierbare nat\u00fcrliche Person beziehen, nur in \u00dcbereinstimmung mit den geltenden Datenschutzgesetzen und dieser Datenschutzerkl\u00e4rung.<\/p>\n<div class='c-tableOfContents'><span class='toc-headline title -sm'>Inhaltsverzeichnis<\/span><ul><li><a href='#purpose-of-this-policy'>Zweck dieser Politik<\/a><\/li><li><a href='#data-controller'>Datenkontrolleur<\/a><\/li><li><a href='#where-your-personal-data-comes-from'>Woher Ihre personenbezogenen Daten stammen<\/a><\/li><li><a href='#processing-reliability-and-security'>Verarbeitungszuverl\u00e4ssigkeit und Sicherheit<\/a><\/li><li><a href='#what-personal-data-we-collect'>Welche pers\u00f6nlichen Daten wir sammeln<\/a><\/li><li><a href='#purpose-and-legal-basis'>Zweck und Rechtsgrundlage<\/a><\/li><li><a href='#who-we-may-share-your-personal-data-with'>An wen wir Ihre pers\u00f6nlichen Daten weitergeben k\u00f6nnen<\/a><\/li><li><a href='#how-long-we-will-keep-your-personal-data'>Wie lange wir Ihre personenbezogenen Daten aufbewahren<\/a><\/li><li><a href='#your-rights'>Ihre Rechte<\/a><\/li><li><a href='#request-for-information-and-contact'>Anforderung von Informationen und Kontakt<\/a><\/li><li><a href='#changes-to-this-policy'>\u00c4nderungen an dieser Politik<\/a><\/li><\/ul><\/div>\n<h5 id=\"purpose-of-this-policy\">Zweck dieser Politik<\/h5>\n<p>Zweck dieser Datenschutzrichtlinie ist es, Sie dar\u00fcber zu informieren, wie wir Ihre pers\u00f6nlichen Daten verwenden, erfassen und weitergeben. Diese Datenschutzrichtlinie legt die Datenschutz- und Sicherheitsstandards innerhalb von Conlumina fest und gilt weltweit, einschlie\u00dflich aller unserer Tochtergesellschaften und Niederlassungen, und basiert auf weltweit anerkannten Grunds\u00e4tzen des Datenschutzes.<\/p>\n<p>Unsere Mitarbeiter sind verpflichtet, sich an diese Datenschutzrichtlinie zu halten und die geltenden lokalen Datenschutzgesetze zu beachten.<\/p>\n<h5 id=\"data-controller\">Datenkontrolleur<\/h5>\n<p>Conlumina, Unternehmensidentit\u00e4tsnummer. 771104167801, mit Sitz in Stockholm, Schweden, Postanschrift: Box 2234, 116 74 Stockholm, Schweden, und alle ihre verbundenen Unternehmen und Tochtergesellschaften, <a href=\"mailto:privacy@conlumina.com\">privacy@conlumina.com<\/a>ist der Verantwortliche f\u00fcr die Verarbeitung Ihrer personenbezogenen Daten durch Conlumina.<\/p>\n<p>Conlumina ist daher daf\u00fcr verantwortlich, dass Ihre personenbezogenen Daten auf sichere Weise und in \u00dcbereinstimmung mit den geltenden Datenschutzvorschriften verarbeitet werden.<\/p>\n<p>Wenn Sie Fragen haben oder weitere Informationen \u00fcber die Verarbeitung Ihrer pers\u00f6nlichen Daten erhalten m\u00f6chten, wenden Sie sich bitte an <a href=\"mailto:privacy@conlumina.com\">privacy@conlumina.com<\/a>oder per Brief an die oben genannte Postanschrift.<\/p>\n<h5 id=\"where-your-personal-data-comes-from\">Woher Ihre personenbezogenen Daten stammen<\/h5>\n<p>Die meisten personenbezogenen Daten, die wir verarbeiten, stammen direkt von Ihnen. Das k\u00f6nnen Daten sein, die Sie uns zur Verf\u00fcgung stellen, wenn Sie sich f\u00fcr eine unserer Dienstleistungen bewerben, einen Bericht von unserer Website herunterladen, mit uns per E-Mail kommunizieren oder sich f\u00fcr eines unserer Seminare, Veranstaltungen oder eine Delegationsreise anmelden.<\/p>\n<p>Wir k\u00f6nnen auch personenbezogene Daten \u00fcber Sie sammeln, wenn Sie unsere Website besuchen, z. B. speichern wir Besucherverkehrs- und Kommunikationsdaten. Ein Beispiel f\u00fcr solche pers\u00f6nlichen Daten ist Ihre IP-Adresse, der Typ des Ger\u00e4ts, das Betriebssystem und der Browser.<\/p>\n<p>Wenn Sie uns die von uns angeforderten personenbezogenen Daten nicht zur Verf\u00fcgung stellen, k\u00f6nnen wir Ihnen m\u00f6glicherweise unsere Beratungs- oder sonstigen Dienstleistungen nicht anbieten. Wir werden deutlich kennzeichnen, wann die Angabe bestimmter personenbezogener Daten obligatorisch ist.<\/p>\n<h5 id=\"processing-reliability-and-security\">Verarbeitungszuverl\u00e4ssigkeit und Sicherheit<\/h5>\n<p>Conlumina erhebt und verarbeitet personenbezogene Daten \u00fcber Sie nur dann, wenn dies erforderlich ist, um gesetzlichen Verpflichtungen nachzukommen, einen Vertrag mit Ihnen zu erf\u00fcllen oder wenn es in unserem berechtigten Interesse liegt oder wenn Sie ausdr\u00fccklich Ihre Zustimmung zu unserer Verarbeitung gegeben haben.<\/p>\n<p>Conlumina verpflichtet sich au\u00dferdem, die Sicherheit personenbezogener Daten zu gew\u00e4hrleisten, unabh\u00e4ngig davon, ob die Daten elektronisch oder in Papierform verarbeitet werden. Um einen unbefugten Zugriff, eine unbefugte Offenlegung oder Vernichtung zu verhindern, hat Conlumina geeignete physische, elektronische und verwaltungstechnische Verfahren zum Schutz und zur Sicherung Ihrer personenbezogenen Daten eingerichtet.<\/p>\n<h5 id=\"what-personal-data-we-collect\">Welche pers\u00f6nlichen Daten wir sammeln<\/h5>\n<p>Conlumina erhebt die folgenden personenbezogenen Daten von aktuellen und potenziellen Kunden und deren Vertretern sowie von Stellenbewerbern, von Personen, die einer Teilnahme an Marktforschungsma\u00dfnahmen zustimmen, von registrierten Nutzern und von Nutzern der Website (in dieser Richtlinie zusammenfassend als \"Personen\" bezeichnet).<\/p>\n<p>Conlumina sammelt Kontaktdaten wie Name, Adresse, Telefon- und Faxnummer und E-Mail-Adresse von Personen, die Beratungs- und andere Dienstleistungen, Informationsmaterial oder Berichte von Conlumina anfordern, Personen, die eine Anstellung oder ein Engagement bei Conlumina anstreben, und Personen, die Kontaktpersonen bei Dienstleistern, Verk\u00e4ufern und Kunden von Conlumina sind.<\/p>\n<h5 id=\"purpose-and-legal-basis\">Zweck und Rechtsgrundlage<\/h5>\n<p>Conlumina verarbeitet personenbezogene Daten f\u00fcr die folgenden Zwecke und auf der folgenden Rechtsgrundlage:<\/p>\n<p><strong>Bereitstellung von Beratungsdiensten, Berichten und anderen Materialien, die auf unserer Website heruntergeladen oder gekauft werden k\u00f6nnen, sowie Beantwortung von Fragen.<\/strong><\/p>\n<p><em>Rechtsgrundlage: Erf\u00fcllung einer Vereinbarung mit Ihnen. Unser berechtigtes Interesse an der Erf\u00fcllung unseres Auftrags mit Ihrem Arbeitgeber und unseres Auftrags. Zustimmung durch eine eindeutige, best\u00e4tigende Handlung.<\/em><\/p>\n<p><strong>Einladungen zu und Organisation von verschiedenen Veranstaltungen, Seminaren und Delegationsreisen unabh\u00e4ngig oder in Zusammenarbeit mit unseren Partnern:<\/strong><\/p>\n<ul>\n<li>Teilnehmerlisten erstellen<\/li>\n<li>Kommunikation mit den Teilnehmern, z. B. \u00fcber Anmeldebest\u00e4tigungen, Fragen oder Bewertungen<\/li>\n<\/ul>\n<p><em>Rechtsgrundlage: Erf\u00fcllung einer Vereinbarung mit Ihnen und\/oder Zustimmung durch eine eindeutige best\u00e4tigende Handlung, z. B. wenn Sie sich f\u00fcr eine Veranstaltung oder eine Delegationsreise anmelden.<\/em><\/p>\n<p><strong>Kundenbefragungen zur \u00dcberwachung der Auswirkungen unserer Bem\u00fchungen, wie z. B. Zufriedenheitsumfragen und spezifische Untersuchungen, z. B. nach der Durchf\u00fchrung einer Veranstaltung.<\/strong><\/p>\n<p><em>Rechtsgrundlage: Zustimmung durch eine eindeutige best\u00e4tigende Handlung, z. B. wenn Sie sich f\u00fcr die Teilnahme an einer Umfrage entscheiden.<\/em><\/p>\n<p><strong>Marketing-Zwecke<\/strong><\/p>\n<ul>\n<li>Direktmarketing, Follow-up per E-Mail, Telefon oder Post mit Personen, die Informationsmaterial oder heruntergeladene Berichte von unserer Website angefordert haben, um weitere Informationen bereitzustellen und Werbe-E-Mails oder -Post \u00fcber die Beratungsdienste von Conlumina sowie andere Informationen zu senden, die unserer Einsch\u00e4tzung nach f\u00fcr Sie interessant sein k\u00f6nnten<\/li>\n<li>Marketingoptimierung, einschlie\u00dflich Marktforschung, Analyse und Verbesserung von Marketingkampagnen und Erstellung von Profilen von Internetnutzern<\/li>\n<\/ul>\n<p><em>Rechtsgrundlage: Zustimmung durch eine eindeutige best\u00e4tigende Handlung, z. B. wenn Sie sich f\u00fcr die Teilnahme an einer Umfrage entscheiden.<\/em><\/p>\n<p><strong>Senden von Mitteilungen \u00fcber verschiedene digitale Kan\u00e4le an registrierte Nutzer auf der Grundlage von:<\/strong><\/p>\n<ul>\n<li>Ausdr\u00fcckliches Interesse<\/li>\n<li>Verlauf des Browsing<\/li>\n<li>Herunterladen von Berichten<\/li>\n<li>Teilnahme an Veranstaltungen<\/li>\n<\/ul>\n<p><em>Rechtsgrundlage: Erf\u00fcllung einer Vereinbarung mit Ihnen. Zustimmung durch eine eindeutige, best\u00e4tigende Handlung.<\/em><\/p>\n<p><strong>Um Ihr Benutzerkonto zu verwalten:<\/strong><\/p>\n<ul>\n<li>Erstellen und Verwalten Ihres Benutzerkontos<\/li>\n<li>E-Mails an Sie zu senden, die darauf basieren, wie Sie unsere Dienste nutzen<\/li>\n<li>Erbringung der von Ihnen angeforderten Dienstleistungen<\/li>\n<\/ul>\n<p><em>Rechtsgrundlage: Erf\u00fcllung einer Vereinbarung mit Ihnen<\/em><\/p>\n<p><strong>Stellenbewerber<\/strong><\/p>\n<ul>\n<li>Bewertung und Einstellung von Stellenbewerbern<\/li>\n<\/ul>\n<p><em>Rechtsgrundlage: Um auf Ihren Wunsch hin Ma\u00dfnahmen zu ergreifen, bevor Sie einen Vertrag abschlie\u00dfen.<\/em><\/p>\n<p><strong>Buchhaltung<\/strong><\/p>\n<ul>\n<li>Wir k\u00f6nnen Ihre personenbezogenen Daten auch f\u00fcr unsere Buchhaltung verwenden.<\/li>\n<\/ul>\n<p><em>Rechtsgrundlage: Zur Erf\u00fcllung unserer gesetzlichen Verpflichtungen.<\/em><\/p>\n<h5 id=\"who-we-may-share-your-personal-data-with\">An wen wir Ihre pers\u00f6nlichen Daten weitergeben k\u00f6nnen<\/h5>\n<p>In der Regel geben wir Ihre personenbezogenen Daten nicht an Dritte weiter. Wir k\u00f6nnen jedoch Ihre personenbezogenen Daten an bestimmte vertrauensw\u00fcrdige Dritte weitergeben, um unsere Beratungs- und anderen Dienstleistungen zu erbringen, darunter:<\/p>\n<ul>\n<li>Dritte, die in unserem Auftrag Dienstleistungen erbringen, u. a. bevollm\u00e4chtigte Verk\u00e4ufer, Agenten und Vertreter;<\/li>\n<li>Lieferanten, an die wir bestimmte IT-Unterst\u00fctzungsdienste auslagern, wie z. B. Lieferanten von IT-Infrastruktur, Dokumenten- und Workflow-Management-Systemen und anderen \u00e4hnlichen Systemen;<\/li>\n<li>Partner, Mitarbeiter, Kunden und Dienstleister, die an der Ausrichtung und Organisation von Veranstaltungen, Seminaren und Delegationsreisen beteiligt sind;<\/li>\n<\/ul>\n<p>Alle \u00dcbermittlungen personenbezogener Daten erfolgen in \u00dcbereinstimmung mit dem Gesetz und werden nur f\u00fcr die Zwecke verwendet, f\u00fcr die sie erhoben wurden. Wir stellen sicher, dass Ihre personenbezogenen Daten auf rechtm\u00e4\u00dfige und korrekte Weise verarbeitet werden, wenn die Daten au\u00dferhalb der EU\/des EWR \u00fcbermittelt werden. Alle \u00dcbertragungen au\u00dferhalb der EU\/EWR erfolgen in \u00dcbereinstimmung mit schriftlichen Vereinbarungen in Form von Standardvertragsklauseln.<\/p>\n<p>Conlumina kann Anzeigen auf seinen Websites, auf Websites von Verlagen oder in E-Mail-Inhalten schalten, entweder direkt durch den Verlag oder \u00fcber einen Dritten. F\u00fcr Personen, die mit den Werbeinhalten interagieren, k\u00f6nnen Anzeigenserverunternehmen Informationen \u00fcber Personen sammeln, wie z. B. Domaintyp, IP-Adresse, Clickstream-Daten. Diese Informationen sind mit Ausnahme der IP-Adresse nicht mit den pers\u00f6nlichen Daten der Personen identifizierbar.<\/p>\n<h5 id=\"how-long-we-will-keep-your-personal-data\">Wie lange wir Ihre personenbezogenen Daten aufbewahren<\/h5>\n<p>Personenbezogene Daten, die zum Zweck der Erbringung von Beratungs- und anderen Dienstleistungen erhoben wurden, werden f\u00fcr zehn Jahre nach Erf\u00fcllung des Auftrags oder f\u00fcr einen l\u00e4ngeren Zeitraum gespeichert, der sich aus der Art der Dienstleistungen oder der Kundenbeziehung ergibt.<\/p>\n<p>Personenbezogene Daten, die zum Zweck der Verwaltung unserer vertraglichen Beziehungen mit unseren Lieferanten erhoben werden, werden f\u00fcr zehn Jahre nach Beendigung des Vertragsverh\u00e4ltnisses aufbewahrt, es sei denn, wir sind aufgrund gesetzlicher Vorschriften (Buchf\u00fchrungs- oder Rechnungslegungsvorschriften) verpflichtet, die Informationen l\u00e4nger aufzubewahren.<\/p>\n<p>Personenbezogene Daten, die im Zusammenhang mit einem Einstellungsverfahren erhoben werden, werden so lange gespeichert, wie das Einstellungsverfahren l\u00e4uft, und danach so lange, wie ein Bewerber, der nicht eingestellt wird, rechtliche Schritte gegen uns im Zusammenhang mit dem Einstellungsverfahren einleiten kann.<\/p>\n<p>Personenbezogene Daten, die zu Marketingzwecken und zum Zweck der Zusendung von Einladungen zu Seminaren, Veranstaltungen und Delegationsreisen erhoben werden, werden so lange gespeichert, bis Sie sich f\u00fcr solche Mailings abmelden.<\/p>\n<p>Personenbezogene Daten von registrierten Nutzern werden gel\u00f6scht, wenn das Nutzerkonto zwei Jahre lang inaktiv gewesen ist.<\/p>\n<p>Personenbezogene Daten, die im Zusammenhang mit Ihrer Teilnahme an einem von uns veranstalteten Seminar, einer Veranstaltung oder Delegationsreise erhoben wurden, werden gel\u00f6scht, sobald das Seminar, die Veranstaltung oder die Delegationsreise stattgefunden hat.<\/p>\n<h5 id=\"your-rights\">Ihre Rechte<\/h5>\n<p>Gem\u00e4\u00df der allgemeinen Datenschutzverordnung der EU haben Sie als Einzelperson die folgenden Rechte in Bezug auf die personenbezogenen Daten, die wir \u00fcber Sie verarbeiten.<\/p>\n<p><strong>Zugang<\/strong> zu Ihren pers\u00f6nlichen Daten: Sie haben das Recht, auf Ihre personenbezogenen Daten zuzugreifen und Informationen \u00fcber deren Verarbeitung zu erhalten.<\/p>\n<p><strong>Berichtigung, L\u00f6schung und Einschr\u00e4nkung:<\/strong> Sie haben das Recht auf Berichtigung der personenbezogenen Daten, die Sie f\u00fcr unrichtig halten. In bestimmten F\u00e4llen haben Sie das Recht, Ihre personenbezogenen Daten l\u00f6schen zu lassen. Dies gilt nicht, wenn Ihre personenbezogenen Daten noch ben\u00f6tigt werden, z. B. aufgrund gesetzlicher Vorgaben oder wenn die Verarbeitung auf einer anderen Rechtsgrundlage beruhen kann. Sie haben das Recht zu verlangen, dass die Verarbeitung personenbezogener Daten auf einen k\u00fcrzeren Zeitraum beschr\u00e4nkt wird, wenn wir m\u00f6gliche Fehler untersuchen.<\/p>\n<p><strong>Zustimmung zur\u00fcckziehen:<\/strong> Wenn Sie in eine bestimmte Art der Verarbeitung eingewilligt haben, haben Sie das Recht, Ihre Einwilligung zu widerrufen.<\/p>\n<p><strong>Einspruch gegen die Interessenabw\u00e4gung:<\/strong> Beruht die Verarbeitung auf einer Interessenabw\u00e4gung, haben Sie das Recht, jederzeit Widerspruch gegen diese Verarbeitung einzulegen.<\/p>\n<p><strong>Einspruch gegen Direktmarketing:<\/strong> Sie k\u00f6nnen jederzeit der Verarbeitung Ihrer personenbezogenen Daten f\u00fcr Zwecke der Direktwerbung widersprechen. Nach einem solchen Widerspruch werden die personenbezogenen Daten nicht mehr f\u00fcr diesen Zweck verarbeitet.<\/p>\n<p><strong>Daten\u00fcbertragbarkeit:<\/strong> Sie haben das Recht auf Daten\u00fcbertragbarkeit, was bedeutet, dass Sie unter bestimmten Umst\u00e4nden das Recht haben, die personenbezogenen Daten, die Sie uns zur Verf\u00fcgung gestellt haben, zu erhalten, um sie einem anderen f\u00fcr die Verarbeitung Verantwortlichen zu \u00fcbermitteln.<\/p>\n<p><strong>Reklamation:<\/strong> Sie haben auch das Recht, eine Beschwerde bei Ihrer nationalen Aufsichtsbeh\u00f6rde einzureichen (Sw. <em>Datenspektionen<\/em>), wenn Sie der Meinung sind, dass unsere Verarbeitung Ihrer personenbezogenen Daten nicht den Anforderungen der EU-Datenschutzverordnung entspricht.<\/p>\n<h5 id=\"request-for-information-and-contact\">Anforderung von Informationen und Kontakt<\/h5>\n<p>Wenn Sie Fragen oder Beschwerden bez\u00fcglich der Verarbeitung Ihrer personenbezogenen Daten durch uns haben oder eines Ihrer gesetzlich verankerten Rechte aus\u00fcben m\u00f6chten, kontaktieren Sie uns bitte unter <a href=\"mailto:privacy@conlumina.com\">privacy@conlumina.com<\/a> oder<\/p>\n<p>Conlumina<br \/>\nFeld 2234<br \/>\n116 74 Stockholm<br \/>\nSCHWEDEN<\/p>\n<h5 id=\"changes-to-this-policy\">\u00c4nderungen an dieser Politik<\/h5>\n<p>Wir k\u00f6nnen Erg\u00e4nzungen und \u00c4nderungen an dieser Datenschutzerkl\u00e4rung vornehmen. Wir werden den aktualisierten Hinweis auf unserer Website ver\u00f6ffentlichen. Wenn die \u00c4nderungen wesentlich sind, werden wir Ihnen eine aktualisierte Mitteilung zukommen lassen, bevor die \u00c4nderung in Kraft tritt. Wir empfehlen Ihnen, den Inhalt dieses Hinweises regelm\u00e4\u00dfig zu \u00fcberpr\u00fcfen.<\/p>\n<p>&nbsp;<\/p>","protected":false},"excerpt":{"rendered":"<p>Ihre pers\u00f6nlichen Daten sind f\u00fcr uns wichtig. Wir verkaufen sie nicht an Dritte und verarbeiten sie nur in \u00dcbereinstimmung mit den geltenden Datenschutzgesetzen und dieser Datenschutzerkl\u00e4rung.<\/p>","protected":false},"author":1,"featured_media":0,"parent":0,"menu_order":0,"comment_status":"closed","ping_status":"open","template":"","meta":{"_seopress_robots_primary_cat":"","_seopress_titles_title":"","_seopress_titles_desc":"","_seopress_robots_index":"","footnotes":""},"categories":[],"class_list":["post-3","page","type-page","status-publish","hentry"],"meta_box":{"ticker_image":[],"related_testimonial":"","section_group":[]},"_links":{"self":[{"href":"https:\/\/conlumina.com\/de\/wp-json\/wp\/v2\/pages\/3","targetHints":{"allow":["GET"]}}],"collection":[{"href":"https:\/\/conlumina.com\/de\/wp-json\/wp\/v2\/pages"}],"about":[{"href":"https:\/\/conlumina.com\/de\/wp-json\/wp\/v2\/types\/page"}],"author":[{"embeddable":true,"href":"https:\/\/conlumina.com\/de\/wp-json\/wp\/v2\/users\/1"}],"replies":[{"embeddable":true,"href":"https:\/\/conlumina.com\/de\/wp-json\/wp\/v2\/comments?post=3"}],"version-history":[{"count":5,"href":"https:\/\/conlumina.com\/de\/wp-json\/wp\/v2\/pages\/3\/revisions"}],"predecessor-version":[{"id":669,"href":"https:\/\/conlumina.com\/de\/wp-json\/wp\/v2\/pages\/3\/revisions\/669"}],"wp:attachment":[{"href":"https:\/\/conlumina.com\/de\/wp-json\/wp\/v2\/media?parent=3"}],"wp:term":[{"taxonomy":"category","embeddable":true,"href":"https:\/\/conlumina.com\/de\/wp-json\/wp\/v2\/categories?post=3"}],"curies":[{"name":"wp","href":"https:\/\/api.w.org\/{rel}","templated":true}]}}