{"id":431,"date":"2022-10-05T22:54:41","date_gmt":"2022-10-05T20:54:41","guid":{"rendered":"https:\/\/conlumina.com\/?page_id=431"},"modified":"2024-02-10T16:14:41","modified_gmt":"2024-02-10T15:14:41","slug":"barrierefreiheitserklaerung","status":"publish","type":"page","link":"https:\/\/conlumina.com\/de\/accessibility-statement\/","title":{"rendered":"Barrierefreiheitserkl\u00e4rung"},"content":{"rendered":"<div class=\"padding-bot\">\n<h2 id=\"accessibility\">Erreichbarkeit<\/h2>\n<p>Conlumina hat sich verpflichtet, die Zug\u00e4nglichkeit und Nutzbarkeit seiner Website conlumina.com f\u00fcr alle Menschen mit allen F\u00e4higkeiten zu erleichtern. In Zusammenarbeit mit unseren internen Zug\u00e4nglichkeitsexperten hat Conlumina die relevanten Teile der Web Content Accessibility Guidelines (WCAG) des World Wide Web Consortiums als Standard f\u00fcr die Zug\u00e4nglichkeit von Webseiten implementiert und wird dies auch weiterhin tun. Unsere Website wird regelm\u00e4\u00dfig mit unterst\u00fctzenden Technologien wie Bildschirmleseger\u00e4ten und Bildschirmlupen sowie mit Nutzern aus der Behindertengemeinschaft, die diese Technologien verwenden, getestet.<\/p>\n<p>Im Folgenden finden Sie einige der Ma\u00dfnahmen, die wir im Rahmen unserer Zug\u00e4nglichkeitspolitik ergreifen:<\/p>\n<p>Conlumina besch\u00e4ftigt erfahrene Zug\u00e4nglichkeitsentwickler und -experten, die eine Pr\u00fcfung der Zug\u00e4nglichkeit von Websites durchf\u00fchren und Conlumina-Websiteentwicklern oder Drittanbietern spezifische Empfehlungen zur Erleichterung der Zug\u00e4nglichkeit von Websites und der Konformit\u00e4t mit den WCAG geben.<\/p>\n<p>Unsere Experten f\u00fcr Barrierefreiheit bieten regelm\u00e4\u00dfig Schulungen f\u00fcr Conlumina-Entwickler und Entwicklungsteams von Drittanbietern zum Thema WCAG- und Section 508-Konformit\u00e4t an.<\/p>\n<p>Conlumina wird regelm\u00e4\u00dfig Audits der Zug\u00e4nglichkeit der Website sowie Tests und Bewertungen der Zug\u00e4nglichkeit von conlumina.com f\u00fcr den Endnutzer durchf\u00fchren lassen, um priorisiertes Feedback zur Konformit\u00e4t mit den WCAG-Standards zu geben.<\/p>\n<p>Conlumina hat eine Richtlinie zur Zug\u00e4nglichkeit der Website verabschiedet, um sein Engagement f\u00fcr die Zug\u00e4nglichkeit von conlumina.com zu unterst\u00fctzen.<\/p>\n<\/div>\n<div class=\"padding-bot\">\n<h2 id=\"contact-us-with-your-accessibility-questions\">Kontaktieren Sie uns mit Ihren Fragen zur Barrierefreiheit<\/h2>\n<p>Bitte beachten Sie, dass die Zug\u00e4nglichkeit ein st\u00e4ndiger Prozess ist, um sicherzustellen, dass neue Inhalte und Funktionen den WCAG entsprechen.  Wenn Sie zu irgendeinem Zeitpunkt spezielle Fragen oder Bedenken bez\u00fcglich der Zug\u00e4nglichkeit einer bestimmten Webseite auf conlumina.com haben, senden Sie Ihre Fragen und Kommentare bitte an <a href=\"mailto:accessibility@conlumina.com\">accessibility@conlumina.com<\/a>.  Sollten Sie auf ein Problem mit der Zug\u00e4nglichkeit sto\u00dfen, geben Sie in Ihrer E-Mail bitte unbedingt die betreffende Webseite an, und wir werden uns nach Kr\u00e4ften bem\u00fchen, diese Seite f\u00fcr Sie zug\u00e4nglich zu machen.<\/p>\n<\/div>","protected":false},"excerpt":{"rendered":"<p>Wir sind bestrebt, die Zug\u00e4nglichkeit und Nutzbarkeit unserer Website f\u00fcr alle Menschen mit unterschiedlichen F\u00e4higkeiten zu erleichtern.<\/p>","protected":false},"author":1,"featured_media":0,"parent":0,"menu_order":0,"comment_status":"closed","ping_status":"closed","template":"","meta":{"_seopress_robots_primary_cat":"","_seopress_titles_title":"Accessibility Statement - Conlumina","_seopress_titles_desc":"We are committed to facilitating the accessibility and usability of our website, for all people with all abilities.","_seopress_robots_index":"","footnotes":""},"categories":[],"class_list":["post-431","page","type-page","status-publish","hentry"],"meta_box":{"ticker_image":[],"related_testimonial":"","section_group":[]},"_links":{"self":[{"href":"https:\/\/conlumina.com\/de\/wp-json\/wp\/v2\/pages\/431","targetHints":{"allow":["GET"]}}],"collection":[{"href":"https:\/\/conlumina.com\/de\/wp-json\/wp\/v2\/pages"}],"about":[{"href":"https:\/\/conlumina.com\/de\/wp-json\/wp\/v2\/types\/page"}],"author":[{"embeddable":true,"href":"https:\/\/conlumina.com\/de\/wp-json\/wp\/v2\/users\/1"}],"replies":[{"embeddable":true,"href":"https:\/\/conlumina.com\/de\/wp-json\/wp\/v2\/comments?post=431"}],"version-history":[{"count":3,"href":"https:\/\/conlumina.com\/de\/wp-json\/wp\/v2\/pages\/431\/revisions"}],"predecessor-version":[{"id":673,"href":"https:\/\/conlumina.com\/de\/wp-json\/wp\/v2\/pages\/431\/revisions\/673"}],"wp:attachment":[{"href":"https:\/\/conlumina.com\/de\/wp-json\/wp\/v2\/media?parent=431"}],"wp:term":[{"taxonomy":"category","embeddable":true,"href":"https:\/\/conlumina.com\/de\/wp-json\/wp\/v2\/categories?post=431"}],"curies":[{"name":"wp","href":"https:\/\/api.w.org\/{rel}","templated":true}]}}