{"id":491,"date":"2022-11-02T10:01:01","date_gmt":"2022-11-02T08:01:01","guid":{"rendered":"https:\/\/conlumina.com\/?page_id=491"},"modified":"2022-12-26T12:55:17","modified_gmt":"2022-12-26T10:55:17","slug":"umweltpolitik","status":"publish","type":"page","link":"https:\/\/conlumina.com\/de\/environmental-policy\/","title":{"rendered":"Umweltpolitik"},"content":{"rendered":"<h2 id=\"our-environmental-policy\">Unsere Umweltpolitik<\/h2>\n<ol class=\"numbered\">\n<li>Wir arbeiten nur mit Serveranbietern zusammen, die nach ISO 14001 umweltzertifiziert sind und 100% erneuerbaren Strom f\u00fcr ihre Rechenzentren verwenden.<\/li>\n<li>Wir halten die geltenden Umweltgesetze und sonstigen Anforderungen ein, streben aber an, die geltenden Gesetze, Vorschriften und sonstigen Bestimmungen in allen wesentlichen Punkten zu \u00fcbertreffen.<\/li>\n<li>Wir sind bestrebt, unsere Umweltleistung kontinuierlich zu verbessern, den Verbrauch im Unternehmen zu senken und den Transport zu minimieren.<\/li>\n<li>Wir nutzen \u00f6ffentliche Verkehrsmittel und minimieren Reisen, z. B. durch Online-Meetings.<\/li>\n<li>Wir werden pr\u00e4ventiv arbeiten und uns um Klimaneutralit\u00e4t bem\u00fchen, indem wir u. a. einen Beitrag zu Umweltorganisationen leisten.<\/li>\n<li>Wir schulen unsere Mitarbeiter darin, wie sie bei ihrer t\u00e4glichen Arbeit umweltbewusster handeln k\u00f6nnen.<\/li>\n<\/ol>","protected":false},"excerpt":{"rendered":"<p>Conlumina arbeitet aktiv daran, seine Umweltauswirkungen durch kontinuierliche Verbesserungen zu verringern. Diese Umweltpolitik wird j\u00e4hrlich aktualisiert und die ermittelten Umweltaspekte werden in Aktionspl\u00e4ne umgesetzt.<\/p>","protected":false},"author":1,"featured_media":0,"parent":0,"menu_order":0,"comment_status":"closed","ping_status":"closed","template":"","meta":{"_seopress_robots_primary_cat":"","_seopress_titles_title":"","_seopress_titles_desc":"","_seopress_robots_index":"","footnotes":""},"categories":[],"class_list":["post-491","page","type-page","status-publish","hentry"],"meta_box":{"ticker_image":[],"related_testimonial":"","section_group":[]},"_links":{"self":[{"href":"https:\/\/conlumina.com\/de\/wp-json\/wp\/v2\/pages\/491","targetHints":{"allow":["GET"]}}],"collection":[{"href":"https:\/\/conlumina.com\/de\/wp-json\/wp\/v2\/pages"}],"about":[{"href":"https:\/\/conlumina.com\/de\/wp-json\/wp\/v2\/types\/page"}],"author":[{"embeddable":true,"href":"https:\/\/conlumina.com\/de\/wp-json\/wp\/v2\/users\/1"}],"replies":[{"embeddable":true,"href":"https:\/\/conlumina.com\/de\/wp-json\/wp\/v2\/comments?post=491"}],"version-history":[{"count":5,"href":"https:\/\/conlumina.com\/de\/wp-json\/wp\/v2\/pages\/491\/revisions"}],"predecessor-version":[{"id":895,"href":"https:\/\/conlumina.com\/de\/wp-json\/wp\/v2\/pages\/491\/revisions\/895"}],"wp:attachment":[{"href":"https:\/\/conlumina.com\/de\/wp-json\/wp\/v2\/media?parent=491"}],"wp:term":[{"taxonomy":"category","embeddable":true,"href":"https:\/\/conlumina.com\/de\/wp-json\/wp\/v2\/categories?post=491"}],"curies":[{"name":"wp","href":"https:\/\/api.w.org\/{rel}","templated":true}]}}