{"id":650,"date":"2022-12-03T15:42:00","date_gmt":"2022-12-03T13:42:00","guid":{"rendered":"https:\/\/conlumina.com\/?page_id=650"},"modified":"2023-01-07T16:39:04","modified_gmt":"2023-01-07T14:39:04","slug":"personliche-webseiten","status":"publish","type":"page","link":"https:\/\/conlumina.com\/de\/personal-websites\/","title":{"rendered":"Pers\u00f6nliche Websites"},"content":{"rendered":"","protected":false},"excerpt":{"rendered":"<p>Diese Seite wird gerade aktualisiert. Bitte kontaktieren Sie uns, um mehr \u00fcber unsere preisg\u00fcnstigen pers\u00f6nlichen Websites zum Festpreis zu erfahren.<\/p>","protected":false},"author":1,"featured_media":0,"parent":0,"menu_order":0,"comment_status":"closed","ping_status":"closed","template":"","meta":{"_seopress_robots_primary_cat":"","_seopress_titles_title":"","_seopress_titles_desc":"","_seopress_robots_index":"","footnotes":""},"categories":[],"class_list":["post-650","page","type-page","status-publish","hentry"],"meta_box":{"ticker_image":[],"related_testimonial":"","section_group":[]},"_links":{"self":[{"href":"https:\/\/conlumina.com\/de\/wp-json\/wp\/v2\/pages\/650","targetHints":{"allow":["GET"]}}],"collection":[{"href":"https:\/\/conlumina.com\/de\/wp-json\/wp\/v2\/pages"}],"about":[{"href":"https:\/\/conlumina.com\/de\/wp-json\/wp\/v2\/types\/page"}],"author":[{"embeddable":true,"href":"https:\/\/conlumina.com\/de\/wp-json\/wp\/v2\/users\/1"}],"replies":[{"embeddable":true,"href":"https:\/\/conlumina.com\/de\/wp-json\/wp\/v2\/comments?post=650"}],"version-history":[{"count":4,"href":"https:\/\/conlumina.com\/de\/wp-json\/wp\/v2\/pages\/650\/revisions"}],"predecessor-version":[{"id":1134,"href":"https:\/\/conlumina.com\/de\/wp-json\/wp\/v2\/pages\/650\/revisions\/1134"}],"wp:attachment":[{"href":"https:\/\/conlumina.com\/de\/wp-json\/wp\/v2\/media?parent=650"}],"wp:term":[{"taxonomy":"category","embeddable":true,"href":"https:\/\/conlumina.com\/de\/wp-json\/wp\/v2\/categories?post=650"}],"curies":[{"name":"wp","href":"https:\/\/api.w.org\/{rel}","templated":true}]}}