{"id":656,"date":"2022-12-03T15:55:33","date_gmt":"2022-12-03T13:55:33","guid":{"rendered":"https:\/\/conlumina.com\/?page_id=656"},"modified":"2025-01-10T15:47:11","modified_gmt":"2025-01-10T14:47:11","slug":"beste-digitalagentur-in-berlin","status":"publish","type":"page","link":"https:\/\/conlumina.com\/de\/best-digital-agency-in-berlin\/","title":{"rendered":"Beste Digitalagentur in Berlin?"},"content":{"rendered":"<h2 id=\"a-top-digital-agency-in-berlin\">Eine Top-Digitalagentur in Berlin<\/h2>\n<p>Sind Sie auf der Suche nach der besten Digitalagentur in Berlin? Dann k\u00f6nnte Ihre Suche gerade vorbei sein. Conlumina ist eine kleine Full-Service-Digitalagentur in Berlin, die Kunden in Deutschland und auf der ganzen Welt dabei hilft, online ihr Bestes zu geben. Wir entwerfen, entwickeln und vermarkten hochwertige WordPress-Websites f\u00fcr wachsende Unternehmen, die langlebige, flexible und hochperformante L\u00f6sungen ben\u00f6tigen, die auf ihre individuellen Bed\u00fcrfnisse zugeschnitten sind. Mit unserem starken Fokus auf Benutzerfreundlichkeit, \u00c4sthetik und Leistung streben wir danach, die beste digitale Agentur in Berlin zu sein.<\/p>\n<p>Als WordPress-Boutique-Agentur in Berlin setzen wir auf die besten WordPress- und Webstandards. Unsere Websites werden von Grund auf von Hand programmiert, um sicherzustellen, dass Sie eine extrem schnelle, extrem leichtgewichtige Website erhalten, die mit einem <a href=\"https:\/\/conlumina.com\/de\/pagespeed-garantie\/\">H\u00f6chstleistungsgarantie<\/a>. Uns ist keine andere Digitalagentur in Berlin bekannt, die dieses Versprechen halten kann.<\/p>\n<p>Dank unserer <a href=\"https:\/\/conlumina.com\/de\/einfach-verwalten\/\">Baukastensystem<\/a>Unsere Websites sind \u00e4u\u00dferst flexibel und intuitiv zu bedienen. Nichts ist fest kodiert, d. h. Ihre Inhaltsredakteure k\u00f6nnen alles bearbeiten, was bearbeitet werden soll. Und wenn Ihr Unternehmen w\u00e4chst und sich weiterentwickelt, k\u00f6nnen Sie problemlos neue Seiten und Abschnitte einrichten, ohne dass das Gesamtdesign darunter leidet.<\/p>\n<p>Was uns au\u00dferdem zu einer der besten Digitalagenturen in Berlin macht, ist unsere Expertise im Bereich der digitalen Barrierefreiheit. Unsere handgefertigten Webseiten-Komponenten folgen dem WAI-ARIA Design Pattern und bieten volle Tastatursteuerung. Wir glauben, dass wir damit die einzige Digitalagentur in Berlin sind, die <a href=\"https:\/\/conlumina.com\/de\/gleicher-zugang\/\">volle Zug\u00e4nglichkeit<\/a>\u00a0aus der Schachtel.<\/p>\n<p>Als Full-Service-Digitalagentur in Berlin sind wir mehr als nur ein <a href=\"https:\/\/conlumina.com\/de\/webagentur\/\">technischer Partner<\/a>. Wir bieten echtes Fachwissen und ganzheitliche Beratung w\u00e4hrend Ihres Projekts, von <a href=\"https:\/\/conlumina.com\/de\/dienstleistungen\/strategie\/\">UX-Strategie<\/a>\u00a0und <a href=\"https:\/\/conlumina.com\/de\/dienstleistungen\/entwurf\/\">UI-Design<\/a>\u00a0zu <a href=\"https:\/\/conlumina.com\/de\/dienstleistungen\/inhalt\/\">Werbetexten<\/a> und <a href=\"https:\/\/conlumina.com\/de\/content-agentur\/\">SEO-Inhaltsvermarktung<\/a>. Wir bieten auch laufende <a href=\"https:\/\/conlumina.com\/de\/dienstleistungen\/website-verwaltung\/\">Wartung<\/a> und konkurrenzlos <a href=\"https:\/\/conlumina.com\/de\/dienstleistungen\/website-verwaltung\/\">Helpdesk-Unterst\u00fctzung<\/a>. Wir sind der Meinung, dass die pers\u00f6nliche Note entscheidend ist. Wenn Sie mit uns zusammenarbeiten, werden wir Ihr Projekt behandeln, als w\u00e4re es unser eigenes, und ihm die ganze Aufmerksamkeit und liebevolle Pflege zukommen lassen, die es braucht.<\/p>\n<p>Alles zusammen macht uns zu einer der besten Digitalmarketing-Agenturen in Berlin, wenn nicht sogar zur besten Digitalmarketing-Agentur in Berlin. Als Boutique-Agentur f\u00fcr digitales Marketing in Berlin bieten wir Ihnen schnellen und freundlichen Service und eine enge Zusammenarbeit in allen Projektphasen. Wir liefern p\u00fcnktlich und im Rahmen des Budgets und sind bestrebt, Ihnen ein ausgefeiltes, durchdachtes Produkt zu liefern - eines, das sich von anderen abhebt und einen Unterschied macht.<\/p>\n<p>Auschecken <a href=\"https:\/\/conlumina.com\/de\/projekte\/\">unsere Arbeit<\/a>siehe <a href=\"https:\/\/conlumina.com\/de\/dienstleistungen\/\">unsere Dienstleistungen<\/a>und <a href=\"https:\/\/conlumina.com\/de\/kontakt\/\">eine kostenlose Beratung vereinbaren<\/a> heute mit uns.<\/p>","protected":false},"excerpt":{"rendered":"<p>Wir sind eine Full-Service-Digitalagentur in Berlin, die hochwertige WordPress-Websites f\u00fcr wachsende Unternehmen konzipiert, entwickelt und vermarktet. Mit unserem starken Fokus auf Qualit\u00e4t wurden wir zu einer der Top-Digitalagenturen in Berlin ernannt.<\/p>","protected":false},"author":1,"featured_media":2162,"parent":0,"menu_order":0,"comment_status":"closed","ping_status":"closed","template":"","meta":{"_seopress_robots_primary_cat":"","_seopress_titles_title":"","_seopress_titles_desc":"","_seopress_robots_index":"","footnotes":""},"categories":[],"class_list":["post-656","page","type-page","status-publish","has-post-thumbnail","hentry"],"meta_box":{"ticker_image":[],"related_testimonial":"","section_group":[{"section_type":"cta"}]},"_links":{"self":[{"href":"https:\/\/conlumina.com\/de\/wp-json\/wp\/v2\/pages\/656","targetHints":{"allow":["GET"]}}],"collection":[{"href":"https:\/\/conlumina.com\/de\/wp-json\/wp\/v2\/pages"}],"about":[{"href":"https:\/\/conlumina.com\/de\/wp-json\/wp\/v2\/types\/page"}],"author":[{"embeddable":true,"href":"https:\/\/conlumina.com\/de\/wp-json\/wp\/v2\/users\/1"}],"replies":[{"embeddable":true,"href":"https:\/\/conlumina.com\/de\/wp-json\/wp\/v2\/comments?post=656"}],"version-history":[{"count":5,"href":"https:\/\/conlumina.com\/de\/wp-json\/wp\/v2\/pages\/656\/revisions"}],"predecessor-version":[{"id":2163,"href":"https:\/\/conlumina.com\/de\/wp-json\/wp\/v2\/pages\/656\/revisions\/2163"}],"wp:featuredmedia":[{"embeddable":true,"href":"https:\/\/conlumina.com\/de\/wp-json\/wp\/v2\/media\/2162"}],"wp:attachment":[{"href":"https:\/\/conlumina.com\/de\/wp-json\/wp\/v2\/media?parent=656"}],"wp:term":[{"taxonomy":"category","embeddable":true,"href":"https:\/\/conlumina.com\/de\/wp-json\/wp\/v2\/categories?post=656"}],"curies":[{"name":"wp","href":"https:\/\/api.w.org\/{rel}","templated":true}]}}