{"id":791,"date":"2022-12-13T22:08:04","date_gmt":"2022-12-13T20:08:04","guid":{"rendered":"https:\/\/conlumina.com\/?page_id=791"},"modified":"2024-02-10T16:13:02","modified_gmt":"2024-02-10T15:13:02","slug":"einfach-verwalten","status":"publish","type":"page","link":"https:\/\/conlumina.com\/de\/easy-management\/","title":{"rendered":"Einfache Verwaltung"},"content":{"rendered":"<h2 id=\"worry-free-content-updates\">Sorgenfreie Aktualisierung von Inhalten<\/h2>\n<p>Unser Fokus auf die Benutzerfreundlichkeit schlie\u00dft Sie ein - die Person oder das Team, das den Inhalt der Website verwaltet.<\/p>\n<p>Auf unseren Websites ist nichts fest kodiert. Das bedeutet, dass Sie alles, was bearbeitet werden soll - Texte, \u00dcberschriften, Links, Bilder und so ziemlich alles, was im Frontend sichtbar ist - einfach bearbeiten k\u00f6nnen, ohne sich Sorgen machen zu m\u00fcssen, dass etwas auf der Website kaputt geht.<\/p>\n<p><img loading=\"lazy\" decoding=\"async\" class=\"aligncenter size-large wp-image-1132\" src=\"https:\/\/conlumina.com\/wp-content\/uploads\/2023\/01\/custom-fields-1024x314.jpg\" alt=\"\" width=\"1024\" height=\"314\" srcset=\"https:\/\/conlumina.com\/wp-content\/uploads\/2023\/01\/custom-fields-1024x314.jpg 1024w, https:\/\/conlumina.com\/wp-content\/uploads\/2023\/01\/custom-fields-300x92.jpg 300w, https:\/\/conlumina.com\/wp-content\/uploads\/2023\/01\/custom-fields-624x191.jpg 624w, https:\/\/conlumina.com\/wp-content\/uploads\/2023\/01\/custom-fields-18x6.jpg 18w, https:\/\/conlumina.com\/wp-content\/uploads\/2023\/01\/custom-fields.jpg 1177w\" sizes=\"auto, (max-width: 1024px) 100vw, 1024px\" \/><\/p>\n<h2 id=\"add-sections-and-features\">Abschnitte und Funktionen hinzuf\u00fcgen<\/h2>\n<p>Dank des modularen Aufbaus unserer Websites ist es f\u00fcr uns auch ein Leichtes, \u00c4nderungen an der Website vorzunehmen, die Sie in Zukunft ben\u00f6tigen.<\/p>\n<p>Noch besser: Sie k\u00f6nnen es auch! Mit einem Mausklick k\u00f6nnen neue Abschnitte und Funktionen zu jeder Seite hinzugef\u00fcgt werden. Wir vereinbaren im Voraus, welche Teile des Designs Sie wiederverwenden m\u00f6chten, und verwandeln diese Teile dann in wiederverwendbare Komponenten, die \u00fcberall auf der Website eingef\u00fcgt werden k\u00f6nnen.<\/p>\n<p>Das bedeutet, dass Sie bestehende Seiten problemlos ausbauen oder ganz neue Seiten erstellen k\u00f6nnen, die genauso vielf\u00e4ltig und \u00e4sthetisch ansprechend sind wie die, die wir urspr\u00fcnglich f\u00fcr Sie entworfen haben.<\/p>\n<p><img loading=\"lazy\" decoding=\"async\" class=\"aligncenter size-large wp-image-1130\" src=\"https:\/\/conlumina.com\/wp-content\/uploads\/2023\/01\/custom-sections-1024x361.png\" alt=\"\" width=\"1024\" height=\"361\" srcset=\"https:\/\/conlumina.com\/wp-content\/uploads\/2023\/01\/custom-sections-1024x361.png 1024w, https:\/\/conlumina.com\/wp-content\/uploads\/2023\/01\/custom-sections-300x106.png 300w, https:\/\/conlumina.com\/wp-content\/uploads\/2023\/01\/custom-sections-624x220.png 624w, https:\/\/conlumina.com\/wp-content\/uploads\/2023\/01\/custom-sections-18x6.png 18w, https:\/\/conlumina.com\/wp-content\/uploads\/2023\/01\/custom-sections.png 1165w\" sizes=\"auto, (max-width: 1024px) 100vw, 1024px\" \/><\/p>\n<h2 id=\"interactive-documentation\">Interaktive Dokumentation<\/h2>\n<p>Wenn Sie Hilfe ben\u00f6tigen, um herauszufinden, wie etwas funktioniert, finden Sie die Website-Dokumentation, die wir f\u00fcr Sie erstellt haben, im WordPress-Verwaltungsbereich. Die Dokumentation bietet eine interaktive, schrittweise Anleitung f\u00fcr alle benutzerdefinierten Funktionen, die wir f\u00fcr Sie erstellt haben. Es k\u00f6nnte nicht einfacher sein, mitzumachen!<\/p>\n<p><img loading=\"lazy\" decoding=\"async\" class=\"aligncenter size-large wp-image-1128\" src=\"https:\/\/conlumina.com\/wp-content\/uploads\/2023\/01\/docs-workflow-432x1024.jpg\" alt=\"\" width=\"432\" height=\"1024\" srcset=\"https:\/\/conlumina.com\/wp-content\/uploads\/2023\/01\/docs-workflow-432x1024.jpg 432w, https:\/\/conlumina.com\/wp-content\/uploads\/2023\/01\/docs-workflow-126x300.jpg 126w, https:\/\/conlumina.com\/wp-content\/uploads\/2023\/01\/docs-workflow-5x12.jpg 5w, https:\/\/conlumina.com\/wp-content\/uploads\/2023\/01\/docs-workflow.jpg 524w\" sizes=\"auto, (max-width: 432px) 100vw, 432px\" \/><\/p>\n<h2 id=\"help-desk-support\">Helpdesk-Unterst\u00fctzung<\/h2>\n<p>Sollten Sie dennoch unsere Hilfe ben\u00f6tigen, k\u00f6nnen Sie uns jederzeit anrufen oder uns direkt \u00fcber Ihr WordPress-Dashboard kontaktieren. Wir sind jederzeit f\u00fcr Sie da.<\/p>","protected":false},"excerpt":{"rendered":"<p>So wie Ihr Unternehmen w\u00e4chst und sich weiterentwickelt, so sollte auch Ihre Website wachsen. Mit unserem modularen Komponentensystem k\u00f6nnen Sie der Website problemlos neue Funktionen und Abschnitte hinzuf\u00fcgen. Ohne das Risiko, das Design zu zerst\u00f6ren.<\/p>","protected":false},"author":1,"featured_media":0,"parent":0,"menu_order":0,"comment_status":"closed","ping_status":"closed","template":"","meta":{"_seopress_robots_primary_cat":"","_seopress_titles_title":"","_seopress_titles_desc":"As your business grows and evolves, so should your website. Edit anything that meets the eye, and easily build out the site yourself.","_seopress_robots_index":"","footnotes":""},"categories":[],"class_list":["post-791","page","type-page","status-publish","hentry"],"meta_box":{"ticker_image":[],"related_testimonial":"","section_group":[{"section_type":"cta"},{"section_type":"wysiwyg","section_wysiwyg":"<h3>Did you know?<\/h3>\r\nApart from being incredibly flexible and easy to work with, our websites also come with a <a href=\"https:\/\/conlumina.com\/pagespeed-guarantee\/\">top performance guarantee<\/a>, and are <a href=\"https:\/\/conlumina.com\/equal-access\/\">fully accessible<\/a>."}]},"_links":{"self":[{"href":"https:\/\/conlumina.com\/de\/wp-json\/wp\/v2\/pages\/791","targetHints":{"allow":["GET"]}}],"collection":[{"href":"https:\/\/conlumina.com\/de\/wp-json\/wp\/v2\/pages"}],"about":[{"href":"https:\/\/conlumina.com\/de\/wp-json\/wp\/v2\/types\/page"}],"author":[{"embeddable":true,"href":"https:\/\/conlumina.com\/de\/wp-json\/wp\/v2\/users\/1"}],"replies":[{"embeddable":true,"href":"https:\/\/conlumina.com\/de\/wp-json\/wp\/v2\/comments?post=791"}],"version-history":[{"count":5,"href":"https:\/\/conlumina.com\/de\/wp-json\/wp\/v2\/pages\/791\/revisions"}],"predecessor-version":[{"id":1133,"href":"https:\/\/conlumina.com\/de\/wp-json\/wp\/v2\/pages\/791\/revisions\/1133"}],"wp:attachment":[{"href":"https:\/\/conlumina.com\/de\/wp-json\/wp\/v2\/media?parent=791"}],"wp:term":[{"taxonomy":"category","embeddable":true,"href":"https:\/\/conlumina.com\/de\/wp-json\/wp\/v2\/categories?post=791"}],"curies":[{"name":"wp","href":"https:\/\/api.w.org\/{rel}","templated":true}]}}