{"id":808,"date":"2022-12-15T20:28:43","date_gmt":"2022-12-15T18:28:43","guid":{"rendered":"https:\/\/conlumina.com\/?page_id=808"},"modified":"2022-12-16T15:50:37","modified_gmt":"2022-12-16T13:50:37","slug":"kunden-vermittlungs-programm","status":"publish","type":"page","link":"https:\/\/conlumina.com\/de\/client-referral-program\/","title":{"rendered":"Kundenempfehlungsprogramm"},"content":{"rendered":"<h2 id=\"high-paying-affiliate-program\">Hochbezahltes Partnerprogramm<\/h2>\n<p>Wir sch\u00e4tzen Empfehlungen sehr und belohnen Sie gro\u00dfz\u00fcgig daf\u00fcr, dass Sie uns helfen, neue Gesch\u00e4ftsm\u00f6glichkeiten zu finden. Wenn Sie an unserem Kundenempfehlungsprogramm f\u00fcr Digitalagenturen teilnehmen, k\u00f6nnen Sie f\u00fcr jeden neuen Kunden, den Sie an uns vermitteln, eine Spitzenprovision von \u00fcber 1.000 \u20ac verdienen.<\/p>\n<p>Als Gesch\u00e4ftsentwicklungspartner unserer Digitalagentur zahlen wir Ihnen 50 \u20ac f\u00fcr jedes gebuchte Meeting, plus eine 10%-Provision von bis zu 1.000 \u20ac f\u00fcr jeden abgeschlossenen Vertrag. <\/p>\n<p>Alles, was Sie tun m\u00fcssen, ist uns eine E-Mail zu schicken.<\/p>\n<h2 id=\"are-you\">Sind Sie...<\/h2>\n<ul>\n<li>Eine andere Agentur mit M\u00f6glichkeiten, die Sie weitergeben m\u00f6chten?<\/li>\n<li>Ein bestehender Kunde von uns?<\/li>\n<li>Jemand, der mit vielen Unternehmen spricht?<\/li>\n<li>Oder nur jemand, der zuf\u00e4llig jemanden kennt?<\/li>\n<\/ul>\n<p>Das spielt eigentlich keine Rolle. Jeder kann von unserem bestbezahlten Partnerprogramm f\u00fcr Gesch\u00e4ftsentwicklung profitieren.<\/p>\n<h2 id=\"how-does-it-work\">Wie funktioniert das?<\/h2>\n<ol class=\"numbered\">\n<li>Sie kennen ein Unternehmen, das eine der von uns angebotenen Dienstleistungen ben\u00f6tigt, z. B. Webdesign und -entwicklung, SEO oder Content Marketing f\u00fcr seine Website.<\/li>\n<li>Sie teilen uns mit, dass Sie das Unternehmen an uns weiterleiten werden, oder geben uns einige grundlegende Informationen \u00fcber das Unternehmen, damit wir uns mit ihm in Verbindung setzen k\u00f6nnen.<\/li>\n<li>Wenn wir ein Treffen mit Ihrer Empfehlung buchen, erhalten Sie sofort 50 \u20ac.<\/li>\n<li>Wenn wir einen Vertrag mit Ihrer Empfehlung abschlie\u00dfen, erhalten Sie eine Provision von bis zu 1000 \u20ac.<\/li>\n<\/ol>\n<p>Die Anzahl der Kunden, die Sie an uns verweisen k\u00f6nnen, ist unbegrenzt. Je mehr, desto besser!<\/p>\n<h2 id=\"start-earning-today\">Fangen Sie noch heute an zu verdienen!<\/h2>\n<p>Wenn Sie mehr \u00fcber unser Kundenempfehlungsprogramm f\u00fcr Webagenturen erfahren m\u00f6chten, senden Sie uns einfach eine E-Mail an <a href=\"mailto:referrals@conlumina.com\">referrals@conlumina.com<\/a> und wir werden das Gespr\u00e4ch von dort aus weiterf\u00fchren.<\/p>\n<p>Wir freuen uns auf die Zusammenarbeit mit Ihnen!<\/p>","protected":false},"excerpt":{"rendered":"<p>Kennen Sie ein Unternehmen, das eine neue Website braucht oder Hilfe bei seinem digitalen Marketing? Empfehlen Sie sie an uns weiter und wir zahlen Ihnen 50 \u20ac f\u00fcr jede gebuchte Sitzung sowie eine Provision von bis zu 1.000 \u20ac f\u00fcr jeden unterzeichneten Vertrag.<\/p>","protected":false},"author":1,"featured_media":0,"parent":0,"menu_order":0,"comment_status":"closed","ping_status":"closed","template":"","meta":{"_seopress_robots_primary_cat":"","_seopress_titles_title":"","_seopress_titles_desc":"","_seopress_robots_index":"","footnotes":""},"categories":[],"class_list":["post-808","page","type-page","status-publish","hentry"],"meta_box":{"ticker_image":[],"related_testimonial":"","section_group":[]},"_links":{"self":[{"href":"https:\/\/conlumina.com\/de\/wp-json\/wp\/v2\/pages\/808","targetHints":{"allow":["GET"]}}],"collection":[{"href":"https:\/\/conlumina.com\/de\/wp-json\/wp\/v2\/pages"}],"about":[{"href":"https:\/\/conlumina.com\/de\/wp-json\/wp\/v2\/types\/page"}],"author":[{"embeddable":true,"href":"https:\/\/conlumina.com\/de\/wp-json\/wp\/v2\/users\/1"}],"replies":[{"embeddable":true,"href":"https:\/\/conlumina.com\/de\/wp-json\/wp\/v2\/comments?post=808"}],"version-history":[{"count":5,"href":"https:\/\/conlumina.com\/de\/wp-json\/wp\/v2\/pages\/808\/revisions"}],"predecessor-version":[{"id":817,"href":"https:\/\/conlumina.com\/de\/wp-json\/wp\/v2\/pages\/808\/revisions\/817"}],"wp:attachment":[{"href":"https:\/\/conlumina.com\/de\/wp-json\/wp\/v2\/media?parent=808"}],"wp:term":[{"taxonomy":"category","embeddable":true,"href":"https:\/\/conlumina.com\/de\/wp-json\/wp\/v2\/categories?post=808"}],"curies":[{"name":"wp","href":"https:\/\/api.w.org\/{rel}","templated":true}]}}