{"id":1002,"date":"2022-12-31T12:06:18","date_gmt":"2022-12-31T10:06:18","guid":{"rendered":"https:\/\/conlumina.com\/?page_id=1002"},"modified":"2023-01-07T00:30:15","modified_gmt":"2023-01-06T22:30:15","slug":"jobb","status":"publish","type":"page","link":"https:\/\/conlumina.com\/sv\/jobs\/","title":{"rendered":"Jobb"},"content":{"rendered":"<p>Vi har inga lediga tj\u00e4nster f\u00f6r tillf\u00e4llet, men l\u00e5t inte det stoppa dig. Skicka g\u00e4rna en spontan ans\u00f6kan till oss p\u00e5 f\u00f6ljande adress: <a href=\"mailto:career@conlumina.com\">career@conlumina.com<\/a>.<\/p>","protected":false},"excerpt":{"rendered":"<p>Vill du vara med i v\u00e5rt team av digitala kreat\u00f6rer som arbetar helt p\u00e5 distans? P\u00e5 Conlumina s\u00f6ker vi alltid efter talangfulla utvecklare, designers, marknadsf\u00f6rare och inneh\u00e5llsskapare.<\/p>","protected":false},"author":1,"featured_media":0,"parent":0,"menu_order":0,"comment_status":"closed","ping_status":"closed","template":"","meta":{"_seopress_robots_primary_cat":"","_seopress_titles_title":"","_seopress_titles_desc":"","_seopress_robots_index":"","footnotes":""},"categories":[],"class_list":["post-1002","page","type-page","status-publish","hentry"],"meta_box":{"ticker_image":[],"related_testimonial":"","section_group":[]},"_links":{"self":[{"href":"https:\/\/conlumina.com\/sv\/wp-json\/wp\/v2\/pages\/1002","targetHints":{"allow":["GET"]}}],"collection":[{"href":"https:\/\/conlumina.com\/sv\/wp-json\/wp\/v2\/pages"}],"about":[{"href":"https:\/\/conlumina.com\/sv\/wp-json\/wp\/v2\/types\/page"}],"author":[{"embeddable":true,"href":"https:\/\/conlumina.com\/sv\/wp-json\/wp\/v2\/users\/1"}],"replies":[{"embeddable":true,"href":"https:\/\/conlumina.com\/sv\/wp-json\/wp\/v2\/comments?post=1002"}],"version-history":[{"count":5,"href":"https:\/\/conlumina.com\/sv\/wp-json\/wp\/v2\/pages\/1002\/revisions"}],"predecessor-version":[{"id":1121,"href":"https:\/\/conlumina.com\/sv\/wp-json\/wp\/v2\/pages\/1002\/revisions\/1121"}],"wp:attachment":[{"href":"https:\/\/conlumina.com\/sv\/wp-json\/wp\/v2\/media?parent=1002"}],"wp:term":[{"taxonomy":"category","embeddable":true,"href":"https:\/\/conlumina.com\/sv\/wp-json\/wp\/v2\/categories?post=1002"}],"curies":[{"name":"wp","href":"https:\/\/api.w.org\/{rel}","templated":true}]}}