{"id":1201,"date":"2023-01-12T10:35:13","date_gmt":"2023-01-12T09:35:13","guid":{"rendered":"https:\/\/conlumina.com\/?page_id=1201"},"modified":"2023-01-12T10:35:13","modified_gmt":"2023-01-12T09:35:13","slug":"oxygen-repeater-fix","status":"publish","type":"page","link":"https:\/\/conlumina.com\/sv\/fix-oxygen-repeater-duplicate-ids\/","title":{"rendered":"Fixa dubbla ID:n f\u00f6r Oxygen repeater"},"content":{"rendered":"<p>Detta inl\u00e4gg har arkiverats eftersom korrigeringen inte l\u00e4ngre beh\u00f6vs. Om du fortfarande \u00e4r intresserad av koden kan du hitta den p\u00e5 <a href=\"https:\/\/github.com\/conlumina\/oxygen-repeater-incremental-ids\" target=\"_blank\" rel=\"noopener\">Github<\/a>.<\/p>","protected":false},"excerpt":{"rendered":"<p>Det h\u00e4r inl\u00e4gget har arkiverats eftersom korrigeringen inte l\u00e4ngre beh\u00f6vs. Om du fortfarande \u00e4r intresserad av koden kan du hitta den p\u00e5 Github.<\/p>","protected":false},"author":1,"featured_media":0,"parent":0,"menu_order":0,"comment_status":"closed","ping_status":"closed","template":"","meta":{"_seopress_robots_primary_cat":"","_seopress_titles_title":"","_seopress_titles_desc":"","_seopress_robots_index":"","footnotes":""},"categories":[],"class_list":["post-1201","page","type-page","status-publish","hentry"],"meta_box":{"ticker_image":[],"related_testimonial":"","section_group":[]},"_links":{"self":[{"href":"https:\/\/conlumina.com\/sv\/wp-json\/wp\/v2\/pages\/1201","targetHints":{"allow":["GET"]}}],"collection":[{"href":"https:\/\/conlumina.com\/sv\/wp-json\/wp\/v2\/pages"}],"about":[{"href":"https:\/\/conlumina.com\/sv\/wp-json\/wp\/v2\/types\/page"}],"author":[{"embeddable":true,"href":"https:\/\/conlumina.com\/sv\/wp-json\/wp\/v2\/users\/1"}],"replies":[{"embeddable":true,"href":"https:\/\/conlumina.com\/sv\/wp-json\/wp\/v2\/comments?post=1201"}],"version-history":[{"count":2,"href":"https:\/\/conlumina.com\/sv\/wp-json\/wp\/v2\/pages\/1201\/revisions"}],"predecessor-version":[{"id":1203,"href":"https:\/\/conlumina.com\/sv\/wp-json\/wp\/v2\/pages\/1201\/revisions\/1203"}],"wp:attachment":[{"href":"https:\/\/conlumina.com\/sv\/wp-json\/wp\/v2\/media?parent=1201"}],"wp:term":[{"taxonomy":"category","embeddable":true,"href":"https:\/\/conlumina.com\/sv\/wp-json\/wp\/v2\/categories?post=1201"}],"curies":[{"name":"wp","href":"https:\/\/api.w.org\/{rel}","templated":true}]}}