{"id":1526,"date":"2023-07-20T23:34:33","date_gmt":"2023-07-20T21:34:33","guid":{"rendered":"https:\/\/conlumina.com\/?page_id=1526"},"modified":"2025-01-10T16:01:54","modified_gmt":"2025-01-10T15:01:54","slug":"webbyra","status":"publish","type":"page","link":"https:\/\/conlumina.com\/sv\/web-agency\/","title":{"rendered":"Web Agency Stockholm &amp; Berlin | Resultat som g\u00f6r skillnad"},"content":{"rendered":"<h2 id=\"welcome-to-conlumina-your-professional-web-agency\">V\u00e4lkommen till Conlumina - din professionella webbyr\u00e5<\/h2>\n<p>Vi \u00e4r en erfaren och p\u00e5litlig byr\u00e5 som hj\u00e4lper f\u00f6retag att skapa en stark profil p\u00e5 n\u00e4tet. Vi jobbar med strategi, grafisk design, webbutveckling, content och digital marknadsf\u00f6ring. Som fullservicebyr\u00e5 arbetar vi helhetligt med alla pusselbitar f\u00f6r att n\u00e5 era m\u00e5l. Det kan handla om att f\u00f6rb\u00e4ttra anv\u00e4ndarupplevelsen, \u00f6ka er synlighet p\u00e5 n\u00e4tet eller driva p\u00e5 f\u00f6rs\u00e4ljningen online.<\/p>\n<p>Vi har rankats som en av de b\u00e4sta webbyr\u00e5erna i Stockholm. Vi \u00e4r stolta \u00f6ver det, men \u00e4nnu stoltare \u00f6ver att vara en del av v\u00e5ra kunders framg\u00e5ng - att ha f\u00e5tt delta p\u00e5 deras resa, se dem v\u00e4xa och uppn\u00e5 sina l\u00e5ngsiktiga m\u00e5l p\u00e5 n\u00e4tet.<\/p>\n<p>N\u00e4r ni v\u00e4ljer oss som partner kan ni vara s\u00e4kra p\u00e5 att ni f\u00e5r h\u00f6gkvalitativa tj\u00e4nster och snabb, personlig service. V\u00e5rt team av professionella och erfarna konsulter \u00e4r engagerade i att f\u00f6rst\u00e5 era behov och m\u00e5l f\u00f6r att kunna skapa en skr\u00e4ddarsydd strategi som fungerar f\u00f6r just ert f\u00f6retag.<\/p>\n<p>I princip allt vi g\u00f6r syftar till att st\u00e4rka din digitala n\u00e4rvaro och n\u00e5 ut till en bredare publik. N\u00e4r vi utvecklar webbplatser l\u00e4gger vi stor vikt vid att optimera webbplatsen f\u00f6r att f\u00f6rb\u00e4ttra dess ranking i s\u00f6kmotorer. Efter lanseringen fokuserar vi p\u00e5 andra aspekter av SEO (Search Engine Optimisation), s\u00e5som inneh\u00e5llsoptimering, l\u00e4nkbyggande och s\u00f6kordsoptimering. Vi \u00e4r skickliga p\u00e5 <a href=\"https:\/\/conlumina.com\/sv\/contentbyra-stockholm\/\">content marketing<\/a> och kan dessutom utveckla och hantera effektiva reklamkampanjer med Google Ads.<\/p>","protected":false},"excerpt":{"rendered":"<p>Vi \u00e4r en topprankad webbyr\u00e5 i Stockholm som bygger milj\u00f6v\u00e4nliga webbplatser med garanti f\u00f6r h\u00f6gsta prestanda och anv\u00e4ndarv\u00e4nlighet. Integritet och tillg\u00e4nglighet ing\u00e5r.<\/p>","protected":false},"author":1,"featured_media":2164,"parent":0,"menu_order":0,"comment_status":"closed","ping_status":"closed","template":"","meta":{"_seopress_robots_primary_cat":"","_seopress_titles_title":"Conlumina Web Agency \u2013 Results that make a difference","_seopress_titles_desc":"We are a web agency in Stockholm and Berlin. We build eco-friendly websites with guaranteed top performance and usability. Privacy and accessibility included.","_seopress_robots_index":"","footnotes":""},"categories":[],"class_list":["post-1526","page","type-page","status-publish","has-post-thumbnail","hentry"],"meta_box":{"ticker_image":[],"related_testimonial":"856","section_group":[{"section_type":"wysiwyg","section_wysiwyg":"<h2>A web agency with a focus on quality<\/h2>\r\nYour website is your public face and the most important marketing tool you have. Therefore, we place great emphasis on maximising its potential. We have extensive experience in web development and ensure that you get a long-term, flexible and high-performance website that meets your specific needs. Here are 10 benefits you can look forward to when you hire us to build a new website:\r\n<ol>\r\n \t<li>Guaranteed top performance and usability<\/li>\r\n \t<li>Eco-friendly website and hosting<\/li>\r\n \t<li>Full accessibility<\/li>\r\n \t<li>GDPR-compliant solutions<\/li>\r\n \t<li>Superior security<\/li>\r\n \t<li>Integrated platforms &amp; automated processes<\/li>\r\n \t<li>Flexible, future-proof architecture<\/li>\r\n \t<li>User-friendly administration<\/li>\r\n \t<li>Proactive management<\/li>\r\n \t<li>100% customer satisfaction<\/li>\r\n<\/ol>\r\nRead more about the benefits of choosing us as your website technical partner below. Or click through to discover how we can help you with <a href=\"https:\/\/conlumina.com\/services\/strategy\/\">strategy and research<\/a>, <a href=\"https:\/\/conlumina.com\/services\/design\/\">web design<\/a>, <a href=\"https:\/\/conlumina.com\/content-agency\/\">content creation<\/a> and <a href=\"https:\/\/conlumina.com\/services\/marketing\/\">online marketing<\/a>.\r\n\r\n<img class=\"aligncenter wp-image-1494 size-large\" src=\"https:\/\/conlumina.com\/wp-content\/uploads\/2023\/07\/webbyra-stockholm-1200x200-1-1024x171.jpeg\" alt=\"A WordPress web agency in Berlin and Stockholm\" width=\"1024\" height=\"171\" \/>\r\n\r\nWordPress agency - achieve online success with the world's most popular CMS."},{"section_type":"wysiwyg","section_wysiwyg":"<h3>10 advantages of choosing our web agency<\/h3>\r\n<h4>1. Guaranteed top performance and usability<\/h4>\r\nWe build all our websites from scratch and program them by hand. This means you get an extremely fast, extremely lightweight website. We even guarantee it by promising a top rating in <a href=\"https:\/\/pagespeed.web.dev\/\" target=\"_blank\" rel=\"nofollow noopener\">PageSpeed Insights<\/a>: at least 90 out of 100 points on both mobile and desktop. <strong>We know of no other web agency that can match this promise.<\/strong>\r\n<h4><img class=\"aligncenter wp-image-1542 size-large\" src=\"https:\/\/conlumina.com\/wp-content\/uploads\/2023\/07\/pagespeed-top-results-1100x890-1-1024x829.jpg\" alt=\"Conlumina web agency website with top results in Google PageSpeed Insights\" width=\"1024\" height=\"829\" \/><\/h4>\r\nPageSpeed Insights is Google's own test to measure the speed, search engine optimisation, accessibility and overall quality of a website. Getting a good result (over 90 points) is notoriously difficult, especially on the mobile side. But it's well worth trying!\r\n\r\nWhen a website receives high PageSpeed scores, it signals to the search engine that the site loads quickly and offers an optimal user experience. This makes the search giant more likely to recommend it to its users by showing it higher in the search results. Getting a good result in the test is therefore important to improve your online visibility and reach a wider audience.\r\n\r\nWe understand that it can be difficult for customers to assess the technical quality of a website. Our <a href=\"https:\/\/conlumina.com\/pagespeed-guarantee\/\">PageSpeed guarantee<\/a> gives you reliable proof that we have done a good job.\r\n<h4>2. Eco-friendly website and hosting<\/h4>\r\nHigh-performance websites are not only good for you and your visitors. They are also good for the planet. By guaranteeing optimal performance, we ensure that your website generates as little unnecessary data as possible, which can <strong>reduce its climate impact by up to 75%<\/strong>.\r\n\r\nTo further promote eco-friendly operations, our VPS (Virtual Private Servers) and CDN (Content Delivery Network) are powered by renewable energy. We also double offset all websites by planting trees. Through these actions, we help restore nature and offset the carbon emissions associated with the operation of the website.\r\n\r\n<strong>By choosing us as your technical partner, you can be sure to get a website that prioritises both performance and environmental concerns.<\/strong>\r\n\r\n<img class=\"aligncenter wp-image-1449 size-large\" src=\"https:\/\/conlumina.com\/wp-content\/uploads\/2023\/07\/green-websites-1024x309.jpg\" alt=\"Sustainable website\" width=\"1024\" height=\"309\" \/>\r\n<h4>3. Full accessibility<\/h4>\r\nWe ensure that all users, regardless of abilities, can access and use your website. We develop all websites according to WCAG 2.1 level AA guidelines, which means they meet the EU Accessibility Act that will become law in 2025.\r\n\r\nOur custom web page components follow the WAI-ARIA design pattern, and can also be controlled via the keyboard. This is a bit of an overkill, but it provides a greatly improved experience for all users.\r\n\r\nThis makes us one of very few agencies worldwide to offer <strong>full accessibility as standard<\/strong>.\r\n\r\n<img class=\"aligncenter wp-image-519 size-large\" src=\"https:\/\/conlumina.com\/wp-content\/uploads\/2022\/11\/aiolos-aaa-1024x338.jpg\" alt=\"WCAG compliant website\" width=\"1024\" height=\"338\" \/>\r\n<h4>4. GDPR compliant solutions<\/h4>\r\nMost websites use cookies and trackers to collect and track user data. This data is often shared with social networks, advertising networks and other commercial actors. This leads to obvious privacy and data protection issues. We are happy to propose alternative solutions that meet the requirements of the GDPR to protect you and your visitors' privacy. In the optimal scenario, you will have a completely <strong>cookieless website<\/strong>. This way, your visitors will also be spared the annoying cookie banner.\r\n<h4>5. Superior security<\/h4>\r\nWe protect your website with <strong>firewalls, virus protection and 2FA login<\/strong>. Many agencies use security solutions that are installed directly on the website. Unfortunately, this does not provide very good protection and also degrades the performance of the website. To solve this problem, we instead implement security measures at the server level, and even earlier than that, before the traffic even reaches the server. One solution we use is Cloudflare, which filters and protects traffic from threats and attacks.\r\n\r\nTo ensure maximum security for your website, we also make sure it has the necessary <strong>security headers<\/strong> to protect visitors and avoid potential vulnerabilities. Unfortunately, we are quite alone in this.\r\n\r\n<img class=\"aligncenter wp-image-1450 size-large\" src=\"https:\/\/conlumina.com\/wp-content\/uploads\/2023\/07\/security-headers-blurred-1024x230.jpg\" alt=\"Custom HTTP Security Headers\" width=\"1024\" height=\"230\" \/>\r\n<h4>6. Integrated platforms &amp; automated processes<\/h4>\r\nA website is not only for your visitors. It can also be an effective tool to optimise your internal processes and workflows. We are experts in integrating different platforms and implementing automated processes that can facilitate your business.\r\n<h4>7. Flexible, future-proof architecture<\/h4>\r\nWe create a flexible website that can adapt to your future needs and grow with your business. We build everything modularly, which means that all components of the site can be edited and customised separately. This leads to more efficient development, easier maintenance, consistency in design and user experience, and the ability to update and customise quickly. It also allows you to create new pages and layouts yourself by reusing existing modules, without having to contact us for help.\r\n<h4>8. User-friendly administration<\/h4>\r\nGet a website with a clean, clear and intuitive admin panel. Customised page types and fields with clear explanations make it easy for your content editors to manage and update your website content. Without the risk of anything breaking or changing appearance.\r\n<h4>9. Proactive management<\/h4>\r\nAs a proactive partner, we keep your website in top condition and provide ongoing suggestions for improvement.\r\n<h4>10. 100% customer satisfaction<\/h4>\r\nWe are appreciated for our fast, personalised service. We are always there for you when you need us and solve most problems the same day."},{"section_type":"cta"},{"section_type":"wysiwyg","section_wysiwyg":"<h3><img class=\"aligncenter size-full wp-image-1595\" src=\"https:\/\/conlumina.com\/wp-content\/uploads\/2023\/07\/client-global-map_950x500px.png\" alt=\"Conlumina agency clients on world map\" width=\"950\" height=\"500\" \/><\/h3>\r\n<h3>A web agency for everyone<\/h3>\r\nWe are where you are - online. We are just as much your web agency Oslo, web agency Copenhagen, web agency Vienna, web agency London, web agency New York.... We work with clients all over Scandinavia, EU and the world."}]},"_links":{"self":[{"href":"https:\/\/conlumina.com\/sv\/wp-json\/wp\/v2\/pages\/1526","targetHints":{"allow":["GET"]}}],"collection":[{"href":"https:\/\/conlumina.com\/sv\/wp-json\/wp\/v2\/pages"}],"about":[{"href":"https:\/\/conlumina.com\/sv\/wp-json\/wp\/v2\/types\/page"}],"author":[{"embeddable":true,"href":"https:\/\/conlumina.com\/sv\/wp-json\/wp\/v2\/users\/1"}],"replies":[{"embeddable":true,"href":"https:\/\/conlumina.com\/sv\/wp-json\/wp\/v2\/comments?post=1526"}],"version-history":[{"count":5,"href":"https:\/\/conlumina.com\/sv\/wp-json\/wp\/v2\/pages\/1526\/revisions"}],"predecessor-version":[{"id":1544,"href":"https:\/\/conlumina.com\/sv\/wp-json\/wp\/v2\/pages\/1526\/revisions\/1544"}],"wp:featuredmedia":[{"embeddable":true,"href":"https:\/\/conlumina.com\/sv\/wp-json\/wp\/v2\/media\/2164"}],"wp:attachment":[{"href":"https:\/\/conlumina.com\/sv\/wp-json\/wp\/v2\/media?parent=1526"}],"wp:term":[{"taxonomy":"category","embeddable":true,"href":"https:\/\/conlumina.com\/sv\/wp-json\/wp\/v2\/categories?post=1526"}],"curies":[{"name":"wp","href":"https:\/\/api.w.org\/{rel}","templated":true}]}}