{"id":1566,"date":"2023-07-26T15:37:27","date_gmt":"2023-07-26T13:37:27","guid":{"rendered":"https:\/\/conlumina.com\/?page_id=1566"},"modified":"2023-07-27T14:52:09","modified_gmt":"2023-07-27T12:52:09","slug":"contentbyra-stockholm","status":"publish","type":"page","link":"https:\/\/conlumina.com\/sv\/content-agency\/","title":{"rendered":"Content Agency Stockholm &amp; Berlin | Content Marketing f\u00f6r dominans i s\u00f6kmotorer"},"content":{"rendered":"<h2 id=\"a-top-content-agency-in-stockholm-and-berlin\">En ledande contentbyr\u00e5 i Stockholm<\/h2>\n<p>L\u00e5t v\u00e5r expertis bli er konkurrensf\u00f6rdel. Med v\u00e5rt strategiska och m\u00e5linriktade tillv\u00e4gag\u00e5ngss\u00e4tt har vi utsetts till en av de b\u00e4sta digitala marknadsf\u00f6ringsbyr\u00e5erna i Stockholm. Med hj\u00e4lp av topptalanger och datadrivna verktyg \u00e4r v\u00e5ra content marketing-tj\u00e4nster utformade f\u00f6r att ge er n\u00e4rvaro p\u00e5 n\u00e4tet en rej\u00e4l skjuts som driver trafik, leads och f\u00f6rs\u00e4ljning.<\/p>\n<p>V\u00e5r <a href=\"https:\/\/conlumina.com\/sv\/tjanster\/innehall\/\">content-tj\u00e4nster<\/a> inkluderar copywriting och texter f\u00f6r webben p\u00e5 svenska, engelska och tyska. Med djupa kontakter i Stockholms kreativa milj\u00f6er erbjuder vi \u00e4ven fotografi, illustrationer och videoproduktion samt 2D\/3D-animationer och infografik av fantastiska konstn\u00e4rer.<\/p>","protected":false},"excerpt":{"rendered":"<p>Conlumina \u00e4r en topprankad byr\u00e5 i Stockholm. Vi skapar s\u00f6koptimerat inneh\u00e5ll som n\u00e5r ut till er m\u00e5lgrupp och f\u00e5r ert varum\u00e4rke att utstr\u00e5la den expertis och p\u00e5litlighet som kr\u00e4vs f\u00f6r att utm\u00e4rka sig i den digitala konkurrensen.<\/p>","protected":false},"author":1,"featured_media":1599,"parent":0,"menu_order":0,"comment_status":"closed","ping_status":"closed","template":"","meta":{"_seopress_robots_primary_cat":"","_seopress_titles_title":"Content Agency | Content Marketing for Search Engine Domination","_seopress_titles_desc":"We are a top-ranked content marketing agency in Stockholm and Berlin. Discover the power of a strategic approach tailored to your industry.","_seopress_robots_index":"","footnotes":""},"categories":[],"class_list":["post-1566","page","type-page","status-publish","has-post-thumbnail","hentry"],"meta_box":{"ticker_image":[],"related_testimonial":"569","section_group":[{"section_type":"wysiwyg","section_wysiwyg":"<h2>Conquer Content Marketing Challenges<\/h2>\r\nCreating content that not only resonates and builds trust with your audience but also ranks high in search engines can be a daunting challenge. In fact, it has never been more challenging, more complex or more competitive.\r\n\r\nStanding out amidst the competition requires a strategic approach, meticulous optimisation, and a deep understanding of what search engines are looking for.\r\n\r\nMany businesses struggle to find the time and resources to even start figuring it out, leaving them frustrated with lacklustre results and a nowhere to be seen online profile. That's where we enter the picture \u2013 we are here to take the weight off your shoulders and lead you towards content success.\r\n\r\nOur team of skilled writers, SEO experts, and strategists work hand-in-hand to help you achieve remarkable rankings, increased organic traffic, and a brand image that exudes expertise and trustworthiness. With our expertise, you can leave content hardships behind and enjoy the fruits of a content strategy that drives tangible results.\r\n<h3>In-Depth Knowledge and Insights<\/h3>\r\nAs a content marketing agency, we have experience with most industries and know what challenges they face. Benefit from our in-depth knowledge and insights, allowing us to craft a customised content strategy that addresses your specific needs and objectives. Discover the power of a strategic approach tailored to your industry, and watch your content flourish like never before.\r\n<h3>Crafting Content That Ranks<\/h3>\r\nWether writing for your website, blog, or social media channels, our team of skilled writers craft content that demonstrates the exact qualities that Google is always looking for: expertise, experience, authoritativeness, and trustworthiness. <strong>Our content agency is dedicated to showcasing these E-E-A-T qualities in every article we create,<\/strong> ensuring that your marketing campaigns not only engages your target audience but also establishes your brand as a reliable and authoritative source in your industry.\r\n<h3>Your Brand's Voice Amplified<\/h3>\r\nWe pride ourselves on producing high-quality content that speaks directly to your audience. From informative blog posts, case studies and whitepapers to engaging social media copies, our content writing services breathe life into your brand's voice, <strong>driving meaningful connections and fostering customer loyalty<\/strong>. Supported by stunning visuals and interactive content, your brand's message will resonate like never before, making a lasting impact on your audience's hearts and minds.\r\n<h3>Optimisation for Search Engine Domination<\/h3>\r\nUnlock the potential of your content with our content optimisation expertise. Our SEO specialists employs cutting-edge techniques, carefully analysing keywords, content structure and search intent to <strong>ensure your digital content ranks higher on search engines<\/strong>. By optimising for <a href=\"https:\/\/blog.google\/products\/search\/how-ai-powers-great-search-results\/\" target=\"_blank\" rel=\"noopener\">Google RankBrain<\/a>, we help you reach your target audience and gain an edge over your competitors.\r\n\r\n<img class=\"aligncenter wp-image-1580 size-full\" src=\"https:\/\/conlumina.com\/wp-content\/uploads\/2023\/07\/content-writing-optimisation_865x460px.jpg\" alt=\"Content agency for search-optimised content writing services\" width=\"865\" height=\"460\" \/>\r\n<div><\/div>\r\n<h3>Enhanced Efficiency, Streamlined Results<\/h3>\r\nCollaborate seamlessly with our team, experiencing a hassle-free content creation process from start to finish. We invite you to our workspace to review, edit and comment on our content marketing efforts. We understand the importance of timely delivery, and our efficient workflow ensures projects are completed on schedule, while keeping you involved and informed every step of the way.\r\n<h3>Follow-Up and Analysis<\/h3>\r\nWhereas many marketing agencies deliver their content and call it a day,<strong> we put a strong emphasis on long-term success<\/strong>. With our performance reports, you'll gain a deeper understanding of your content's reach, engagement, and conversion rates. These insights allow us to fine-tune our strategies and continually optimise your content to maximise its effectiveness. Our data-driven approach ensures that your content remains aligned with your business goals and consistently delivers exceptional results.\r\n<h3>How can we help you?<\/h3>\r\nEvery business and organisation is unique, with distinct needs and objectives. Some may require a comprehensive content marketing strategy including market and competitor research, project management and coordination. Others may seek more specific services like daily social media postings or product descriptions at scale. Some just need help getting a page to show up in search. Whatever your requirements, we are here to help you. Reach out to us today, and let's explore how our expertise in SEO and creative content marketing can drive your business forward."},{"section_type":"cta"},{"section_type":"wysiwyg","section_wysiwyg":"<h3><img class=\"aligncenter size-full wp-image-1595\" src=\"https:\/\/conlumina.com\/wp-content\/uploads\/2023\/07\/client-global-map_950x500px.png\" alt=\"Conlumina agency clients on world map\" width=\"950\" height=\"500\" \/><\/h3>\r\n<h3>More Than A Content Agency<\/h3>\r\nAs a full-service digital agency, we are more than just a content agency working with an international clientele. We offer expertise and holistic guidance throughout your digital journey. As a <a href=\"https:\/\/conlumina.com\/web-agency\/\">web agency<\/a>, design agency, content agency and digital marketing agency, we can illuminate every aspect of your online presence."}]},"_links":{"self":[{"href":"https:\/\/conlumina.com\/sv\/wp-json\/wp\/v2\/pages\/1566","targetHints":{"allow":["GET"]}}],"collection":[{"href":"https:\/\/conlumina.com\/sv\/wp-json\/wp\/v2\/pages"}],"about":[{"href":"https:\/\/conlumina.com\/sv\/wp-json\/wp\/v2\/types\/page"}],"author":[{"embeddable":true,"href":"https:\/\/conlumina.com\/sv\/wp-json\/wp\/v2\/users\/1"}],"replies":[{"embeddable":true,"href":"https:\/\/conlumina.com\/sv\/wp-json\/wp\/v2\/comments?post=1566"}],"version-history":[{"count":5,"href":"https:\/\/conlumina.com\/sv\/wp-json\/wp\/v2\/pages\/1566\/revisions"}],"predecessor-version":[{"id":1593,"href":"https:\/\/conlumina.com\/sv\/wp-json\/wp\/v2\/pages\/1566\/revisions\/1593"}],"wp:featuredmedia":[{"embeddable":true,"href":"https:\/\/conlumina.com\/sv\/wp-json\/wp\/v2\/media\/1599"}],"wp:attachment":[{"href":"https:\/\/conlumina.com\/sv\/wp-json\/wp\/v2\/media?parent=1566"}],"wp:term":[{"taxonomy":"category","embeddable":true,"href":"https:\/\/conlumina.com\/sv\/wp-json\/wp\/v2\/categories?post=1566"}],"curies":[{"name":"wp","href":"https:\/\/api.w.org\/{rel}","templated":true}]}}