{"id":1606,"date":"2023-07-26T16:58:35","date_gmt":"2023-07-26T14:58:35","guid":{"rendered":"https:\/\/conlumina.com\/?page_id=1606"},"modified":"2023-07-26T17:04:03","modified_gmt":"2023-07-26T15:04:03","slug":"sitemap","status":"publish","type":"page","link":"https:\/\/conlumina.com\/sv\/sitemap\/","title":{"rendered":"Sitemap"},"content":{"rendered":"<div class=\"wrap-html-sitemap sp-html-sitemap\"><div class=\"sp-wrap-cpt\"><h2 class=\"sp-cpt-name\">Sidor<\/h2><ul class=\"sp-list-posts sp-cpt-hierarchical\"><li class=\"page_item page-item-2277\"><a href=\"https:\/\/conlumina.com\/sv\/sustainable-web-agency\/\">H\u00e5llbar webbyr\u00e5<\/a><\/li><li class=\"page_item page-item-2123\"><a href=\"https:\/\/conlumina.com\/sv\/best-digital-agency-in-stockholm\/\">B\u00e4sta digitala byr\u00e5 i Stockholm?<\/a><\/li><li class=\"page_item page-item-1938\"><a href=\"https:\/\/conlumina.com\/sv\/website-check\/\">Kontroll av webbplatsens h\u00e5llbarhet och prestanda<\/a><\/li><li class=\"page_item page-item-1811\"><a href=\"https:\/\/conlumina.com\/sv\/launchpad-services\/\">Launchpad-tj\u00e4nster<\/a><\/li><li class=\"page_item page-item-1606\"><a href=\"https:\/\/conlumina.com\/sv\/sitemap\/\">Sitemap<\/a><\/li><li class=\"page_item page-item-1566\"><a href=\"https:\/\/conlumina.com\/sv\/content-agency\/\">Content Agency Stockholm &amp; Berlin | Content Marketing f\u00f6r dominans i s\u00f6kmotorer<\/a><\/li><li class=\"page_item page-item-1526\"><a href=\"https:\/\/conlumina.com\/sv\/web-agency\/\">Web Agency Stockholm &amp; Berlin | Resultat som g\u00f6r skillnad<\/a><\/li><li class=\"page_item page-item-1433\"><a href=\"https:\/\/conlumina.com\/sv\/newsletter\/\">Nyhetsbrev<\/a><\/li><li class=\"page_item page-item-1002\"><a href=\"https:\/\/conlumina.com\/sv\/jobs\/\">Jobb<\/a><\/li><li class=\"page_item page-item-900\"><a href=\"https:\/\/conlumina.com\/sv\/equal-access\/\">Lika tillg\u00e4nglighet f\u00f6r alla<\/a><\/li><li class=\"page_item page-item-808\"><a href=\"https:\/\/conlumina.com\/sv\/client-referral-program\/\">H\u00e4nvisningsprogram<\/a><\/li><li class=\"page_item page-item-797\"><a href=\"https:\/\/conlumina.com\/sv\/website-plans\/\">Hyr en hemsida<\/a><\/li><li class=\"page_item page-item-791\"><a href=\"https:\/\/conlumina.com\/sv\/easy-management\/\">Enkel hantering<\/a><\/li><li class=\"page_item page-item-784\"><a href=\"https:\/\/conlumina.com\/sv\/pagespeed-guarantee\/\">PageSpeed-garanti<\/a><\/li><li class=\"page_item page-item-656\"><a href=\"https:\/\/conlumina.com\/sv\/best-digital-agency-in-berlin\/\">B\u00e4sta digitala byr\u00e5n i Berlin?<\/a><\/li><li class=\"page_item page-item-650\"><a href=\"https:\/\/conlumina.com\/sv\/personal-websites\/\">Personliga webbplatser<\/a><\/li><li class=\"page_item page-item-630\"><a href=\"https:\/\/conlumina.com\/sv\/pagespeed-check\/\">PageSpeed-kontroll<\/a><\/li><li class=\"page_item page-item-491\"><a href=\"https:\/\/conlumina.com\/sv\/environmental-policy\/\">Milj\u00f6policy<\/a><\/li><li class=\"page_item page-item-431\"><a href=\"https:\/\/conlumina.com\/sv\/accessibility-statement\/\">Tillg\u00e4nglighetsf\u00f6rklaring<\/a><\/li><li class=\"page_item page-item-324\"><a href=\"https:\/\/conlumina.com\/sv\/impressum\/\">Impressum<\/a><\/li><li class=\"page_item page-item-322\"><a href=\"https:\/\/conlumina.com\/sv\/about\/\">Om oss<\/a><\/li><li class=\"page_item page-item-300\"><a href=\"https:\/\/conlumina.com\/sv\/contact\/\">Kontakta oss<\/a><\/li><li class=\"page_item page-item-296\"><a href=\"https:\/\/conlumina.com\/sv\/\">Conlumina<\/a><\/li><li class=\"page_item page-item-294 current_page_parent\"><a href=\"https:\/\/conlumina.com\/sv\/blog\/\">Conlumina blogg<\/a><\/li><li class=\"page_item page-item-3\"><a href=\"https:\/\/conlumina.com\/sv\/privacy-policy\/\">Integritetspolicy<\/a><\/li><\/ul><\/div><div class=\"sp-wrap-cpt\"><h2 class=\"sp-cpt-name\">Inl\u00e4gg<\/h2><div class=\"sp-wrap-cats\"><div class=\"sp-wrap-cat\"><h3 class=\"sp-cat-name\"><a href=\"https:\/\/conlumina.com\/sv\/blog\/content\/\">Inneh\u00e5ll<\/a><\/h3><ul class=\"sp-list-posts\"><li><a href=\"https:\/\/conlumina.com\/sv\/how-to-make-your-content-rank-higher-on-google\/\">Hur du f\u00e5r ditt inneh\u00e5ll att rankas h\u00f6gre p\u00e5 Google<\/a><\/li><\/ul><\/div><div class=\"sp-wrap-cat\"><h3 class=\"sp-cat-name\"><a href=\"https:\/\/conlumina.com\/sv\/blog\/design\/\">Design<\/a><\/h3><ul class=\"sp-list-posts\"><li><a href=\"https:\/\/conlumina.com\/sv\/a-guide-to-web-sustainability\/\">En guide till h\u00e5llbar webb<\/a><\/li><li><a href=\"https:\/\/conlumina.com\/sv\/things-we-like-to-see-in-a-hotel-website\/\">Saker vi vill se p\u00e5 en hotellwebbplats<\/a><\/li><li><a href=\"https:\/\/conlumina.com\/sv\/things-we-like-to-see-in-an-information-rich-website\/\">Saker vi vill se p\u00e5 en informationsrik webbplats<\/a><\/li><li><a href=\"https:\/\/conlumina.com\/sv\/things-we-like-to-see-in-a-performing-arts-website\/\">Saker vi vill se p\u00e5 en webbplats f\u00f6r scenkonst<\/a><\/li><\/ul><\/div><div class=\"sp-wrap-cat\"><h3 class=\"sp-cat-name\"><a href=\"https:\/\/conlumina.com\/sv\/blog\/development\/\">Utveckling<\/a><\/h3><ul class=\"sp-list-posts\"><li><a href=\"https:\/\/conlumina.com\/sv\/boosting-speed-and-reducing-impact\/\">\u00d6kad hastighet och minskad p\u00e5verkan<\/a><\/li><li><a href=\"https:\/\/conlumina.com\/sv\/did-we-set-the-bar-too-low\/\">Har vi satt ribban f\u00f6r l\u00e5gt?<\/a><\/li><li><a href=\"https:\/\/conlumina.com\/sv\/wordpress-20-years\/\">Grattis p\u00e5 20-\u00e5rsdagen, WordPress!<\/a><\/li><li><a href=\"https:\/\/conlumina.com\/sv\/new-year-new-website\/\">Nytt \u00e5r, ny webbplats<\/a><\/li><\/ul><\/div><div class=\"sp-wrap-cat\"><h3 class=\"sp-cat-name\"><a href=\"https:\/\/conlumina.com\/sv\/blog\/marketing\/\">Marknadsf\u00f6ring<\/a><\/h3><ul class=\"sp-list-posts\"><li><a href=\"https:\/\/conlumina.com\/sv\/new-from-conlumina-fully-managed-review-collection-service\/\">Nytt fr\u00e5n Conlumina: Fullst\u00e4ndigt hanterad tj\u00e4nst f\u00f6r insamling av granskningar<\/a><\/li><li><a href=\"https:\/\/conlumina.com\/sv\/ongoing-seo-strategies-for-long-term-success\/\">L\u00f6pande SEO-strategier f\u00f6r l\u00e5ngsiktig framg\u00e5ng<\/a><\/li><li><a href=\"https:\/\/conlumina.com\/sv\/measuring-and-tracking-your-seo-efforts\/\">M\u00e4tning och uppf\u00f6ljning av SEO-insatserna<\/a><\/li><li><a href=\"https:\/\/conlumina.com\/sv\/getting-found-by-nearby-customers\/\">Att bli hittad av kunder i n\u00e4rheten<\/a><\/li><li><a href=\"https:\/\/conlumina.com\/sv\/optimising-your-websites-foundation\/\">Optimera grunden f\u00f6r din webbplats<\/a><\/li><li><a href=\"https:\/\/conlumina.com\/sv\/building-authority-and-trust\/\">Skapa auktoritet och f\u00f6rtroende<\/a><\/li><li><a href=\"https:\/\/conlumina.com\/sv\/optimising-your-content-for-search-engines\/\">Optimera ditt inneh\u00e5ll f\u00f6r s\u00f6kmotorer<\/a><\/li><li><a href=\"https:\/\/conlumina.com\/sv\/the-basics-of-keyword-research\/\">Grunderna i s\u00f6kordsforskning<\/a><\/li><li><a href=\"https:\/\/conlumina.com\/sv\/a-complete-guide-to-boosting-your-website\/\">En komplett guide f\u00f6r att f\u00f6rb\u00e4ttra din webbplats<\/a><\/li><\/ul><\/div><div class=\"sp-wrap-cat\"><h3 class=\"sp-cat-name\"><a href=\"https:\/\/conlumina.com\/sv\/blog\/news\/\">Nyheter<\/a><\/h3><ul class=\"sp-list-posts\"><li><a href=\"https:\/\/conlumina.com\/sv\/new-from-conlumina-fully-managed-review-collection-service\/\">Nytt fr\u00e5n Conlumina: Fullst\u00e4ndigt hanterad tj\u00e4nst f\u00f6r insamling av granskningar<\/a><\/li><li><a href=\"https:\/\/conlumina.com\/sv\/best-sustainable-open-source-web-design-agency-2024-scandinavia\/\">B\u00e4sta h\u00e5llbara webbdesignbyr\u00e5n med \u00f6ppen k\u00e4llkod 2024 - Skandinavien<\/a><\/li><li><a href=\"https:\/\/conlumina.com\/sv\/conlumina-joins-1-for-the-planet\/\">Conlumina ansluter sig till 1% f\u00f6r planeten<\/a><\/li><\/ul><\/div><div class=\"sp-wrap-cat\"><h3 class=\"sp-cat-name\"><a href=\"https:\/\/conlumina.com\/sv\/blog\/strategy\/\">Strategi<\/a><\/h3><ul class=\"sp-list-posts\"><li><a href=\"https:\/\/conlumina.com\/sv\/reaching-wcag-level-aa\/\">Hur du uppn\u00e5r WCAG niv\u00e5 AA<\/a><\/li><li><a href=\"https:\/\/conlumina.com\/sv\/embracing-web-accessibility\/\">Dags att s\u00e4kra webbtillg\u00e4nglighet<\/a><\/li><li><a href=\"https:\/\/conlumina.com\/sv\/process\/\">V\u00e5r process<\/a><\/li><\/ul><\/div><\/div><\/div><div class=\"sp-wrap-cpt\"><h2 class=\"sp-cpt-name\">Tj\u00e4nster<\/h2><div class=\"sp-archive-link\"><a href=\"https:\/\/conlumina.com\/sv\/services\/\">Visa alla tj\u00e4nster<\/a><\/div><ul class=\"sp-list-posts sp-cpt-hierarchical\"><li class=\"page_item page-item-864\"><a href=\"https:\/\/conlumina.com\/sv\/services\/white-label-development\/\">White label-utveckling<\/a><\/li><li class=\"page_item page-item-868\"><a href=\"https:\/\/conlumina.com\/sv\/services\/web-hosting\/\">Webbhotell<\/a><\/li><li class=\"page_item page-item-869\"><a href=\"https:\/\/conlumina.com\/sv\/services\/website-management\/\">F\u00f6rvaltning av webbplatser<\/a><\/li><li class=\"page_item page-item-1702\"><a href=\"https:\/\/conlumina.com\/sv\/services\/360-web-audit\/\">360\u00b0 webbutv\u00e4rdering<\/a><\/li><li class=\"page_item page-item-314\"><a href=\"https:\/\/conlumina.com\/sv\/services\/strategy\/\">Strategi och forskning<\/a><\/li><li class=\"page_item page-item-315\"><a href=\"https:\/\/conlumina.com\/sv\/services\/design\/\">Webbdesign<\/a><\/li><li class=\"page_item page-item-316\"><a href=\"https:\/\/conlumina.com\/sv\/services\/development\/\">Webbutveckling<\/a><\/li><li class=\"page_item page-item-312\"><a href=\"https:\/\/conlumina.com\/sv\/services\/content\/\">Skapande av inneh\u00e5ll<\/a><\/li><li class=\"page_item page-item-313\"><a href=\"https:\/\/conlumina.com\/sv\/services\/marketing\/\">Digital marknadsf\u00f6ring<\/a><\/li><\/ul><\/div><div class=\"sp-wrap-cpt\"><h2 class=\"sp-cpt-name\">Projekt<\/h2><div class=\"sp-archive-link\"><a href=\"https:\/\/conlumina.com\/sv\/projects\/\">Visa alla projekt<\/a><\/div><ul class=\"sp-list-posts\"><li><a href=\"https:\/\/conlumina.com\/sv\/projects\/big-image\/\">Stor bild<\/a><\/li><li><a href=\"https:\/\/conlumina.com\/sv\/projects\/house-of-dance\/\">Dansens Hus<\/a><\/li><li><a href=\"https:\/\/conlumina.com\/sv\/projects\/tuttnauer\/\">Tuttnauer<\/a><\/li><li><a href=\"https:\/\/conlumina.com\/sv\/projects\/ajustpeer\/\">AJustPeer<\/a><\/li><li><a href=\"https:\/\/conlumina.com\/sv\/projects\/khr-architecture\/\">KHR Architecture<\/a><\/li><li><a href=\"https:\/\/conlumina.com\/sv\/projects\/cinelogue\/\">Cinelogue<\/a><\/li><li><a href=\"https:\/\/conlumina.com\/sv\/projects\/pure-care\/\">Pure Care<\/a><\/li><li><a href=\"https:\/\/conlumina.com\/sv\/projects\/dr-pototschnig\/\">Dr. Pototschnig<\/a><\/li><li><a href=\"https:\/\/conlumina.com\/sv\/projects\/aesthetic-clinic\/\">Estetisk klinik<\/a><\/li><li><a href=\"https:\/\/conlumina.com\/sv\/projects\/reddog-transformation\/\">RedDog-omvandling<\/a><\/li><li><a href=\"https:\/\/conlumina.com\/sv\/projects\/btx\/\">BTX<\/a><\/li><li><a href=\"https:\/\/conlumina.com\/sv\/projects\/aiolos\/\">Aiolos<\/a><\/li><li><a href=\"https:\/\/conlumina.com\/sv\/projects\/praun-guermouche\/\">Praun &amp; Guermouche<\/a><\/li><li><a href=\"https:\/\/conlumina.com\/sv\/projects\/artist-run-alliance\/\">Artist-Run Alliance<\/a><\/li><li><a href=\"https:\/\/conlumina.com\/sv\/projects\/die-deutschule\/\">die deutSCHule<\/a><\/li><li><a href=\"https:\/\/conlumina.com\/sv\/projects\/cato-lein\/\">Cato Lein<\/a><\/li><\/ul><\/div><\/div>","protected":false},"excerpt":{"rendered":"","protected":false},"author":1,"featured_media":0,"parent":0,"menu_order":0,"comment_status":"closed","ping_status":"closed","template":"","meta":{"_seopress_robots_primary_cat":"","_seopress_titles_title":"","_seopress_titles_desc":"","_seopress_robots_index":"","footnotes":""},"categories":[],"class_list":["post-1606","page","type-page","status-publish","hentry"],"meta_box":{"ticker_image":[],"related_testimonial":"","section_group":[]},"_links":{"self":[{"href":"https:\/\/conlumina.com\/sv\/wp-json\/wp\/v2\/pages\/1606","targetHints":{"allow":["GET"]}}],"collection":[{"href":"https:\/\/conlumina.com\/sv\/wp-json\/wp\/v2\/pages"}],"about":[{"href":"https:\/\/conlumina.com\/sv\/wp-json\/wp\/v2\/types\/page"}],"author":[{"embeddable":true,"href":"https:\/\/conlumina.com\/sv\/wp-json\/wp\/v2\/users\/1"}],"replies":[{"embeddable":true,"href":"https:\/\/conlumina.com\/sv\/wp-json\/wp\/v2\/comments?post=1606"}],"version-history":[{"count":4,"href":"https:\/\/conlumina.com\/sv\/wp-json\/wp\/v2\/pages\/1606\/revisions"}],"predecessor-version":[{"id":1612,"href":"https:\/\/conlumina.com\/sv\/wp-json\/wp\/v2\/pages\/1606\/revisions\/1612"}],"wp:attachment":[{"href":"https:\/\/conlumina.com\/sv\/wp-json\/wp\/v2\/media?parent=1606"}],"wp:term":[{"taxonomy":"category","embeddable":true,"href":"https:\/\/conlumina.com\/sv\/wp-json\/wp\/v2\/categories?post=1606"}],"curies":[{"name":"wp","href":"https:\/\/api.w.org\/{rel}","templated":true}]}}