{"id":2277,"date":"2025-06-11T13:27:52","date_gmt":"2025-06-11T11:27:52","guid":{"rendered":"https:\/\/conlumina.com\/?page_id=2277"},"modified":"2025-06-11T14:58:44","modified_gmt":"2025-06-11T12:58:44","slug":"hallbar-webbyra","status":"publish","type":"page","link":"https:\/\/conlumina.com\/sv\/sustainable-web-agency\/","title":{"rendered":"H\u00e5llbar webbyr\u00e5"},"content":{"rendered":"<h2 id=\"performance-driven-digital-experiences-with-purpose\">Prestationsdrivna digitala upplevelser med syfte<\/h2>\n<p>Conlumina \u00e4r ett prisbel\u00f6nt f\u00f6retag <strong>h\u00e5llbar webbyr\u00e5<\/strong> Vi hj\u00e4lper ambiti\u00f6sa varum\u00e4rken med h\u00f6gpresterande webbplatser som \u00e4r snabba, tillg\u00e4ngliga och byggda f\u00f6r att h\u00e5lla. Vi specialiserar oss p\u00e5 WordPress-utveckling, teknisk SEO och design med l\u00e5ga koldioxidutsl\u00e4pp och hj\u00e4lper f\u00f6retag som drivs av ett syfte att trivas online samtidigt som de minskar sin milj\u00f6p\u00e5verkan.<\/p>\n<p>V\u00e5rt arbete bygger p\u00e5 precision, transparens och l\u00e5ngsiktigt t\u00e4nkande och balanserar anv\u00e4ndbarhet, estetik och teknisk excellens. Fr\u00e5n skr\u00e4ddarsydda webbplatser till digital strategi kombinerar Conlumina djup teknisk expertis med ett m\u00e4nskligt f\u00f6rh\u00e5llningss\u00e4tt - vilket g\u00f6r komplexa utmaningar enkla och ger verkliga, m\u00e4tbara resultat.<\/p>\n<h2 id=\"what-makes-us-a-sustainable-web-design-agency\">Vad g\u00f6r oss till en byr\u00e5 f\u00f6r h\u00e5llbar webbdesign?<\/h2>\n<p>H\u00e5llbarhet i den digitala v\u00e4rlden inneb\u00e4r mer \u00e4n bara gr\u00f6n hosting - det handlar om att designa och utveckla webbplatser som \u00e4r <strong>l\u00e4ttviktig, energieffektiv och anv\u00e4ndarfokuserad<\/strong>.<\/p>\n<p>P\u00e5 Conlumina, vi:<\/p>\n<ul>\n<li>\n<p><strong>Optimera prestanda och minska koldioxidavtrycket<\/strong> genom att bygga rena, snabbuppladdade webbplatser<\/p>\n<\/li>\n<li>\n<p>Anv\u00e4ndning <strong>milj\u00f6medvetna utvecklingsmetoder<\/strong>, minimering av on\u00f6diga skript fr\u00e5n tredje part<\/p>\n<\/li>\n<li>\n<p>V\u00e4rd med <strong>gr\u00f6na hostingleverant\u00f6rer<\/strong> engagerad i f\u00f6rnybar energi<\/p>\n<\/li>\n<li>\n<p>S\u00e4kerst\u00e4lla att webbplatserna \u00e4r <strong>tillg\u00e4nglig f\u00f6r alla anv\u00e4ndare<\/strong>, f\u00f6rb\u00e4ttra den digitala integrationen<\/p>\n<\/li>\n<li>\n<p>Design f\u00f6r <strong>l\u00e5ng livsl\u00e4ngd<\/strong>s\u00e5 att din webbplats inte beh\u00f6ver byggas om hela tiden eller sl\u00f6saktig ny design<\/p>\n<\/li>\n<\/ul>\n<p>Vi pratar inte bara om digital h\u00e5llbarhet - vi <strong>bygga in det i varje kodrad<\/strong>.<\/p>\n<h2 id=\"our-services\">V\u00e5ra tj\u00e4nster<\/h2>\n<p>Som fullservicef\u00f6retag <strong>gr\u00f6n webbdesignbyr\u00e5<\/strong>erbjuder vi:<\/p>\n<h3 id=\"sustainable-web-design-development\">H\u00e5llbar webbdesign och -utveckling<\/h3>\n<p>Anpassade WordPress-webbplatser med l\u00e5ga koldioxidutsl\u00e4pp som \u00e4r skr\u00e4ddarsydda f\u00f6r ditt varum\u00e4rkes identitet och prestationsm\u00e5l.<\/p>\n<h3 id=\"technical-seo-sustainable-site-architecture\">Teknisk SEO och h\u00e5llbar webbplatsarkitektur<\/h3>\n<p>Snabbt, l\u00e4tt att hitta och strukturerat f\u00f6r tillv\u00e4xt - v\u00e5ra SEO-strategier bygger p\u00e5 ren kod och en struktur som \u00e4r b\u00e4st i klassen.<\/p>\n<h3 id=\"web-accessibility-inclusive-design\">Webbtillg\u00e4nglighet och inkluderande design<\/h3>\n<p>Vi skapar tillg\u00e4ngliga webbplatser som uppfyller WCAG-standarderna och ser till att alla bes\u00f6kare f\u00e5r en smidig upplevelse.<\/p>\n<h3 id=\"privacy-first-ethical-digital-marketing\">Etisk digital marknadsf\u00f6ring med integritet som ledstj\u00e4rna<\/h3>\n<p>L\u00e5t ditt varum\u00e4rke v\u00e4xa med samtyckesbaserade, transparenta strategier som respekterar anv\u00e4ndarnas integritet och ligger i linje med dina v\u00e4rderingar.<\/p>\n<h3 id=\"eco-friendly-website-audits\">Granskning av milj\u00f6v\u00e4nliga webbplatser<\/h3>\n<p>Har du redan en webbplats? Vi utv\u00e4rderar dess milj\u00f6p\u00e5verkan och ger dig en f\u00e4rdplan f\u00f6r att f\u00f6rb\u00e4ttra prestanda och h\u00e5llbarhet.<\/p>\n<style>.icon-list {display: flex; align-items: center; gap: var(--size-2)} .icon-list h3 {margin:0} .icon-list img {width:48px; height:48px}\n.icon-block {\n  display: flex;\n  flex-direction: column;\n  gap: var(--size-2);\n  margin: var(--spacing-md) 0;\n  border-radius: var(--radius-lg);\n  padding: var(--spacing-md);\nbackground: var(--color-background);\n}\n.icon-block p { margin:0 }\n.icon-block_header {\n  display: flex;\n  align-items: center;\n  gap: var(--size-2);\n}\n.icon-block_icon {\n  width: 48px;\n  height: 48px;\n  flex-shrink: 0;\n}\n.icon-block_title {\n  margin: 0;\n  font-weight: bold;\n}\n<\/style>\n<h2 id=\"who-we-work-with\">Vem vi arbetar med<\/strong><\/h2>\n<div class=\"icon-block\">\n<div class=\"icon-block_header\">\n    <img loading=\"lazy\" decoding=\"async\" class=\"icon-block_icon\" src=\"https:\/\/conlumina.com\/wp-content\/uploads\/2025\/06\/recycle-sign-icon.svg\" alt=\"H\u00e5llbar webbyr\u00e5\" width=\"48\" height=\"48\" \/><\/p>\n<h3 class=\"icon-block_title title -sm\" id=\"sustainable-brands\">H\u00e5llbara varum\u00e4rken<\/h3>\n<\/p><\/div>\n<p>  letar efter en byr\u00e5 som st\u00e4mmer \u00f6verens med deras v\u00e4rderingar\n<\/p><\/div>\n<div class=\"icon-block\">\n<div class=\"icon-block_header\">\n    <img loading=\"lazy\" decoding=\"async\" class=\"icon-block_icon\" src=\"https:\/\/conlumina.com\/wp-content\/uploads\/2025\/06\/increase-graph-icon.svg\" alt=\"H\u00e5llbar webbyr\u00e5\" width=\"48\" height=\"48\" \/><\/p>\n<h3 class=\"icon-block_title title -sm\" id=\"growing-businesses\">V\u00e4xande f\u00f6retag<\/h3>\n<\/p><\/div>\n<p>  som vill framtidss\u00e4kra sin digitala n\u00e4rvaro\n<\/p><\/div>\n<div class=\"icon-block\">\n<div class=\"icon-block_header\">\n    <img loading=\"lazy\" decoding=\"async\" class=\"icon-block_icon\" src=\"https:\/\/conlumina.com\/wp-content\/uploads\/2025\/06\/rocket-launch-icon.svg\" alt=\"H\u00e5llbar webbyr\u00e5\" width=\"48\" height=\"48\" \/><\/p>\n<h3 class=\"icon-block_title title -sm\" id=\"startups-and-ngos\">Nystartade f\u00f6retag och icke-statliga organisationer<\/h3>\n<\/p><\/div>\n<p>  med ett uppdrag och ett budskap, som s\u00f6ker genomslag med begr\u00e4nsade resurser\n<\/p><\/div>\n<div class=\"icon-block\">\n<div class=\"icon-block_header\">\n    <img loading=\"lazy\" decoding=\"async\" class=\"icon-block_icon\" src=\"https:\/\/conlumina.com\/wp-content\/uploads\/2025\/06\/web-design-brush-icon.svg\" alt=\"H\u00e5llbar webbyr\u00e5\" width=\"48\" height=\"48\" \/><\/p>\n<h3 class=\"icon-block_title title -sm\" id=\"design-and-branding-agencies\">Design- och varum\u00e4rkesbyr\u00e5er<\/h3>\n<\/p><\/div>\n<p>  letar efter en teknisk partner som delar deras engagemang f\u00f6r kvalitet och etik\n<\/p><\/div>\n<h2 id=\"why-choose-conlumina\">Varf\u00f6r v\u00e4lja Conlumina?<\/strong><\/h2>\n<div class=\"icon-block\">\n<div class=\"icon-block_header\">\n    <img loading=\"lazy\" decoding=\"async\" class=\"icon-block_icon\" src=\"https:\/\/conlumina.com\/wp-content\/uploads\/2025\/06\/save-plant-icon.svg\" alt=\"V\u00e4xtsymbol som representerar h\u00e5llbarhet\" width=\"48\" height=\"48\" \/><\/p>\n<h3 class=\"icon-block_title title -sm\" id=\"ethical-by-design\">Etisk genom design<\/h3>\n<\/p><\/div>\n<p>  Vi anser att fantastiska digitala upplevelser inte ska ske p\u00e5 bekostnad av planeten.\n<\/p><\/div>\n<div class=\"icon-block\">\n<div class=\"icon-block_header\">\n    <img loading=\"lazy\" decoding=\"async\" class=\"icon-block_icon\" src=\"https:\/\/conlumina.com\/wp-content\/uploads\/2025\/06\/thunder-icon.svg\" alt=\"\u00c5skikon som representerar h\u00f6g prestanda\" width=\"48\" height=\"48\" \/><\/p>\n<h3 class=\"icon-block_title title -sm\" id=\"speed-meets-sustainability\">Hastighet m\u00f6ter h\u00e5llbarhet<\/h3>\n<\/p><\/div>\n<p>  Prestanda \u00e4r inget tillval - v\u00e5ra webbplatser \u00e4r byggda f\u00f6r att vara b\u00e5de blixtsnabba och energieffektiva.\n<\/p><\/div>\n<div class=\"icon-block\">\n<div class=\"icon-block_header\">\n    <img decoding=\"async\" class=\"icon-block_icon\" src=\"https:\/\/conlumina.com\/wp-content\/uploads\/2025\/06\/brain-line-icon.svg\" alt=\"Hj\u00e4rnikon som representerar digital strategi\" \/><\/p>\n<h3 class=\"icon-block_title title -sm\" id=\"smart-strategy-lasting-results\">Smart strategi, best\u00e5ende resultat<\/h3>\n<\/p><\/div>\n<p>  Vi hj\u00e4lper dig att undvika digitalt sl\u00f6seri med skalbara och framtidss\u00e4krade l\u00f6sningar.\n<\/p><\/div>\n<div class=\"icon-block\">\n<div class=\"icon-block_header\">\n    <img decoding=\"async\" class=\"icon-block_icon\" src=\"https:\/\/conlumina.com\/wp-content\/uploads\/2025\/06\/boy-girl-icon.svg\" alt=\"Pojke- och flickikon som representerar m\u00e4nniskan f\u00f6rst\" \/><\/p>\n<h3 class=\"icon-block_title title -sm\" id=\"people-first\">M\u00e4nniskan f\u00f6rst<\/h3>\n<\/p><\/div>\n<p>  Fr\u00e5n samarbete till tillg\u00e4nglighet - vi s\u00e4tter m\u00e4nniskan i centrum f\u00f6r varje projekt.\n<\/p><\/div>\n<h2 id=\"lets-build-a-better-web-together\">L\u00e5t oss bygga en b\u00e4ttre webb tillsammans<\/strong><\/h2>\n<p>Oavsett om du ska designa om din webbplats eller b\u00f6rja om fr\u00e5n b\u00f6rjan kan du samarbeta med en fram\u00e5tblickande, h\u00e5llbar digital byr\u00e5 som f\u00f6rst\u00e5r dina v\u00e4rderingar och har den tekniska kompetens som kr\u00e4vs f\u00f6r att f\u00f6rverkliga dem. L\u00e5t oss bygga n\u00e5got som \u00e4r vackert, effektivt - och planetv\u00e4nligt.<\/p>","protected":false},"excerpt":{"rendered":"<p>Snabb. Etisk. Framtidss\u00e4krad.<\/p>","protected":false},"author":1,"featured_media":0,"parent":0,"menu_order":0,"comment_status":"closed","ping_status":"closed","template":"","meta":{"_seopress_robots_primary_cat":"","_seopress_titles_title":"Sustainable Web Agency | Low-Carbon WordPress Design by Conlumina","_seopress_titles_desc":"Conlumina is a sustainable web agency specialising in fast, accessible, and eco-friendly WordPress websites. Build a low-carbon, high-performance digital presence today.","_seopress_robots_index":"","footnotes":""},"categories":[],"class_list":["post-2277","page","type-page","status-publish","hentry"],"meta_box":{"ticker_image":[],"related_testimonial":"","section_group":[{"section_type":"cta"}]},"_links":{"self":[{"href":"https:\/\/conlumina.com\/sv\/wp-json\/wp\/v2\/pages\/2277","targetHints":{"allow":["GET"]}}],"collection":[{"href":"https:\/\/conlumina.com\/sv\/wp-json\/wp\/v2\/pages"}],"about":[{"href":"https:\/\/conlumina.com\/sv\/wp-json\/wp\/v2\/types\/page"}],"author":[{"embeddable":true,"href":"https:\/\/conlumina.com\/sv\/wp-json\/wp\/v2\/users\/1"}],"replies":[{"embeddable":true,"href":"https:\/\/conlumina.com\/sv\/wp-json\/wp\/v2\/comments?post=2277"}],"version-history":[{"count":5,"href":"https:\/\/conlumina.com\/sv\/wp-json\/wp\/v2\/pages\/2277\/revisions"}],"predecessor-version":[{"id":2330,"href":"https:\/\/conlumina.com\/sv\/wp-json\/wp\/v2\/pages\/2277\/revisions\/2330"}],"wp:attachment":[{"href":"https:\/\/conlumina.com\/sv\/wp-json\/wp\/v2\/media?parent=2277"}],"wp:term":[{"taxonomy":"category","embeddable":true,"href":"https:\/\/conlumina.com\/sv\/wp-json\/wp\/v2\/categories?post=2277"}],"curies":[{"name":"wp","href":"https:\/\/api.w.org\/{rel}","templated":true}]}}