{"id":296,"date":"2022-07-20T17:01:19","date_gmt":"2022-07-20T15:01:19","guid":{"rendered":"https:\/\/conlumina.com\/?page_id=296"},"modified":"2025-06-10T12:38:58","modified_gmt":"2025-06-10T10:38:58","slug":"hem","status":"publish","type":"page","link":"https:\/\/conlumina.com\/sv\/","title":{"rendered":"Conlumina"},"content":{"rendered":"","protected":false},"excerpt":{"rendered":"<p>En strategisk digital partner f\u00f6r positiv f\u00f6r\u00e4ndring som driver h\u00e5llbar tillv\u00e4xt och konkurrensf\u00f6rdelar f\u00f6r f\u00f6retag.<\/p>","protected":false},"author":1,"featured_media":497,"parent":0,"menu_order":0,"comment_status":"closed","ping_status":"closed","template":"","meta":{"_seopress_robots_primary_cat":"","_seopress_titles_title":"Conlumina \u2013 Sustainable Digital Agency","_seopress_titles_desc":"A strategic digital partner for positive change, driving sustainable growth and competitive advantage for businesses.","_seopress_robots_index":"","footnotes":""},"categories":[],"class_list":["post-296","page","type-page","status-publish","has-post-thumbnail","hentry"],"meta_box":{"ticker_image":[{"filesize":13486,"ID":"1998","name":"ajustpeer-3.svg","path":"\/home\/T4GIuE2M7XBPZQ3u\/Conlumina\/public_html\/wp-content\/uploads\/2024\/09\/ajustpeer-3.svg","url":"https:\/\/conlumina.com\/wp-content\/uploads\/2024\/09\/ajustpeer-3.svg","full_url":"https:\/\/conlumina.com\/wp-content\/uploads\/2024\/09\/ajustpeer-3.svg","title":"ajustpeer-3","caption":"","description":"","alt":"","srcset":false,"width":1,"height":1},{"filesize":5465,"ID":"267","name":"khr-logo.svg","path":"\/home\/T4GIuE2M7XBPZQ3u\/Conlumina\/public_html\/wp-content\/uploads\/2022\/07\/khr-logo.svg","url":"https:\/\/conlumina.com\/wp-content\/uploads\/2022\/07\/khr-logo.svg","full_url":"https:\/\/conlumina.com\/wp-content\/uploads\/2022\/07\/khr-logo.svg","title":"khr-logo","caption":"","description":"","alt":"","srcset":false,"width":1,"height":1},{"filesize":3564,"ID":"635","name":"tuttnauer-logo.svg","path":"\/home\/T4GIuE2M7XBPZQ3u\/Conlumina\/public_html\/wp-content\/uploads\/2022\/12\/tuttnauer-logo.svg","url":"https:\/\/conlumina.com\/wp-content\/uploads\/2022\/12\/tuttnauer-logo.svg","full_url":"https:\/\/conlumina.com\/wp-content\/uploads\/2022\/12\/tuttnauer-logo.svg","title":"tuttnauer-logo","caption":"","description":"","alt":"","srcset":false,"width":1,"height":1},{"filesize":20574,"ID":"855","name":"dansens-hus-logo.svg","path":"\/home\/T4GIuE2M7XBPZQ3u\/Conlumina\/public_html\/wp-content\/uploads\/2022\/12\/dansens-hus-logo.svg","url":"https:\/\/conlumina.com\/wp-content\/uploads\/2022\/12\/dansens-hus-logo.svg","full_url":"https:\/\/conlumina.com\/wp-content\/uploads\/2022\/12\/dansens-hus-logo.svg","title":"dansens-hus-logo","caption":"","description":"","alt":"","srcset":false,"width":1,"height":1},{"filesize":32267,"ID":"1714","name":"dr-handl-logo.svg","path":"\/home\/T4GIuE2M7XBPZQ3u\/Conlumina\/public_html\/wp-content\/uploads\/2024\/04\/dr-handl-logo.svg","url":"https:\/\/conlumina.com\/wp-content\/uploads\/2024\/04\/dr-handl-logo.svg","full_url":"https:\/\/conlumina.com\/wp-content\/uploads\/2024\/04\/dr-handl-logo.svg","title":"dr-handl-logo","caption":"","description":"","alt":"","srcset":false,"width":1,"height":1},{"filesize":2236,"ID":"1688","name":"cinelogue_logo.svg","path":"\/home\/T4GIuE2M7XBPZQ3u\/Conlumina\/public_html\/wp-content\/uploads\/2024\/02\/cinelogue_logo.svg","url":"https:\/\/conlumina.com\/wp-content\/uploads\/2024\/02\/cinelogue_logo.svg","full_url":"https:\/\/conlumina.com\/wp-content\/uploads\/2024\/02\/cinelogue_logo.svg","title":"cinelogue_logo","caption":"","description":"","alt":"","srcset":false,"width":1,"height":1},{"filesize":2870,"ID":"517","name":"aiolos-logo.svg","path":"\/home\/T4GIuE2M7XBPZQ3u\/Conlumina\/public_html\/wp-content\/uploads\/2022\/11\/aiolos-logo.svg","url":"https:\/\/conlumina.com\/wp-content\/uploads\/2022\/11\/aiolos-logo.svg","full_url":"https:\/\/conlumina.com\/wp-content\/uploads\/2022\/11\/aiolos-logo.svg","title":"aiolos-logo","caption":"","description":"","alt":"","srcset":false,"width":1,"height":1},{"filesize":6102,"ID":"394","name":"pg-logo-lg-1.svg","path":"\/home\/T4GIuE2M7XBPZQ3u\/Conlumina\/public_html\/wp-content\/uploads\/2022\/07\/pg-logo-lg-1.svg","url":"https:\/\/conlumina.com\/wp-content\/uploads\/2022\/07\/pg-logo-lg-1.svg","full_url":"https:\/\/conlumina.com\/wp-content\/uploads\/2022\/07\/pg-logo-lg-1.svg","title":"pg-logo-lg","caption":"","description":"","alt":"","srcset":false,"width":1,"height":1}],"related_testimonial":"","section_group":[]},"_links":{"self":[{"href":"https:\/\/conlumina.com\/sv\/wp-json\/wp\/v2\/pages\/296","targetHints":{"allow":["GET"]}}],"collection":[{"href":"https:\/\/conlumina.com\/sv\/wp-json\/wp\/v2\/pages"}],"about":[{"href":"https:\/\/conlumina.com\/sv\/wp-json\/wp\/v2\/types\/page"}],"author":[{"embeddable":true,"href":"https:\/\/conlumina.com\/sv\/wp-json\/wp\/v2\/users\/1"}],"replies":[{"embeddable":true,"href":"https:\/\/conlumina.com\/sv\/wp-json\/wp\/v2\/comments?post=296"}],"version-history":[{"count":4,"href":"https:\/\/conlumina.com\/sv\/wp-json\/wp\/v2\/pages\/296\/revisions"}],"predecessor-version":[{"id":1857,"href":"https:\/\/conlumina.com\/sv\/wp-json\/wp\/v2\/pages\/296\/revisions\/1857"}],"wp:featuredmedia":[{"embeddable":true,"href":"https:\/\/conlumina.com\/sv\/wp-json\/wp\/v2\/media\/497"}],"wp:attachment":[{"href":"https:\/\/conlumina.com\/sv\/wp-json\/wp\/v2\/media?parent=296"}],"wp:term":[{"taxonomy":"category","embeddable":true,"href":"https:\/\/conlumina.com\/sv\/wp-json\/wp\/v2\/categories?post=296"}],"curies":[{"name":"wp","href":"https:\/\/api.w.org\/{rel}","templated":true}]}}