{"id":3,"date":"2021-04-30T15:57:46","date_gmt":"2021-04-30T15:57:46","guid":{"rendered":"http:\/\/conluminadigital64f71991f0d0a.cloud.bunnyroute.com\/?page_id=3"},"modified":"2022-12-06T18:36:22","modified_gmt":"2022-12-06T16:36:22","slug":"integritetspolicy","status":"publish","type":"page","link":"https:\/\/conlumina.com\/sv\/privacy-policy\/","title":{"rendered":"Integritetspolicy"},"content":{"rendered":"<p>Conlumina (nedan kallad \"Conlumina\", \"vi\", \"v\u00e5r\" och \"oss\") tar sekretess och integritet p\u00e5 allvar. Vi behandlar endast personuppgifter som r\u00f6r en identifierad eller identifierbar fysisk person i enlighet med till\u00e4mplig lagstiftning om dataskydd och denna integritetspolicy.<\/p>\n<div class='c-tableOfContents'><span class='toc-headline title -sm'>Inneh\u00e5llsf\u00f6rteckning<\/span><ul><li><a href='#purpose-of-this-policy'>Syftet med denna policy<\/a><\/li><li><a href='#data-controller'>Personuppgiftsansvarig<\/a><\/li><li><a href='#where-your-personal-data-comes-from'>Varifr\u00e5n dina personuppgifter kommer<\/a><\/li><li><a href='#processing-reliability-and-security'>Bearbetningens tillf\u00f6rlitlighet och s\u00e4kerhet<\/a><\/li><li><a href='#what-personal-data-we-collect'>Vilka personuppgifter vi samlar in<\/a><\/li><li><a href='#purpose-and-legal-basis'>Syfte och r\u00e4ttslig grund<\/a><\/li><li><a href='#who-we-may-share-your-personal-data-with'>Vem vi kan dela dina personuppgifter med<\/a><\/li><li><a href='#how-long-we-will-keep-your-personal-data'>Hur l\u00e4nge vi sparar dina personuppgifter<\/a><\/li><li><a href='#your-rights'>Dina r\u00e4ttigheter<\/a><\/li><li><a href='#request-for-information-and-contact'>Beg\u00e4ran om information och kontakt<\/a><\/li><li><a href='#changes-to-this-policy'>\u00c4ndringar av denna policy<\/a><\/li><\/ul><\/div>\n<h5 id=\"purpose-of-this-policy\">Syftet med denna policy<\/h5>\n<p>Syftet med denna sekretesspolicy \u00e4r att ge dig information om hur vi anv\u00e4nder, samlar in och delar dina personuppgifter. Denna integritetspolicy fastst\u00e4ller dataskydds- och s\u00e4kerhetsstandarderna inom Conlumina och g\u00e4ller \u00f6ver hela v\u00e4rlden, inklusive alla v\u00e5ra dotterbolag och filialer, och bygger p\u00e5 globalt accepterade principer f\u00f6r dataskydd.<\/p>\n<p>V\u00e5ra anst\u00e4llda \u00e4r skyldiga att f\u00f6lja denna sekretesspolicy och iaktta till\u00e4mplig lokal dataskyddslagstiftning.<\/p>\n<h5 id=\"data-controller\">Personuppgiftsansvarig<\/h5>\n<p>Conlumina, f\u00f6retagsidentitet nr. 771104167801, med s\u00e4te i Stockholm, Sverige, postadress: Box 2234, 116 74 Stockholm, Sverige, samt alla dess dotterbolag, <a href=\"mailto:privacy@conlumina.com\">privacy@conlumina.com<\/a>\u00e4r personuppgiftsansvarig f\u00f6r Conlumina:s behandling av dina personuppgifter.<\/p>\n<p>Conlumina \u00e4r d\u00e4rf\u00f6r ansvarig f\u00f6r att se till att dina personuppgifter behandlas p\u00e5 ett s\u00e4kert s\u00e4tt och i enlighet med till\u00e4mplig dataskyddslagstiftning.<\/p>\n<p>Om du har n\u00e5gra fr\u00e5gor eller vill ha mer information om v\u00e5r behandling av dina personuppgifter, v\u00e4nligen kontakta oss p\u00e5 f\u00f6ljande adress <a href=\"mailto:privacy@conlumina.com\">privacy@conlumina.com<\/a>, eller per brev till ovann\u00e4mnda postadress.<\/p>\n<h5 id=\"where-your-personal-data-comes-from\">Varifr\u00e5n dina personuppgifter kommer<\/h5>\n<p>De flesta personuppgifter som vi behandlar kommer direkt fr\u00e5n dig. Det kan vara uppgifter som du l\u00e4mnar till oss n\u00e4r du ans\u00f6ker om n\u00e5gon av v\u00e5ra tj\u00e4nster, laddar ner en rapport fr\u00e5n v\u00e5r webbplats, kommunicerar med oss via e-post, anm\u00e4ler dig till n\u00e5got av v\u00e5ra seminarier, evenemang eller delegationsresor.<\/p>\n<p>Vi kan ocks\u00e5 samla in personuppgifter om dig som ett resultat av att du bes\u00f6ker v\u00e5r webbplats, till exempel sparar vi trafik- och kommunikationsuppgifter om bes\u00f6kare. Exempel p\u00e5 s\u00e5dana personuppgifter \u00e4r din IP-adress, typ av enhet, operativsystem och webbl\u00e4sare.<\/p>\n<p>Om du inte ger oss de personuppgifter som vi ber om kanske vi inte kan tillhandah\u00e5lla v\u00e5r r\u00e5dgivning eller andra tj\u00e4nster till dig. Vi kommer att tydligt markera n\u00e4r det \u00e4r obligatoriskt att l\u00e4mna vissa personuppgifter.<\/p>\n<h5 id=\"processing-reliability-and-security\">Bearbetningens tillf\u00f6rlitlighet och s\u00e4kerhet<\/h5>\n<p>Conlumina samlar in och behandlar personuppgifter om dig endast om det \u00e4r n\u00f6dv\u00e4ndigt f\u00f6r att uppfylla r\u00e4ttsliga f\u00f6rpliktelser, fullg\u00f6ra ett avtal med dig, eller om det ligger i v\u00e5rt legitima intresse eller om du uttryckligen har gett ditt samtycke till v\u00e5r behandling.<\/p>\n<p>Conlumina har ocks\u00e5 \u00e5tagit sig att se till att personuppgifter \u00e4r s\u00e4kra oavsett om de behandlas elektroniskt eller i pappersformat. F\u00f6r att f\u00f6rhindra obeh\u00f6rig \u00e5tkomst, avsl\u00f6jande eller f\u00f6rst\u00f6relse har Conlumina inf\u00f6rt l\u00e4mpliga fysiska, elektroniska och administrativa f\u00f6rfaranden f\u00f6r att skydda och s\u00e4kra dina personuppgifter.<\/p>\n<h5 id=\"what-personal-data-we-collect\">Vilka personuppgifter vi samlar in<\/h5>\n<p>Conlumina samlar in f\u00f6ljande personuppgifter om nuvarande och potentiella kunder och deras representanter, arbetskandidater, personer som samtycker till att delta i marknadsunders\u00f6kningar, registrerade anv\u00e4ndare och webbplatsanv\u00e4ndare (i denna policy kallas de kollektivt f\u00f6r \"individer\").<\/p>\n<p>Conlumina samlar in kontaktuppgifter s\u00e5som namn, adress, telefon- och faxnummer samt e-postadresser f\u00f6r personer som beg\u00e4r Conlumina:s konsulttj\u00e4nster och andra tj\u00e4nster, informationsmaterial eller rapporter, personer som s\u00f6ker anst\u00e4llning eller engagemang hos Conlumina och personer som \u00e4r kontaktpersoner hos Conlumina:s tj\u00e4nsteleverant\u00f6rer, leverant\u00f6rer och kunder.<\/p>\n<h5 id=\"purpose-and-legal-basis\">Syfte och r\u00e4ttslig grund<\/h5>\n<p>Conlumina kommer att behandla personuppgifter f\u00f6r f\u00f6ljande \u00e4ndam\u00e5l och p\u00e5 f\u00f6ljande r\u00e4ttsliga grund:<\/p>\n<p><strong>Tillhandah\u00e5lla konsulttj\u00e4nster, rapporter och annat material som kan laddas ner eller k\u00f6pas p\u00e5 v\u00e5r webbplats och svara p\u00e5 fr\u00e5gor.<\/strong><\/p>\n<p><em>R\u00e4ttslig grund: Grund: Uppfyllande av ett avtal med dig. V\u00e5rt legitima intresse av att fullg\u00f6ra v\u00e5rt uppdrag med din arbetsgivare och v\u00e5rt uppdrag. Samtycke genom en otvetydig positiv handling.<\/em><\/p>\n<p><strong>Inbjudningar till och administration av olika evenemang, seminarier och delegationsresor, sj\u00e4lvst\u00e4ndigt eller i samarbete med v\u00e5ra partner:<\/strong><\/p>\n<ul>\n<li>Skapa deltagarlistor<\/li>\n<li>Kommunicera med deltagarna, t.ex. genom bekr\u00e4ftelse av ans\u00f6kningar, fr\u00e5gor eller utv\u00e4rderingar.<\/li>\n<\/ul>\n<p><em>R\u00e4ttslig grund: Grund: Uppfyllande av ett avtal med dig och\/eller samtycke genom en otvetydig positiv handling, till exempel n\u00e4r du anm\u00e4ler dig till ett evenemang eller en delegationsresa.<\/em><\/p>\n<p><strong>Kundunders\u00f6kningar f\u00f6r att \u00f6vervaka effekterna av v\u00e5ra insatser, t.ex. n\u00f6jdhetsunders\u00f6kningar och s\u00e4rskilda unders\u00f6kningar, t.ex. efter genomf\u00f6randet av ett evenemang.<\/strong><\/p>\n<p><em>R\u00e4ttslig grund: Samtycke genom en otvetydig bekr\u00e4ftande handling, till exempel n\u00e4r du v\u00e4ljer att delta i en unders\u00f6kning.<\/em><\/p>\n<p><strong>Marknadsf\u00f6rings\u00e4ndam\u00e5l<\/strong><\/p>\n<ul>\n<li>Direktmarknadsf\u00f6ring, uppf\u00f6ljning via e-post, telefon eller post med personer som har beg\u00e4rt informationsmaterial eller nedladdade rapporter fr\u00e5n v\u00e5r webbplats, f\u00f6r att tillhandah\u00e5lla ytterligare information och skicka reklam via e-post eller post om Conlumina:s konsulttj\u00e4nster och annan information som vi bed\u00f6mer kan vara intressant f\u00f6r dig.<\/li>\n<li>Marknadsf\u00f6ringsoptimering, inklusive marknadsunders\u00f6kningar, analys och f\u00f6rb\u00e4ttring av marknadsf\u00f6ringskampanjer och profilering av internetanv\u00e4ndare.<\/li>\n<\/ul>\n<p><em>R\u00e4ttslig grund: Samtycke genom en otvetydig bekr\u00e4ftande handling, till exempel n\u00e4r du v\u00e4ljer att delta i en unders\u00f6kning.<\/em><\/p>\n<p><strong>F\u00f6r att skicka kommunikation via olika digitala kanaler till registrerade anv\u00e4ndare baserat p\u00e5:<\/strong><\/p>\n<ul>\n<li>Uttryckligt intresse<\/li>\n<li>Webbhistorik<\/li>\n<li>Nedladdning av rapporter<\/li>\n<li>Deltagande i evenemang<\/li>\n<\/ul>\n<p><em>R\u00e4ttslig grund: Grundl\u00e4ggande r\u00e4ttsgrund: Uppfyllande av ett avtal med dig. Samtycke genom en otvetydig positiv handling.<\/em><\/p>\n<p><strong>Hantera ditt anv\u00e4ndarkonto:<\/strong><\/p>\n<ul>\n<li>Skapa och administrera ditt anv\u00e4ndarkonto<\/li>\n<li>Skicka e-post till dig baserat p\u00e5 hur du anv\u00e4nder v\u00e5ra tj\u00e4nster.<\/li>\n<li>Leverera de tj\u00e4nster som du har beg\u00e4rt<\/li>\n<\/ul>\n<p><em>R\u00e4ttslig grund: Grund: Uppfyllande av ett avtal med dig.<\/em><\/p>\n<p><strong>Jobbs\u00f6kande<\/strong><\/p>\n<ul>\n<li>Att utv\u00e4rdera och rekrytera arbetskandidater.<\/li>\n<\/ul>\n<p><em>R\u00e4ttslig grund: Grund: F\u00f6r att vidta \u00e5tg\u00e4rder p\u00e5 din beg\u00e4ran innan ett avtal ing\u00e5s.<\/em><\/p>\n<p><strong>Redovisning<\/strong><\/p>\n<ul>\n<li>Vi kan ocks\u00e5 anv\u00e4nda dina personuppgifter f\u00f6r v\u00e5r bokf\u00f6ring.<\/li>\n<\/ul>\n<p><em>R\u00e4ttslig grund: F\u00f6r att uppfylla v\u00e5ra r\u00e4ttsliga skyldigheter.<\/em><\/p>\n<h5 id=\"who-we-may-share-your-personal-data-with\">Vem vi kan dela dina personuppgifter med<\/h5>\n<p>Som en allm\u00e4n regel delar vi inte dina personuppgifter med tredje part. Vi kan dock komma att dela dina personuppgifter med vissa betrodda tredje parter f\u00f6r att kunna tillhandah\u00e5lla v\u00e5ra konsulttj\u00e4nster och andra tj\u00e4nster, inklusive:<\/p>\n<ul>\n<li>Tredje parter som utf\u00f6r tj\u00e4nster f\u00f6r v\u00e5r r\u00e4kning, bland annat auktoriserade s\u00e4ljare, agenter och representanter;<\/li>\n<li>Leverant\u00f6rer till vilka vi l\u00e4gger ut vissa IT-st\u00f6dtj\u00e4nster, t.ex. leverant\u00f6rer av IT-infrastruktur, dokument- och arbetsfl\u00f6deshanteringssystem och andra liknande system;<\/li>\n<li>Partners, samarbetspartners, kunder och tj\u00e4nsteleverant\u00f6rer som deltar i v\u00e4rdskap och arrangemang av evenemang, seminarier och delegationsresor;<\/li>\n<\/ul>\n<p>Alla \u00f6verf\u00f6ringar av personuppgifter kommer att ske i enlighet med lagen och kommer endast att anv\u00e4ndas f\u00f6r de \u00e4ndam\u00e5l som de samlades in f\u00f6r. Vi ser till att dina personuppgifter behandlas p\u00e5 ett lagligt och korrekt s\u00e4tt n\u00e4r uppgifterna \u00f6verf\u00f6rs utanf\u00f6r EU\/EES-omr\u00e5det. All \u00f6verf\u00f6ring utanf\u00f6r EU\/EES-omr\u00e5det kommer att ske i enlighet med skriftliga avtal i form av standardavtalsklausuler.<\/p>\n<p>Conlumina kan placera annonser p\u00e5 sina webbplatser, p\u00e5 utgivares webbplatser eller i e-postinneh\u00e5ll, antingen direkt via utgivaren eller via en tredje part. F\u00f6r personer som interagerar med reklaminneh\u00e5llet kan annonsserverf\u00f6retag samla in information om enskilda personer, t.ex. dom\u00e4ntyp, IP-adress och klickdata. Denna information kan inte identifieras med hj\u00e4lp av individers personuppgifter, f\u00f6rutom deras IP-adress.<\/p>\n<h5 id=\"how-long-we-will-keep-your-personal-data\">Hur l\u00e4nge vi sparar dina personuppgifter<\/h5>\n<p>Personuppgifter som samlas in f\u00f6r att tillhandah\u00e5lla konsulttj\u00e4nster och andra tj\u00e4nster kommer att lagras i tio \u00e5r efter det att uppdraget har utf\u00f6rts eller under en l\u00e4ngre tid som motiveras av tj\u00e4nsternas eller kundrelationens art.<\/p>\n<p>Personuppgifter som samlas in i syfte att administrera v\u00e5rt avtalsf\u00f6rh\u00e5llande med v\u00e5ra leverant\u00f6rer kommer att lagras i tio \u00e5r efter det att avtalsf\u00f6rh\u00e5llandet har upph\u00f6rt, s\u00e5vida vi inte enligt lag (bokf\u00f6rings- eller redovisningslagstiftning) m\u00e5ste lagra informationen under en l\u00e4ngre period.<\/p>\n<p>Personuppgifter som samlas in i samband med en rekryteringsprocess lagras s\u00e5 l\u00e4nge rekryteringsprocessen \u00e4r \u00f6ppen och d\u00e4refter s\u00e5 l\u00e4nge som en arbetss\u00f6kande som inte anst\u00e4lls kan vidta r\u00e4ttsliga \u00e5tg\u00e4rder mot oss med avseende p\u00e5 rekryteringsprocessen.<\/p>\n<p>Personuppgifter som samlas in i marknadsf\u00f6ringssyfte och i syfte att ge dig inbjudningar till seminarier, evenemang och delegationsresor kommer att lagras tills du avregistrerar dig eller avregistrerar dig fr\u00e5n s\u00e5dana utskick.<\/p>\n<p>Personuppgifter om registrerade anv\u00e4ndare raderas n\u00e4r anv\u00e4ndarkontot har varit inaktivt i tv\u00e5 \u00e5r.<\/p>\n<p>Personuppgifter som samlas in i samband med att du deltar i ett seminarium, ett evenemang eller en delegationsresa som anordnas av oss kommer att raderas s\u00e5 snart seminariet, evenemanget eller delegationsresan har h\u00e5llits.<\/p>\n<h5 id=\"your-rights\">Dina r\u00e4ttigheter<\/h5>\n<p>Enligt EU:s allm\u00e4nna dataskyddsf\u00f6rordning har du som individ f\u00f6ljande r\u00e4ttigheter n\u00e4r det g\u00e4ller de personuppgifter som vi behandlar om dig.<\/p>\n<p><strong>Tillg\u00e5ng<\/strong> till dina personuppgifter: Du har r\u00e4tt att f\u00e5 tillg\u00e5ng till dina personuppgifter och f\u00e5 information om hur de behandlas.<\/p>\n<p><strong>R\u00e4ttelse, radering och begr\u00e4nsning:<\/strong> Du har r\u00e4tt till r\u00e4ttelse av de personuppgifter som du anser vara felaktiga. I vissa fall har du r\u00e4tt att f\u00e5 dina personuppgifter raderade. Detta g\u00e4ller inte om dina personuppgifter fortfarande beh\u00f6vs, till exempel p\u00e5 grund av r\u00e4ttsliga krav eller om behandlingen kan baseras p\u00e5 n\u00e5gon annan r\u00e4ttslig grund. Du har r\u00e4tt att beg\u00e4ra att behandlingen av personuppgifter begr\u00e4nsas till en kortare tid n\u00e4r vi utreder eventuella fel.<\/p>\n<p><strong>\u00c5terkalla samtycke:<\/strong> Om du har gett ditt samtycke till en viss typ av behandling har du r\u00e4tt att \u00e5terkalla ditt samtycke.<\/p>\n<p><strong>Inv\u00e4ndning mot intresseavv\u00e4gning:<\/strong> N\u00e4r behandlingen baseras p\u00e5 en intresseavv\u00e4gning har du r\u00e4tt att n\u00e4r som helst inv\u00e4nda mot s\u00e5dan behandling.<\/p>\n<p><strong>Inv\u00e4ndning mot direktmarknadsf\u00f6ring:<\/strong> Du kan n\u00e4r som helst inv\u00e4nda mot behandling av dina personuppgifter f\u00f6r direkt marknadsf\u00f6ring. Vid en s\u00e5dan inv\u00e4ndning ska personuppgifterna inte l\u00e4ngre behandlas f\u00f6r detta \u00e4ndam\u00e5l.<\/p>\n<p><strong>\u00d6verf\u00f6rbarhet av uppgifter:<\/strong> Du har r\u00e4tt till dataportabilitet, vilket inneb\u00e4r att du under vissa omst\u00e4ndigheter kan ha r\u00e4tt att f\u00e5 de personuppgifter som du har l\u00e4mnat till oss f\u00f6r att \u00f6verf\u00f6ra dem till en annan personuppgiftsansvarig.<\/p>\n<p><strong>Klagom\u00e5l:<\/strong> Du har ocks\u00e5 r\u00e4tt att l\u00e4mna in ett klagom\u00e5l till din nationella tillsynsmyndighet (Sw. <em>Datainspektionen<\/em>) om du anser att v\u00e5r behandling av dina personuppgifter inte uppfyller kraven i EU:s dataskyddsf\u00f6rordning.<\/p>\n<h5 id=\"request-for-information-and-contact\">Beg\u00e4ran om information och kontakt<\/h5>\n<p>Om du har n\u00e5gra fr\u00e5gor eller klagom\u00e5l om v\u00e5r behandling av dina personuppgifter eller om du vill ut\u00f6va n\u00e5gon av dina lagstadgade r\u00e4ttigheter, v\u00e4nligen kontakta oss p\u00e5 <a href=\"mailto:privacy@conlumina.com\">privacy@conlumina.com<\/a> eller .<\/p>\n<p>Conlumina<br \/>\nBox 2234<br \/>\n116 74 Stockholm<br \/>\nSVENSKA<\/p>\n<h5 id=\"changes-to-this-policy\">\u00c4ndringar av denna policy<\/h5>\n<p>Vi kan komma att g\u00f6ra till\u00e4gg och \u00e4ndringar i denna sekretesspolicy. Vi kommer att publicera det uppdaterade meddelandet p\u00e5 v\u00e5r webbplats. Om \u00e4ndringarna \u00e4r betydande kommer vi att ge dig ett uppdaterat meddelande innan \u00e4ndringen tr\u00e4der i kraft. Vi uppmuntrar dig att regelbundet granska inneh\u00e5llet i detta meddelande.<\/p>\n<p>&nbsp;<\/p>","protected":false},"excerpt":{"rendered":"<p>Dina personuppgifter \u00e4r viktiga f\u00f6r oss. Vi s\u00e4ljer dem inte till n\u00e5gon tredje part och behandlar dem endast i enlighet med g\u00e4llande dataskyddslagstiftning och denna integritetspolicy.<\/p>","protected":false},"author":1,"featured_media":0,"parent":0,"menu_order":0,"comment_status":"closed","ping_status":"open","template":"","meta":{"_seopress_robots_primary_cat":"","_seopress_titles_title":"","_seopress_titles_desc":"","_seopress_robots_index":"","footnotes":""},"categories":[],"class_list":["post-3","page","type-page","status-publish","hentry"],"meta_box":{"ticker_image":[],"related_testimonial":"","section_group":[]},"_links":{"self":[{"href":"https:\/\/conlumina.com\/sv\/wp-json\/wp\/v2\/pages\/3","targetHints":{"allow":["GET"]}}],"collection":[{"href":"https:\/\/conlumina.com\/sv\/wp-json\/wp\/v2\/pages"}],"about":[{"href":"https:\/\/conlumina.com\/sv\/wp-json\/wp\/v2\/types\/page"}],"author":[{"embeddable":true,"href":"https:\/\/conlumina.com\/sv\/wp-json\/wp\/v2\/users\/1"}],"replies":[{"embeddable":true,"href":"https:\/\/conlumina.com\/sv\/wp-json\/wp\/v2\/comments?post=3"}],"version-history":[{"count":5,"href":"https:\/\/conlumina.com\/sv\/wp-json\/wp\/v2\/pages\/3\/revisions"}],"predecessor-version":[{"id":669,"href":"https:\/\/conlumina.com\/sv\/wp-json\/wp\/v2\/pages\/3\/revisions\/669"}],"wp:attachment":[{"href":"https:\/\/conlumina.com\/sv\/wp-json\/wp\/v2\/media?parent=3"}],"wp:term":[{"taxonomy":"category","embeddable":true,"href":"https:\/\/conlumina.com\/sv\/wp-json\/wp\/v2\/categories?post=3"}],"curies":[{"name":"wp","href":"https:\/\/api.w.org\/{rel}","templated":true}]}}