{"id":300,"date":"2022-07-20T17:48:52","date_gmt":"2022-07-20T15:48:52","guid":{"rendered":"https:\/\/conlumina.com\/?page_id=300"},"modified":"2023-01-16T14:16:35","modified_gmt":"2023-01-16T13:16:35","slug":"kontakta","status":"publish","type":"page","link":"https:\/\/conlumina.com\/sv\/contact\/","title":{"rendered":"Kontakta oss"},"content":{"rendered":"<h5 id=\"schedule-a-free-consultation\">Boka en kostnadsfri konsultation<\/h5>\n<p>Vi svarar g\u00e4rna p\u00e5 dina fr\u00e5gor, ger dig r\u00e5d och talar om hur vi kan hj\u00e4lpa dig.<\/p>\n<a id=\"\" href=\"https:\/\/tidycal.com\/conlumina\/discovery-call\/\" target=\"_blank\" class=\"c-button -primarySkin\">\n  Boka ett m\u00f6te\n\t\t<svg aria-hidden=\"true\" focusable=\"false\" width=\"20\" height=\"20\">\n    \t<use xlink:href=\"#svg_external-link\"><\/use>\n  \t<\/svg>\n    <\/a>\n<h5 id=\"send-us-a-message\">Skicka ett meddelande till oss<\/h5>\n<p>Anv\u00e4nd det h\u00e4r kontaktformul\u00e4ret eller skicka ett e-postmeddelande till oss p\u00e5 <a href=\"mailto:hello@conlumina.com\">hello@conlumina.com<\/a>.<\/p>\n<!-- HTML Forms v1.6.4 - https:\/\/wordpress.org\/plugins\/html-forms\/ -->\n<form method=\"post\"  class=\"hf-form hf-form-1273 c-form\" data-id=\"1273\" data-title=\"Contact Form\" data-slug=\"contact-form\" data-message-success=\"Thank you! We will be in touch soon.\" data-message-invalid-email=\"Sorry, that email address looks invalid.\" data-message-required-field-missing=\"Please fill in the required fields.\" data-message-error=\"Oops. An error occurred.\" data-message-recaptcha-failed=\"reCAPTCHA verification failed. Please try again.\" data-message-recaptcha-low-score=\"Your submission appears to be spam. Please try again.\" action=\"\"><input type=\"hidden\" name=\"_hf_form_id\" value=\"1273\" \/><div style=\"display: none;\"><input type=\"text\" name=\"_hf_h1273\" value=\"\" \/><\/div><div class=\"hf-fields-wrap\"><fieldset>\r\n<legend id=\"contact-form\">Kontakta oss<\/legend>\r\n<label for=\"name_html5\">Namn<\/label>\r\n<input id=\"name_html5\" type=\"text\" size=\"25\" name=\"NAME\" placeholder=\"Ditt namn\" required=\"\">\r\n<label for=\"email_html5\">E-post<\/label>\r\n<input id=\"email_html5\" type=\"text\" size=\"25\" name=\"EMAIL\" placeholder=\"Din e-postadress\" required=\"\">\r\n<label for=\"phone_html5\">Telefon (valfritt)<\/label>\r\n<input id=\"phone_html5\" type=\"text\" size=\"25\" name=\"PHONE\" placeholder=\"Ditt telefonnummer\">\r\n<label for=\"message_html5\">Meddelande<\/label>\r\n<textarea id=\"message_html5\" rows=\"10\" columns=\"10\" name=\"MESSAGE\" placeholder=\"Hur kan vi hj\u00e4lpa dig?\" required=\"\"><\/textarea>\r\n<label style=\"display: flex; width: fit-content;\"><input type=\"checkbox\" required=\"\" name=\"TERMS[]\" value=\"Accepted\"> <span>Jag har l\u00e4st och godk\u00e4nner f\u00f6ljande <a href=\"\/sv\/integritetspolicy\/\">Integritetspolicy<\/a><\/span><\/label>\r\n<button type=\"submit\" value=\"Send\" class=\"c-button -primarySkin\" style=\"width: fit-content\">Skicka in<\/button>\r\n<\/fieldset><noscript>Aktivera JavaScript f\u00f6r att det h\u00e4r formul\u00e4ret ska fungera.<\/noscript><\/div><input type=\"hidden\" name=\"trp-form-language\" value=\"sv\"\/><\/form><!-- \/ HTML Forms -->","protected":false},"excerpt":{"rendered":"<p>Skicka ett meddelande eller boka ett samtal med oss direkt. Vi ser fram emot att diskutera ditt projekt!<\/p>","protected":false},"author":1,"featured_media":0,"parent":0,"menu_order":0,"comment_status":"closed","ping_status":"closed","template":"","meta":{"_seopress_robots_primary_cat":"","_seopress_titles_title":"","_seopress_titles_desc":"","_seopress_robots_index":"","footnotes":""},"categories":[],"class_list":["post-300","page","type-page","status-publish","hentry"],"meta_box":{"ticker_image":[],"related_testimonial":"","section_group":[]},"_links":{"self":[{"href":"https:\/\/conlumina.com\/sv\/wp-json\/wp\/v2\/pages\/300","targetHints":{"allow":["GET"]}}],"collection":[{"href":"https:\/\/conlumina.com\/sv\/wp-json\/wp\/v2\/pages"}],"about":[{"href":"https:\/\/conlumina.com\/sv\/wp-json\/wp\/v2\/types\/page"}],"author":[{"embeddable":true,"href":"https:\/\/conlumina.com\/sv\/wp-json\/wp\/v2\/users\/1"}],"replies":[{"embeddable":true,"href":"https:\/\/conlumina.com\/sv\/wp-json\/wp\/v2\/comments?post=300"}],"version-history":[{"count":5,"href":"https:\/\/conlumina.com\/sv\/wp-json\/wp\/v2\/pages\/300\/revisions"}],"predecessor-version":[{"id":1279,"href":"https:\/\/conlumina.com\/sv\/wp-json\/wp\/v2\/pages\/300\/revisions\/1279"}],"wp:attachment":[{"href":"https:\/\/conlumina.com\/sv\/wp-json\/wp\/v2\/media?parent=300"}],"wp:term":[{"taxonomy":"category","embeddable":true,"href":"https:\/\/conlumina.com\/sv\/wp-json\/wp\/v2\/categories?post=300"}],"curies":[{"name":"wp","href":"https:\/\/api.w.org\/{rel}","templated":true}]}}