{"id":322,"date":"2022-07-21T23:44:49","date_gmt":"2022-07-21T21:44:49","guid":{"rendered":"https:\/\/conlumina.com\/?page_id=322"},"modified":"2025-02-10T19:51:11","modified_gmt":"2025-02-10T18:51:11","slug":"om","status":"publish","type":"page","link":"https:\/\/conlumina.com\/sv\/about\/","title":{"rendered":"Om oss"},"content":{"rendered":"","protected":false},"excerpt":{"rendered":"<p>Conlumina \u00e4r en h\u00e5llbar webbyr\u00e5 som arbetar med att skapa h\u00f6gpresterande, anv\u00e4ndarcentrerade och milj\u00f6medvetna webbl\u00f6sningar. Vi str\u00e4var efter det allra b\u00e4sta inom WordPress och webbstandarder.<\/p>","protected":false},"author":1,"featured_media":0,"parent":0,"menu_order":0,"comment_status":"closed","ping_status":"closed","template":"","meta":{"_seopress_robots_primary_cat":"","_seopress_titles_title":"","_seopress_titles_desc":"Based in Stockholm and Berlin, we are a full-service WordPress development company, with a strong focus on usability, aesthetics, and performance.","_seopress_robots_index":"","footnotes":""},"categories":[],"class_list":["post-322","page","type-page","status-publish","hentry"],"meta_box":{"ticker_image":[],"related_testimonial":"","section_group":[{"section_type":"template","section_title":"features"},{"section_type":"template","section_title":"about"}]},"_links":{"self":[{"href":"https:\/\/conlumina.com\/sv\/wp-json\/wp\/v2\/pages\/322","targetHints":{"allow":["GET"]}}],"collection":[{"href":"https:\/\/conlumina.com\/sv\/wp-json\/wp\/v2\/pages"}],"about":[{"href":"https:\/\/conlumina.com\/sv\/wp-json\/wp\/v2\/types\/page"}],"author":[{"embeddable":true,"href":"https:\/\/conlumina.com\/sv\/wp-json\/wp\/v2\/users\/1"}],"replies":[{"embeddable":true,"href":"https:\/\/conlumina.com\/sv\/wp-json\/wp\/v2\/comments?post=322"}],"version-history":[{"count":5,"href":"https:\/\/conlumina.com\/sv\/wp-json\/wp\/v2\/pages\/322\/revisions"}],"predecessor-version":[{"id":2190,"href":"https:\/\/conlumina.com\/sv\/wp-json\/wp\/v2\/pages\/322\/revisions\/2190"}],"wp:attachment":[{"href":"https:\/\/conlumina.com\/sv\/wp-json\/wp\/v2\/media?parent=322"}],"wp:term":[{"taxonomy":"category","embeddable":true,"href":"https:\/\/conlumina.com\/sv\/wp-json\/wp\/v2\/categories?post=322"}],"curies":[{"name":"wp","href":"https:\/\/api.w.org\/{rel}","templated":true}]}}