{"id":431,"date":"2022-10-05T22:54:41","date_gmt":"2022-10-05T20:54:41","guid":{"rendered":"https:\/\/conlumina.com\/?page_id=431"},"modified":"2024-02-10T16:14:41","modified_gmt":"2024-02-10T15:14:41","slug":"tillganglighetsforklaring","status":"publish","type":"page","link":"https:\/\/conlumina.com\/sv\/accessibility-statement\/","title":{"rendered":"Tillg\u00e4nglighetsf\u00f6rklaring"},"content":{"rendered":"<div class=\"padding-bot\">\n<h2 id=\"accessibility\">Tillg\u00e4nglighet<\/h2>\n<p>Conlumina har \u00e5tagit sig att underl\u00e4tta tillg\u00e4ngligheten och anv\u00e4ndbarheten av sin webbplats, conlumina.com, f\u00f6r alla personer med alla f\u00f6rm\u00e5gor. I samarbete med v\u00e5ra interna tillg\u00e4nglighetsexperter har Conlumina till\u00e4mpat och kommer att forts\u00e4tta att till\u00e4mpa de relevanta delarna av World Wide Web Consortium's Web Content Accessibility Guidelines (WCAG) som sin standard f\u00f6r webbtillg\u00e4nglighet. V\u00e5r webbplats testas regelbundet med hj\u00e4lp av hj\u00e4lpmedel som sk\u00e4rml\u00e4sare och sk\u00e4rmf\u00f6rstorare och med anv\u00e4ndare fr\u00e5n handikappgruppen som anv\u00e4nder denna teknik.<\/p>\n<p>Nedan f\u00f6ljer n\u00e5gra av de \u00e5tg\u00e4rder som vi vidtar inom ramen f\u00f6r v\u00e5r tillg\u00e4nglighetspolicy:<\/p>\n<p>Conlumina anlitar erfarna tillg\u00e4nglighetsutvecklare och experter f\u00f6r att genomf\u00f6ra en granskning av webbplatsens tillg\u00e4nglighet och f\u00f6rse Conlumina:s webbplatsutvecklare eller tredjepartsleverant\u00f6rer med specifika rekommendationer f\u00f6r att underl\u00e4tta webbplatsens tillg\u00e4nglighet och \u00f6verensst\u00e4mmelse med WCAG.<\/p>\n<p>V\u00e5rt f\u00f6retags tillg\u00e4nglighetsexperter erbjuder regelbundet utbildning f\u00f6r Conlumina-utvecklare och tredjepartsutvecklare om WCAG- och Section 508-anpassning.<\/p>\n<p>Conlumina kommer fortl\u00f6pande att genomf\u00f6ra regelbundna granskningar av webbplatsens tillg\u00e4nglighet samt testning och utv\u00e4rdering av conlumina.com f\u00f6r att ge prioriterad feedback om \u00f6verensst\u00e4mmelse med WCAG-standarderna.<\/p>\n<p>Conlumina har antagit en policy f\u00f6r tillg\u00e4nglighet till webbplatsen f\u00f6r att st\u00f6dja sitt \u00e5tagande att g\u00f6ra conlumina.com tillg\u00e4nglig.<\/p>\n<\/div>\n<div class=\"padding-bot\">\n<h2 id=\"contact-us-with-your-accessibility-questions\">Kontakta oss med dina fr\u00e5gor om tillg\u00e4nglighet<\/h2>\n<p>Observera att tillg\u00e4ngligheten \u00e4r ett st\u00e4ndigt p\u00e5g\u00e5ende arbete, d\u00e4r vi ser till att nytt inneh\u00e5ll och nya funktioner \u00f6verensst\u00e4mmer med WCAG.  Om du n\u00e4r som helst har specifika fr\u00e5gor eller farh\u00e5gor om tillg\u00e4ngligheten p\u00e5 en viss webbsida p\u00e5 conlumina.com kan du skicka dina fr\u00e5gor och kommentarer till <a href=\"mailto:accessibility@conlumina.com\">accessibility@conlumina.com<\/a>.  Om du st\u00f6ter p\u00e5 ett problem med tillg\u00e4ngligheten, se till att du anger webbsidan i ditt e-postmeddelande, s\u00e5 kommer vi att g\u00f6ra alla rimliga anstr\u00e4ngningar f\u00f6r att g\u00f6ra sidan tillg\u00e4nglig f\u00f6r dig.<\/p>\n<\/div>","protected":false},"excerpt":{"rendered":"<p>Vi har \u00e5tagit oss att underl\u00e4tta tillg\u00e4ngligheten och anv\u00e4ndbarheten av v\u00e5r webbplats f\u00f6r alla m\u00e4nniskor med alla f\u00f6rm\u00e5gor.<\/p>","protected":false},"author":1,"featured_media":0,"parent":0,"menu_order":0,"comment_status":"closed","ping_status":"closed","template":"","meta":{"_seopress_robots_primary_cat":"","_seopress_titles_title":"Accessibility Statement - Conlumina","_seopress_titles_desc":"We are committed to facilitating the accessibility and usability of our website, for all people with all abilities.","_seopress_robots_index":"","footnotes":""},"categories":[],"class_list":["post-431","page","type-page","status-publish","hentry"],"meta_box":{"ticker_image":[],"related_testimonial":"","section_group":[]},"_links":{"self":[{"href":"https:\/\/conlumina.com\/sv\/wp-json\/wp\/v2\/pages\/431","targetHints":{"allow":["GET"]}}],"collection":[{"href":"https:\/\/conlumina.com\/sv\/wp-json\/wp\/v2\/pages"}],"about":[{"href":"https:\/\/conlumina.com\/sv\/wp-json\/wp\/v2\/types\/page"}],"author":[{"embeddable":true,"href":"https:\/\/conlumina.com\/sv\/wp-json\/wp\/v2\/users\/1"}],"replies":[{"embeddable":true,"href":"https:\/\/conlumina.com\/sv\/wp-json\/wp\/v2\/comments?post=431"}],"version-history":[{"count":3,"href":"https:\/\/conlumina.com\/sv\/wp-json\/wp\/v2\/pages\/431\/revisions"}],"predecessor-version":[{"id":673,"href":"https:\/\/conlumina.com\/sv\/wp-json\/wp\/v2\/pages\/431\/revisions\/673"}],"wp:attachment":[{"href":"https:\/\/conlumina.com\/sv\/wp-json\/wp\/v2\/media?parent=431"}],"wp:term":[{"taxonomy":"category","embeddable":true,"href":"https:\/\/conlumina.com\/sv\/wp-json\/wp\/v2\/categories?post=431"}],"curies":[{"name":"wp","href":"https:\/\/api.w.org\/{rel}","templated":true}]}}