{"id":491,"date":"2022-11-02T10:01:01","date_gmt":"2022-11-02T08:01:01","guid":{"rendered":"https:\/\/conlumina.com\/?page_id=491"},"modified":"2022-12-26T12:55:17","modified_gmt":"2022-12-26T10:55:17","slug":"miljopolicy","status":"publish","type":"page","link":"https:\/\/conlumina.com\/sv\/environmental-policy\/","title":{"rendered":"Milj\u00f6policy"},"content":{"rendered":"<h2 id=\"our-environmental-policy\">V\u00e5r milj\u00f6policy<\/h2>\n<ol class=\"numbered\">\n<li>Vi arbetar endast med serverleverant\u00f6rer som \u00e4r milj\u00f6certifierade enligt ISO 14001 och som anv\u00e4nder 100% f\u00f6rnybar el i sina datacenter.<\/li>\n<li>Vi f\u00f6ljer g\u00e4llande milj\u00f6lagstiftning och andra krav, men str\u00e4var efter att \u00f6vertr\u00e4ffa g\u00e4llande lagar, f\u00f6rordningar och andra best\u00e4mmelser i alla v\u00e4sentliga avseenden.<\/li>\n<li>Vi har \u00e5tagit oss att st\u00e4ndigt f\u00f6rb\u00e4ttra v\u00e5r milj\u00f6prestanda, minska f\u00f6retagets f\u00f6rbrukning och minimera transporter.<\/li>\n<li>Vi anv\u00e4nder kollektivtrafik och minimerar resandet genom att till exempel h\u00e5lla m\u00f6ten online.<\/li>\n<li>Vi kommer att arbeta f\u00f6rebyggande och str\u00e4va efter klimatneutralitet genom att bland annat bidra till milj\u00f6organisationer.<\/li>\n<li>Vi utbildar v\u00e5ra anst\u00e4llda i hur de kan vara mer milj\u00f6medvetna i sitt dagliga arbete.<\/li>\n<\/ol>","protected":false},"excerpt":{"rendered":"<p>Conlumina arbetar aktivt f\u00f6r att minska sin milj\u00f6p\u00e5verkan genom st\u00e4ndiga f\u00f6rb\u00e4ttringar. Denna milj\u00f6policy uppdateras \u00e5rligen och de identifierade milj\u00f6aspekterna oms\u00e4tts i handlingsplaner.<\/p>","protected":false},"author":1,"featured_media":0,"parent":0,"menu_order":0,"comment_status":"closed","ping_status":"closed","template":"","meta":{"_seopress_robots_primary_cat":"","_seopress_titles_title":"","_seopress_titles_desc":"","_seopress_robots_index":"","footnotes":""},"categories":[],"class_list":["post-491","page","type-page","status-publish","hentry"],"meta_box":{"ticker_image":[],"related_testimonial":"","section_group":[]},"_links":{"self":[{"href":"https:\/\/conlumina.com\/sv\/wp-json\/wp\/v2\/pages\/491","targetHints":{"allow":["GET"]}}],"collection":[{"href":"https:\/\/conlumina.com\/sv\/wp-json\/wp\/v2\/pages"}],"about":[{"href":"https:\/\/conlumina.com\/sv\/wp-json\/wp\/v2\/types\/page"}],"author":[{"embeddable":true,"href":"https:\/\/conlumina.com\/sv\/wp-json\/wp\/v2\/users\/1"}],"replies":[{"embeddable":true,"href":"https:\/\/conlumina.com\/sv\/wp-json\/wp\/v2\/comments?post=491"}],"version-history":[{"count":5,"href":"https:\/\/conlumina.com\/sv\/wp-json\/wp\/v2\/pages\/491\/revisions"}],"predecessor-version":[{"id":895,"href":"https:\/\/conlumina.com\/sv\/wp-json\/wp\/v2\/pages\/491\/revisions\/895"}],"wp:attachment":[{"href":"https:\/\/conlumina.com\/sv\/wp-json\/wp\/v2\/media?parent=491"}],"wp:term":[{"taxonomy":"category","embeddable":true,"href":"https:\/\/conlumina.com\/sv\/wp-json\/wp\/v2\/categories?post=491"}],"curies":[{"name":"wp","href":"https:\/\/api.w.org\/{rel}","templated":true}]}}