{"id":656,"date":"2022-12-03T15:55:33","date_gmt":"2022-12-03T13:55:33","guid":{"rendered":"https:\/\/conlumina.com\/?page_id=656"},"modified":"2025-01-10T15:47:11","modified_gmt":"2025-01-10T14:47:11","slug":"basta-digitalbyran-i-berlin","status":"publish","type":"page","link":"https:\/\/conlumina.com\/sv\/best-digital-agency-in-berlin\/","title":{"rendered":"B\u00e4sta digitala byr\u00e5n i Berlin?"},"content":{"rendered":"<h2 id=\"a-top-digital-agency-in-berlin\">En toppbyr\u00e5 f\u00f6r digitala tj\u00e4nster i Berlin<\/h2>\n<p>Letar du efter den b\u00e4sta digitala byr\u00e5n i Berlin? D\u00e5 kan det vara slut p\u00e5 ditt s\u00f6kande. Conlumina \u00e4r en liten digitalbyr\u00e5 med full service i Berlin som hj\u00e4lper kunder i Tyskland och v\u00e4rlden \u00f6ver att bli b\u00e4st p\u00e5 n\u00e4tet. Vi designar, utvecklar och marknadsf\u00f6r kvalitativa WordPress-webbplatser f\u00f6r v\u00e4xande f\u00f6retag som kr\u00e4ver l\u00e5ngvariga, flexibla och h\u00f6gpresterande l\u00f6sningar som \u00e4r skr\u00e4ddarsydda f\u00f6r deras unika behov. Med v\u00e5rt starka fokus p\u00e5 anv\u00e4ndbarhet, estetik och prestanda str\u00e4var vi efter att vara den b\u00e4sta digitala byr\u00e5n i Berlin.<\/p>\n<p>Som en boutique WordPress-byr\u00e5 i Berlin str\u00e4var vi efter det allra b\u00e4sta inom WordPress och webbstandarder. V\u00e5ra webbplatser \u00e4r handkodade fr\u00e5n grunden, vilket garanterar att du f\u00e5r en extremt snabb, extremt l\u00e4ttviktig webbplats som kommer med en <a href=\"https:\/\/conlumina.com\/sv\/pagespeed-garanti\/\">garanti f\u00f6r h\u00f6gsta prestanda<\/a>. Vi k\u00e4nner inte till n\u00e5gra andra digitala byr\u00e5er i Berlin som kan h\u00e5lla samma l\u00f6fte.<\/p>\n<p>Tack vare v\u00e5ra <a href=\"https:\/\/conlumina.com\/sv\/enkel-hantering\/\">modul\u00e4ra komponenter<\/a>\u00e4r v\u00e5ra webbplatser flexibla och intuitiva att arbeta med. Ingenting \u00e4r h\u00e5rdkodat, vilket inneb\u00e4r att dina inneh\u00e5llsredakt\u00f6rer kan redigera allt som ska kunna redigeras. Och i takt med att ditt f\u00f6retag v\u00e4xer och utvecklas kan du enkelt bygga ut nya sidor och sektioner utan att riskera att n\u00e5got g\u00e5r s\u00f6nder.<\/p>\n<p>Det som ocks\u00e5 g\u00f6r oss till en av de b\u00e4sta digitala byr\u00e5erna i Berlin \u00e4r v\u00e5r expertis inom digital tillg\u00e4nglighet. V\u00e5ra handgjorda webbsidekomponenter f\u00f6ljer WAI-ARIA-designm\u00f6nstret och ger full tangentbordskontroll. Vi tror att detta g\u00f6r oss till den enda digitala byr\u00e5n i Berlin som erbjuder <a href=\"https:\/\/conlumina.com\/sv\/lika-tillganglighet-for-alla\/\">fullst\u00e4ndig tillg\u00e4nglighet<\/a>\u00a0som standard.<\/p>\n<p>Som en fullservice digitalbyr\u00e5 i Berlin \u00e4r vi mer \u00e4n bara en <a href=\"https:\/\/conlumina.com\/sv\/webbyra\/\">teknisk partner<\/a>. Vi erbjuder sann expertis och holistisk v\u00e4gledning genom hela ert projekt, fr\u00e5n <a href=\"https:\/\/conlumina.com\/sv\/tjanster\/strategi\/\">UX-strategi<\/a>\u00a0och <a href=\"https:\/\/conlumina.com\/sv\/tjanster\/design\/\">UI-design<\/a>\u00a0till <a href=\"https:\/\/conlumina.com\/sv\/tjanster\/innehall\/\">copywriting<\/a> och <a href=\"https:\/\/conlumina.com\/sv\/contentbyra-stockholm\/\">SEO inneh\u00e5llsmarknadsf\u00f6ring<\/a>. Vi erbjuder ocks\u00e5 l\u00f6pande <a href=\"https:\/\/conlumina.com\/sv\/tjanster\/webbforvaltning\/\">underh\u00e5ll<\/a> och o\u00f6vertr\u00e4ffad <a href=\"https:\/\/conlumina.com\/sv\/tjanster\/webbforvaltning\/\">WordPress support<\/a>. Vi anser att den personliga kontakten \u00e4r avg\u00f6rande \u2013 n\u00e4r ni samarbetar med oss kommer vi att behandla ert projekt som om det vore v\u00e5rt eget och ge det all den uppm\u00e4rksamhet och omsorg det beh\u00f6ver.<\/p>\n<p>Sammantaget anser vi att detta g\u00f6r oss till en av de b\u00e4sta digitala marknadsf\u00f6ringsbyr\u00e5erna i Berlin, om inte den b\u00e4sta digitala marknadsf\u00f6ringsbyr\u00e5n i Berlin. Som en boutique digitalbyr\u00e5 i Berlin kan vi erbjuda dig snabb och v\u00e4nlig service och ett n\u00e4ra samarbete genom alla projektfaser. Vi levererar i tid och inom budget, och \u00e4r engagerade i att ge dig en polerad, genomt\u00e4nkt produkt - en som kan sticka ut och g\u00f6ra skillnad.<\/p>\n<p>Se <a href=\"https:\/\/conlumina.com\/sv\/projekt\/\">v\u00e5ra projekt<\/a>, utforska <a href=\"https:\/\/conlumina.com\/sv\/tjanster\/\">v\u00e5ra tj\u00e4nster<\/a>, och <a href=\"https:\/\/conlumina.com\/sv\/kontakta\/\">boka en kostnadsfri konsultation<\/a> med oss i dag.<\/p>","protected":false},"excerpt":{"rendered":"<p>Vi \u00e4r en digital byr\u00e5 med full service i Berlin som designar, utvecklar och marknadsf\u00f6r WordPress-webbplatser av h\u00f6g kvalitet f\u00f6r v\u00e4xande f\u00f6retag. Med v\u00e5rt starka fokus p\u00e5 kvalitet har vi blivit utn\u00e4mnda till en av de b\u00e4sta digitala byr\u00e5erna i Berlin.<\/p>","protected":false},"author":1,"featured_media":2162,"parent":0,"menu_order":0,"comment_status":"closed","ping_status":"closed","template":"","meta":{"_seopress_robots_primary_cat":"","_seopress_titles_title":"","_seopress_titles_desc":"","_seopress_robots_index":"","footnotes":""},"categories":[],"class_list":["post-656","page","type-page","status-publish","has-post-thumbnail","hentry"],"meta_box":{"ticker_image":[],"related_testimonial":"","section_group":[{"section_type":"cta"}]},"_links":{"self":[{"href":"https:\/\/conlumina.com\/sv\/wp-json\/wp\/v2\/pages\/656","targetHints":{"allow":["GET"]}}],"collection":[{"href":"https:\/\/conlumina.com\/sv\/wp-json\/wp\/v2\/pages"}],"about":[{"href":"https:\/\/conlumina.com\/sv\/wp-json\/wp\/v2\/types\/page"}],"author":[{"embeddable":true,"href":"https:\/\/conlumina.com\/sv\/wp-json\/wp\/v2\/users\/1"}],"replies":[{"embeddable":true,"href":"https:\/\/conlumina.com\/sv\/wp-json\/wp\/v2\/comments?post=656"}],"version-history":[{"count":5,"href":"https:\/\/conlumina.com\/sv\/wp-json\/wp\/v2\/pages\/656\/revisions"}],"predecessor-version":[{"id":2163,"href":"https:\/\/conlumina.com\/sv\/wp-json\/wp\/v2\/pages\/656\/revisions\/2163"}],"wp:featuredmedia":[{"embeddable":true,"href":"https:\/\/conlumina.com\/sv\/wp-json\/wp\/v2\/media\/2162"}],"wp:attachment":[{"href":"https:\/\/conlumina.com\/sv\/wp-json\/wp\/v2\/media?parent=656"}],"wp:term":[{"taxonomy":"category","embeddable":true,"href":"https:\/\/conlumina.com\/sv\/wp-json\/wp\/v2\/categories?post=656"}],"curies":[{"name":"wp","href":"https:\/\/api.w.org\/{rel}","templated":true}]}}