{"id":791,"date":"2022-12-13T22:08:04","date_gmt":"2022-12-13T20:08:04","guid":{"rendered":"https:\/\/conlumina.com\/?page_id=791"},"modified":"2024-02-10T16:13:02","modified_gmt":"2024-02-10T15:13:02","slug":"enkel-hantering","status":"publish","type":"page","link":"https:\/\/conlumina.com\/sv\/easy-management\/","title":{"rendered":"Enkel hantering"},"content":{"rendered":"<h2 id=\"worry-free-content-updates\">Uppdateringar av inneh\u00e5ll utan bekymmer<\/h2>\n<p>V\u00e5rt fokus p\u00e5 anv\u00e4ndbarhet omfattar dig - den person eller det team som hanterar webbplatsens inneh\u00e5ll.<\/p>\n<p>P\u00e5 v\u00e5ra webbplatser \u00e4r ingenting h\u00e5rdkodat. Det inneb\u00e4r att du enkelt kan redigera allt som \u00e4r avsett att redigeras - texter, rubriker, l\u00e4nkar, bilder och i stort sett allt som \u00e4r synligt i fronten - utan att beh\u00f6va oroa dig f\u00f6r att n\u00e5got p\u00e5 webbplatsen ska g\u00e5 s\u00f6nder.<\/p>\n<p><img loading=\"lazy\" decoding=\"async\" class=\"aligncenter size-large wp-image-1132\" src=\"https:\/\/conlumina.com\/wp-content\/uploads\/2023\/01\/custom-fields-1024x314.jpg\" alt=\"\" width=\"1024\" height=\"314\" srcset=\"https:\/\/conlumina.com\/wp-content\/uploads\/2023\/01\/custom-fields-1024x314.jpg 1024w, https:\/\/conlumina.com\/wp-content\/uploads\/2023\/01\/custom-fields-300x92.jpg 300w, https:\/\/conlumina.com\/wp-content\/uploads\/2023\/01\/custom-fields-624x191.jpg 624w, https:\/\/conlumina.com\/wp-content\/uploads\/2023\/01\/custom-fields-18x6.jpg 18w, https:\/\/conlumina.com\/wp-content\/uploads\/2023\/01\/custom-fields.jpg 1177w\" sizes=\"auto, (max-width: 1024px) 100vw, 1024px\" \/><\/p>\n<h2 id=\"add-sections-and-features\">L\u00e4gg till sektioner och funktioner<\/h2>\n<p>Tack vare den modul\u00e4ra arkitekturen p\u00e5 v\u00e5ra webbplatser \u00e4r det ocks\u00e5 l\u00e4tt f\u00f6r oss att g\u00f6ra de \u00e4ndringar av webbplatsen som du kan beh\u00f6va i framtiden.<\/p>\n<p>\u00c4nnu b\u00e4ttre, det kan du ocks\u00e5! Med ett klick p\u00e5 en knapp kan du l\u00e4gga till nya sektioner och funktioner p\u00e5 vilken sida som helst. Vi kommer i f\u00f6rv\u00e4g \u00f6verens om vilka delar av designen som du kanske vill \u00e5teranv\u00e4nda, och f\u00f6rvandlar sedan dessa delar till \u00e5teranv\u00e4ndbara komponenter som kan s\u00e4ttas in var som helst p\u00e5 webbplatsen.<\/p>\n<p>Det inneb\u00e4r att du enkelt kan bygga ut befintliga sidor eller skapa helt nya sidor som \u00e4r lika varierande och estetiskt tilltalande som de sidor vi ursprungligen utformade \u00e5t dig.<\/p>\n<p><img loading=\"lazy\" decoding=\"async\" class=\"aligncenter size-large wp-image-1130\" src=\"https:\/\/conlumina.com\/wp-content\/uploads\/2023\/01\/custom-sections-1024x361.png\" alt=\"\" width=\"1024\" height=\"361\" srcset=\"https:\/\/conlumina.com\/wp-content\/uploads\/2023\/01\/custom-sections-1024x361.png 1024w, https:\/\/conlumina.com\/wp-content\/uploads\/2023\/01\/custom-sections-300x106.png 300w, https:\/\/conlumina.com\/wp-content\/uploads\/2023\/01\/custom-sections-624x220.png 624w, https:\/\/conlumina.com\/wp-content\/uploads\/2023\/01\/custom-sections-18x6.png 18w, https:\/\/conlumina.com\/wp-content\/uploads\/2023\/01\/custom-sections.png 1165w\" sizes=\"auto, (max-width: 1024px) 100vw, 1024px\" \/><\/p>\n<h2 id=\"interactive-documentation\">Interaktiv dokumentation<\/h2>\n<p>Om du beh\u00f6ver hj\u00e4lp med att f\u00f6rst\u00e5 hur n\u00e5got fungerar kan du hitta den dokumentation som vi har skapat f\u00f6r dig p\u00e5 webbplatsen, som \u00e4r l\u00e4ttillg\u00e4nglig fr\u00e5n WordPress administrationsomr\u00e5de. Dokumentationen ger interaktiv, stegvis v\u00e4gledning f\u00f6r alla anpassade funktioner som vi har byggt \u00e5t dig. Det kan inte vara enklare att f\u00f6lja med!<\/p>\n<p><img loading=\"lazy\" decoding=\"async\" class=\"aligncenter size-large wp-image-1128\" src=\"https:\/\/conlumina.com\/wp-content\/uploads\/2023\/01\/docs-workflow-432x1024.jpg\" alt=\"\" width=\"432\" height=\"1024\" srcset=\"https:\/\/conlumina.com\/wp-content\/uploads\/2023\/01\/docs-workflow-432x1024.jpg 432w, https:\/\/conlumina.com\/wp-content\/uploads\/2023\/01\/docs-workflow-126x300.jpg 126w, https:\/\/conlumina.com\/wp-content\/uploads\/2023\/01\/docs-workflow-5x12.jpg 5w, https:\/\/conlumina.com\/wp-content\/uploads\/2023\/01\/docs-workflow.jpg 524w\" sizes=\"auto, (max-width: 432px) 100vw, 432px\" \/><\/p>\n<h2 id=\"help-desk-support\">Helpdesk<\/h2>\n<p>Om du fortfarande beh\u00f6ver v\u00e5r hj\u00e4lp med n\u00e5got kan du alltid ringa oss eller kontakta oss direkt fr\u00e5n din WordPress-instrumentpanel. Vi finns d\u00e4r f\u00f6r dig hela tiden.<\/p>","protected":false},"excerpt":{"rendered":"<p>I takt med att ditt f\u00f6retag v\u00e4xer och utvecklas b\u00f6r \u00e4ven din webbplats utvecklas. Med v\u00e5rt modul\u00e4ra komponentsystem kan du enkelt l\u00e4gga till nya funktioner och sektioner p\u00e5 webbplatsen. Utan att riskera att bryta designen.<\/p>","protected":false},"author":1,"featured_media":0,"parent":0,"menu_order":0,"comment_status":"closed","ping_status":"closed","template":"","meta":{"_seopress_robots_primary_cat":"","_seopress_titles_title":"","_seopress_titles_desc":"As your business grows and evolves, so should your website. Edit anything that meets the eye, and easily build out the site yourself.","_seopress_robots_index":"","footnotes":""},"categories":[],"class_list":["post-791","page","type-page","status-publish","hentry"],"meta_box":{"ticker_image":[],"related_testimonial":"","section_group":[{"section_type":"cta"},{"section_type":"wysiwyg","section_wysiwyg":"<h3>Did you know?<\/h3>\r\nApart from being incredibly flexible and easy to work with, our websites also come with a <a href=\"https:\/\/conlumina.com\/pagespeed-guarantee\/\">top performance guarantee<\/a>, and are <a href=\"https:\/\/conlumina.com\/equal-access\/\">fully accessible<\/a>."}]},"_links":{"self":[{"href":"https:\/\/conlumina.com\/sv\/wp-json\/wp\/v2\/pages\/791","targetHints":{"allow":["GET"]}}],"collection":[{"href":"https:\/\/conlumina.com\/sv\/wp-json\/wp\/v2\/pages"}],"about":[{"href":"https:\/\/conlumina.com\/sv\/wp-json\/wp\/v2\/types\/page"}],"author":[{"embeddable":true,"href":"https:\/\/conlumina.com\/sv\/wp-json\/wp\/v2\/users\/1"}],"replies":[{"embeddable":true,"href":"https:\/\/conlumina.com\/sv\/wp-json\/wp\/v2\/comments?post=791"}],"version-history":[{"count":5,"href":"https:\/\/conlumina.com\/sv\/wp-json\/wp\/v2\/pages\/791\/revisions"}],"predecessor-version":[{"id":1133,"href":"https:\/\/conlumina.com\/sv\/wp-json\/wp\/v2\/pages\/791\/revisions\/1133"}],"wp:attachment":[{"href":"https:\/\/conlumina.com\/sv\/wp-json\/wp\/v2\/media?parent=791"}],"wp:term":[{"taxonomy":"category","embeddable":true,"href":"https:\/\/conlumina.com\/sv\/wp-json\/wp\/v2\/categories?post=791"}],"curies":[{"name":"wp","href":"https:\/\/api.w.org\/{rel}","templated":true}]}}