{"id":797,"date":"2022-12-13T22:31:31","date_gmt":"2022-12-13T20:31:31","guid":{"rendered":"https:\/\/conlumina.com\/?page_id=797"},"modified":"2024-05-14T15:18:27","modified_gmt":"2024-05-14T13:18:27","slug":"webbplatspaket","status":"publish","type":"page","link":"https:\/\/conlumina.com\/sv\/website-plans\/","title":{"rendered":"Hyr en hemsida"},"content":{"rendered":"","protected":false},"excerpt":{"rendered":"<p>Denna sida h\u00e5ller p\u00e5 att uppdateras. Kontakta oss om du vill veta mer om v\u00e5ra allomfattande planer f\u00f6r webbplatser och digital marknadsf\u00f6ring till en l\u00e5g m\u00e5nadskostnad.<\/p>","protected":false},"author":1,"featured_media":0,"parent":0,"menu_order":0,"comment_status":"closed","ping_status":"closed","template":"","meta":{"_seopress_robots_primary_cat":"","_seopress_titles_title":"","_seopress_titles_desc":"","_seopress_robots_index":"","footnotes":""},"categories":[],"class_list":["post-797","page","type-page","status-publish","hentry"],"meta_box":{"ticker_image":[],"related_testimonial":"","section_group":[]},"_links":{"self":[{"href":"https:\/\/conlumina.com\/sv\/wp-json\/wp\/v2\/pages\/797","targetHints":{"allow":["GET"]}}],"collection":[{"href":"https:\/\/conlumina.com\/sv\/wp-json\/wp\/v2\/pages"}],"about":[{"href":"https:\/\/conlumina.com\/sv\/wp-json\/wp\/v2\/types\/page"}],"author":[{"embeddable":true,"href":"https:\/\/conlumina.com\/sv\/wp-json\/wp\/v2\/users\/1"}],"replies":[{"embeddable":true,"href":"https:\/\/conlumina.com\/sv\/wp-json\/wp\/v2\/comments?post=797"}],"version-history":[{"count":5,"href":"https:\/\/conlumina.com\/sv\/wp-json\/wp\/v2\/pages\/797\/revisions"}],"predecessor-version":[{"id":1810,"href":"https:\/\/conlumina.com\/sv\/wp-json\/wp\/v2\/pages\/797\/revisions\/1810"}],"wp:attachment":[{"href":"https:\/\/conlumina.com\/sv\/wp-json\/wp\/v2\/media?parent=797"}],"wp:term":[{"taxonomy":"category","embeddable":true,"href":"https:\/\/conlumina.com\/sv\/wp-json\/wp\/v2\/categories?post=797"}],"curies":[{"name":"wp","href":"https:\/\/api.w.org\/{rel}","templated":true}]}}