{"id":808,"date":"2022-12-15T20:28:43","date_gmt":"2022-12-15T18:28:43","guid":{"rendered":"https:\/\/conlumina.com\/?page_id=808"},"modified":"2022-12-16T15:50:37","modified_gmt":"2022-12-16T13:50:37","slug":"hanvisningsprogram","status":"publish","type":"page","link":"https:\/\/conlumina.com\/sv\/client-referral-program\/","title":{"rendered":"H\u00e4nvisningsprogram"},"content":{"rendered":"<h2 id=\"high-paying-affiliate-program\">Vi betalar f\u00f6r dina tips!<\/h2>\n<p>Vi uppskattar verkligen tips p\u00e5 nya uppdrag och bel\u00f6nar dig rej\u00e4lt f\u00f6r att du hj\u00e4lper oss att hitta nya aff\u00e4rsm\u00f6jligheter. Genom att g\u00e5 med i v\u00e5rt h\u00e4nvisningsprogram kan du tj\u00e4na en provision p\u00e5 \u00f6ver 10 000 kronor f\u00f6r varje ny kund som du h\u00e4nvisar till oss.<\/p>\n<p>Som aff\u00e4rsutvecklare f\u00f6r v\u00e5r digitalbyr\u00e5 betalar vi dig 500 kronor f\u00f6r varje bokat m\u00f6te, plus en provision p\u00e5 10% upp till 10 000 kronor f\u00f6r varje undertecknat avtal. <\/p>\n<p>Allt du beh\u00f6ver g\u00f6ra \u00e4r att skicka oss ett e-postmeddelande.<\/p>\n<h2 id=\"are-you\">\u00c4r du...<\/h2>\n<ul>\n<li>En byr\u00e5 med fler m\u00f6jligheter \u00e4n du kan hantera?<\/li>\n<li>En av v\u00e5ra befintliga kunder?<\/li>\n<li>N\u00e5gon som talar med m\u00e5nga f\u00f6retag?<\/li>\n<li>Eller bara n\u00e5gon som r\u00e5kar k\u00e4nna n\u00e5gon?<\/li>\n<\/ul>\n<p>Det spelar egentligen ingen roll. Vem som helst kan dra nytta av v\u00e5rt h\u00e4nvisningsprogram.<\/p>\n<h2 id=\"how-does-it-work\">Hur fungerar det?<\/h2>\n<ol class=\"numbered\">\n<li>Du k\u00e4nner ett f\u00f6retag som beh\u00f6ver n\u00e5gon av v\u00e5ra tj\u00e4nster, t.ex. webbdesign och utveckling, SEO eller inneh\u00e5llsmarknadsf\u00f6ring f\u00f6r sin webbplats.<\/li>\n<li>Du l\u00e5ter oss veta att du kommer att h\u00e4nvisa f\u00f6retaget till oss eller ger oss lite information om f\u00f6retaget s\u00e5 att vi kan kontakta dem.<\/li>\n<li>Om vi bokar ett m\u00f6te med din referens f\u00e5r du 500 kronor direkt.<\/li>\n<li>Om vi tecknar ett avtal med f\u00f6retaget f\u00e5r du en provision p\u00e5 upp till 10 000 kronor.<\/li>\n<\/ol>\n<p>Det finns ingen gr\u00e4ns f\u00f6r hur m\u00e5nga kunder du kan h\u00e4nvisa till oss. Ju fler desto b\u00e4ttre!<\/p>\n<h2 id=\"start-earning-today\">B\u00f6rja tj\u00e4na pengar idag!<\/h2>\n<p>Om du vill veta mer om v\u00e5rt program f\u00f6r att rekommendera kunder till webbyr\u00e5er kan du skicka ett e-postmeddelande till oss p\u00e5 <a href=\"mailto:referrals@conlumina.com\">referrals@conlumina.com<\/a> s\u00e5 tar vi samtalet d\u00e4rifr\u00e5n.<\/p>\n<p>Vi ser fram emot att samarbeta med dig!<\/p>","protected":false},"excerpt":{"rendered":"<p>K\u00e4nner du ett f\u00f6retag som vill ha en ny webbplats eller hj\u00e4lp med sin digitala marknadsf\u00f6ring? H\u00e4nvisa dem till oss s\u00e5 betalar vi dig 500 kronor f\u00f6r varje bokat m\u00f6te, plus en provision p\u00e5 upp till 10 000 kronor f\u00f6r varje undertecknat kontrakt.<\/p>","protected":false},"author":1,"featured_media":0,"parent":0,"menu_order":0,"comment_status":"closed","ping_status":"closed","template":"","meta":{"_seopress_robots_primary_cat":"","_seopress_titles_title":"","_seopress_titles_desc":"","_seopress_robots_index":"","footnotes":""},"categories":[],"class_list":["post-808","page","type-page","status-publish","hentry"],"meta_box":{"ticker_image":[],"related_testimonial":"","section_group":[]},"_links":{"self":[{"href":"https:\/\/conlumina.com\/sv\/wp-json\/wp\/v2\/pages\/808","targetHints":{"allow":["GET"]}}],"collection":[{"href":"https:\/\/conlumina.com\/sv\/wp-json\/wp\/v2\/pages"}],"about":[{"href":"https:\/\/conlumina.com\/sv\/wp-json\/wp\/v2\/types\/page"}],"author":[{"embeddable":true,"href":"https:\/\/conlumina.com\/sv\/wp-json\/wp\/v2\/users\/1"}],"replies":[{"embeddable":true,"href":"https:\/\/conlumina.com\/sv\/wp-json\/wp\/v2\/comments?post=808"}],"version-history":[{"count":5,"href":"https:\/\/conlumina.com\/sv\/wp-json\/wp\/v2\/pages\/808\/revisions"}],"predecessor-version":[{"id":817,"href":"https:\/\/conlumina.com\/sv\/wp-json\/wp\/v2\/pages\/808\/revisions\/817"}],"wp:attachment":[{"href":"https:\/\/conlumina.com\/sv\/wp-json\/wp\/v2\/media?parent=808"}],"wp:term":[{"taxonomy":"category","embeddable":true,"href":"https:\/\/conlumina.com\/sv\/wp-json\/wp\/v2\/categories?post=808"}],"curies":[{"name":"wp","href":"https:\/\/api.w.org\/{rel}","templated":true}]}}