{"id":900,"date":"2022-12-26T22:01:46","date_gmt":"2022-12-26T20:01:46","guid":{"rendered":"https:\/\/conlumina.com\/?page_id=900"},"modified":"2024-02-10T16:05:06","modified_gmt":"2024-02-10T15:05:06","slug":"lika-tillganglighet-for-alla","status":"publish","type":"page","link":"https:\/\/conlumina.com\/sv\/equal-access\/","title":{"rendered":"Lika tillg\u00e4nglighet f\u00f6r alla"},"content":{"rendered":"<h2 id=\"accessible-wordpress-websites\">Tillg\u00e4ngliga WordPress-webbplatser<\/h2>\n<p>En bra webbplats \u00e4r en tillg\u00e4nglig webbplats. N\u00e4r du anlitar oss f\u00f6r att bygga en webbplats i WordPress f\u00e5r du en webbplats som \u00e4r utformad och konstruerad f\u00f6r att kunna anv\u00e4ndas av s\u00e5 m\u00e5nga m\u00e4nniskor som m\u00f6jligt, inklusive personer med funktionshinder.<\/p>\n<p>F\u00f6r att ge alla en optimal anv\u00e4ndarupplevelse ser vi till att de webbplatser vi bygger \u00e4r kompatibla med hj\u00e4lpmedel som sk\u00e4rml\u00e4sare och uppfyller standarder och riktlinjer f\u00f6r tillg\u00e4nglighet, t.ex. riktlinjerna f\u00f6r tillg\u00e4nglighet till webbinneh\u00e5ll (WCAG).<\/p>\n<p>Dessutom f\u00f6ljer v\u00e5ra egenutvecklade webbkomponenter designm\u00f6nstret WAI-ARIA (Web Accessibility Initiative - Accessible Rich Internet Applications) och g\u00e5r att styra med tangentbordet.<\/p>\n<p>Det g\u00f6r att vi ligger steget f\u00f6re de allra flesta webbyr\u00e5er.<\/p>\n<h3 id=\"dont-just-take-it-from-us\">K\u00e4lla p\u00e5 det?<\/h3>\n<p>I bilden nedan kan du se hur en av v\u00e5ra webbplatser st\u00e5r sig i ett automatiserat tillg\u00e4nglighetstest fr\u00e5n <a href=\"https:\/\/www.siteimprove.com\/platform\/accessibility\/\" target=\"_blank\" rel=\"noopener\">Siteimprove<\/a> . Testet baseras p\u00e5 WCAG:s framg\u00e5ngskriterier som kategoriseras i niv\u00e5erna A, AA och AAA. Som du kan se har webbplatsen klarat sig utm\u00e4rkt i alla kategorier, vilket resulterar i 100 av 100 po\u00e4ng.<\/p>\n<figure id=\"happyfiles-gallery-vebjvh\" class=\"happyfiles-gallery lightbox\"><ul class=\"no-crop\" data-col=\"1\"><li class=\"item\" data-src=\"https:\/\/conlumina.com\/wp-content\/uploads\/2022\/11\/aiolos-aaa-1024x338.jpg\"><figure><img loading=\"lazy\" decoding=\"async\" width=\"1024\" height=\"338\" src=\"https:\/\/conlumina.com\/wp-content\/uploads\/2022\/11\/aiolos-aaa-1024x338.jpg\" class=\"attachment-large size-large\" alt=\"webbyr\u00e5 WCAG digital tillg\u00e4nglighet\" srcset=\"https:\/\/conlumina.com\/wp-content\/uploads\/2022\/11\/aiolos-aaa-1024x338.jpg 1024w, https:\/\/conlumina.com\/wp-content\/uploads\/2022\/11\/aiolos-aaa-300x99.jpg 300w, https:\/\/conlumina.com\/wp-content\/uploads\/2022\/11\/aiolos-aaa-624x206.jpg 624w, https:\/\/conlumina.com\/wp-content\/uploads\/2022\/11\/aiolos-aaa-18x6.jpg 18w, https:\/\/conlumina.com\/wp-content\/uploads\/2022\/11\/aiolos-aaa.jpg 1474w\" sizes=\"auto, (max-width: 1024px) 100vw, 1024px\" \/><\/figure><\/li><\/ul><\/figure>\n<p>Den mest intressanta delen? Tillg\u00e4nglighet var i det h\u00e4r fallet inte ens en del av uppdraget. Det h\u00e4r \u00e4r helt enkelt resultatet av v\u00e5ra vanliga programmeringsstandarder.<\/p>","protected":false},"excerpt":{"rendered":"<p>En bra webbplats \u00e4r en tillg\u00e4nglig webbplats. V\u00e5ra WordPress-webbplatser uppfyller tillg\u00e4nglighetsstandarder och riktlinjer, st\u00f6der hj\u00e4lpmedel och navigering med tangentbordet.<\/p>","protected":false},"author":1,"featured_media":0,"parent":0,"menu_order":0,"comment_status":"closed","ping_status":"closed","template":"","meta":{"_seopress_robots_primary_cat":"","_seopress_titles_title":"","_seopress_titles_desc":"A quality website is an accessible website. Our websites support assistive technologies and meet accessibility standards and guidelines.","_seopress_robots_index":"","footnotes":""},"categories":[],"class_list":["post-900","page","type-page","status-publish","hentry"],"meta_box":{"ticker_image":[],"related_testimonial":"","section_group":[{"section_type":"cards","section_title":"Accessible Web Components","section_content":"Our hand-crafted web components are built with accessibility in mind.","section_cards":[{"section_card_title":"WAI-ARIA compliant","section_card_content":"Our building blocks follow the WAI-ARIA guidelines, ensuring correct accessibility semantics and behaviours."},{"section_card_title":"Keyboard navigation","section_card_content":"All UI elements provide full keyboard support where users expect to use a keyboard or other input devices."},{"section_card_title":"Focus management","section_card_content":"Our components are programmed to handle which element has focus and can receive input."},{"section_card_title":"Screen reader tested","section_card_content":"We test all components with common assistive technologies, looking out for practical issues that people may experience."}]},{"section_type":"cta"},{"section_type":"faq","section_title":"Frequently Asked Questions","section_faq_items":[{"section_question":"What is accessible web development?","section_answer":"There are several principles that are central to accessible web development, including:\r\n<ul>\r\n \t<li><strong>Perceivable<\/strong>: Information and user interface elements should be presented in a way that is easy for users to see, hear, and understand.<\/li>\r\n \t<li><strong>Operable<\/strong>: The user interface should be easy to use and navigate, regardless of the device or input method being used.<\/li>\r\n \t<li><strong>Understandable<\/strong>: The website should be easy to understand, with clear and concise instructions and information.<\/li>\r\n \t<li><strong>Robust<\/strong>: The website should be compatible with a wide range of technologies and devices, including assistive technologies.<\/li>\r\n<\/ul>\r\nBy following these principles and adhering to accessibility guidelines and standards, developers can create websites that are usable by as many people as possible, including those with disabilities."},{"section_question":"What is the difference between WCAG and WAI-ARIA?","section_answer":"The Web Content Accessibility Guidelines (WCAG) and the Web Accessibility Initiative - Accessible Rich Internet Applications (WAI-ARIA) are two different sets of guidelines that are related to web accessibility. While they have some overlap, they serve different purposes and are used in different ways.\r\n\r\nWCAG is a set of guidelines developed by the World Wide Web Consortium (W3C) that provides standards for making web content more accessible to people with disabilities. It covers a wide range of topics, including how to make text and images accessible, how to design forms and controls that are easy to use, and how to ensure that websites are compatible with assistive technologies.\r\n\r\nWAI-ARIA, on the other hand, is a set of guidelines specifically focused on making web content that uses dynamic content and user interface elements (such as JavaScript or AJAX) more accessible to people with disabilities. It provides a way to annotate and describe the purpose and status of these elements, so that they can be understood by assistive technologies and made more usable by users.\r\n\r\nIn general, WCAG provides broad guidelines for making web content more accessible, while WAI-ARIA provides specific techniques for making dynamic web content more accessible. Both sets of guidelines are important for creating accessible web content, so here at Conlumina we follow both in order to create websites that are usable by as many people as possible."},{"section_question":"What are the risks of having a non-accessible website? ","section_answer":"An accessible website is no longer a nice-to-have, but a must. Lawsuits related to web accessibility are on the rise and you can expect increased regulations as accessibility laws catch up with technology. With an accessible website you can lower your risk of costly legal issues and damage to your brand\u2019s reputation."},{"section_question":"Is an accessible website required for a EU company?","section_answer":"By July 2025, the European Accessibility Act (EAA), adopted by the EU in 2019, must be enforced in all member states. Member states are in charge of enforcing their own penalties for noncompliance, which should be \u201ceffective, proportionate, and dissuasive.\u201d"}]},{"section_type":"wysiwyg","section_wysiwyg":"<h3>Did you know?<\/h3>\r\nApart from being fully accessible, our websites come with a <a href=\"https:\/\/conlumina.com\/pagespeed-guarantee\/\">top performance guarantee<\/a> and are incredibly <a href=\"https:\/\/conlumina.com\/easy-management\/\">easy to work with<\/a>."}]},"_links":{"self":[{"href":"https:\/\/conlumina.com\/sv\/wp-json\/wp\/v2\/pages\/900","targetHints":{"allow":["GET"]}}],"collection":[{"href":"https:\/\/conlumina.com\/sv\/wp-json\/wp\/v2\/pages"}],"about":[{"href":"https:\/\/conlumina.com\/sv\/wp-json\/wp\/v2\/types\/page"}],"author":[{"embeddable":true,"href":"https:\/\/conlumina.com\/sv\/wp-json\/wp\/v2\/users\/1"}],"replies":[{"embeddable":true,"href":"https:\/\/conlumina.com\/sv\/wp-json\/wp\/v2\/comments?post=900"}],"version-history":[{"count":5,"href":"https:\/\/conlumina.com\/sv\/wp-json\/wp\/v2\/pages\/900\/revisions"}],"predecessor-version":[{"id":1675,"href":"https:\/\/conlumina.com\/sv\/wp-json\/wp\/v2\/pages\/900\/revisions\/1675"}],"wp:attachment":[{"href":"https:\/\/conlumina.com\/sv\/wp-json\/wp\/v2\/media?parent=900"}],"wp:term":[{"taxonomy":"category","embeddable":true,"href":"https:\/\/conlumina.com\/sv\/wp-json\/wp\/v2\/categories?post=900"}],"curies":[{"name":"wp","href":"https:\/\/api.w.org\/{rel}","templated":true}]}}